{"id":100,"date":"2018-02-17T15:20:23","date_gmt":"2018-02-17T14:20:23","guid":{"rendered":"http:\/\/www.xn--empirsllskapet-bib.se\/?page_id=100"},"modified":"2018-02-18T15:19:53","modified_gmt":"2018-02-18T14:19:53","slug":"sir-roger-de-coverley","status":"publish","type":"page","link":"https:\/\/www.xn--empirsllskapet-bib.se\/index.php\/dans\/sir-roger-de-coverley\/","title":{"rendered":"Sir Roger de Coverley"},"content":{"rendered":"<p><em>Musik:\u00a0<\/em>Fyrtakt.\u00a0\u00a0<a title=\"\" href=\"http:\/\/www.traditionalmusic.co.uk\/pub-session-tunes\/009429.HTM\" target=\"_blank\" rel=\"noopener\">H\u00e4r hittar du noter med melodi och ackord<\/a><\/p>\n<p><em>Uppst\u00e4llning:<\/em> P\u00e5 led mittemot sin partner (herrar p\u00e5 ett led och damer p\u00e5 ett led)<\/p>\n<p>Dubbelsteg in, dubbelsteg ut. Upprepas.<br \/>\nSidings (h\u00f6ger och v\u00e4nster sida)<br \/>\nArmings (h\u00f6ger och v\u00e4nster varv)<br \/>\nRygg om rygg<br \/>\nEtt varvs omdansning: alla l\u00e4gger v\u00e4nster hand p\u00e5 h\u00f6ger och fattar partnerns korsade h\u00e4nder. Herren har handflatorna upp\u00e5t och damen handflatorna ned\u00e5t.<\/p>\n<p>F\u00f6rsta paret fattar h\u00e4nder och hopsar ner l\u00e4ngs leden och tillbaka (de andra klappar h\u00e4nderna).<br \/>\nDet f\u00f6rsta paret g\u00e5r is\u00e4r och vandrar bakom det egna ledet. De andra sluter upp efter hand. N\u00e4r par ett\u00a0kommer till platsen d\u00e4r leden slutade bildar de ett valv som de andra m\u00f6ts vid och g\u00e5r igenom. Paren radar upp sig mittemot varandra och dansen b\u00f6rjar om.<\/p>\n","protected":false},"excerpt":{"rendered":"<p>Musik:\u00a0Fyrtakt.\u00a0\u00a0H\u00e4r hittar du noter med melodi och ackord Uppst\u00e4llning: P\u00e5 led mittemot sin partner (herrar p\u00e5 ett led och damer p\u00e5 ett led) Dubbelsteg in, dubbelsteg ut. Upprepas. Sidings (h\u00f6ger och v\u00e4nster sida) Armings (h\u00f6ger och v\u00e4nster varv) Rygg om rygg Ett varvs omdansning: alla l\u00e4gger v\u00e4nster hand p\u00e5 h\u00f6ger och fattar partnerns korsade h\u00e4nder. &hellip; <\/p>\n<p class=\"link-more\"><a href=\"https:\/\/www.xn--empirsllskapet-bib.se\/index.php\/dans\/sir-roger-de-coverley\/\" class=\"more-link\">Forts\u00e4tt l\u00e4sa<span class=\"screen-reader-text\"> \u201dSir Roger de Coverley\u201d<\/span><\/a><\/p>\n","protected":false},"author":1,"featured_media":0,"parent":11,"menu_order":0,"comment_status":"closed","ping_status":"closed","template":"","meta":{"footnotes":""},"class_list":["post-100","page","type-page","status-publish","hentry"],"_links":{"self":[{"href":"https:\/\/www.xn--empirsllskapet-bib.se\/index.php\/wp-json\/wp\/v2\/pages\/100","targetHints":{"allow":["GET"]}}],"collection":[{"href":"https:\/\/www.xn--empirsllskapet-bib.se\/index.php\/wp-json\/wp\/v2\/pages"}],"about":[{"href":"https:\/\/www.xn--empirsllskapet-bib.se\/index.php\/wp-json\/wp\/v2\/types\/page"}],"author":[{"embeddable":true,"href":"https:\/\/www.xn--empirsllskapet-bib.se\/index.php\/wp-json\/wp\/v2\/users\/1"}],"replies":[{"embeddable":true,"href":"https:\/\/www.xn--empirsllskapet-bib.se\/index.php\/wp-json\/wp\/v2\/comments?post=100"}],"version-history":[{"count":4,"href":"https:\/\/www.xn--empirsllskapet-bib.se\/index.php\/wp-json\/wp\/v2\/pages\/100\/revisions"}],"predecessor-version":[{"id":265,"href":"https:\/\/www.xn--empirsllskapet-bib.se\/index.php\/wp-json\/wp\/v2\/pages\/100\/revisions\/265"}],"up":[{"embeddable":true,"href":"https:\/\/www.xn--empirsllskapet-bib.se\/index.php\/wp-json\/wp\/v2\/pages\/11"}],"wp:attachment":[{"href":"https:\/\/www.xn--empirsllskapet-bib.se\/index.php\/wp-json\/wp\/v2\/media?parent=100"}],"curies":[{"name":"wp","href":"https:\/\/api.w.org\/{rel}","templated":true}]}}