{"id":102,"date":"2018-02-17T15:22:29","date_gmt":"2018-02-17T14:22:29","guid":{"rendered":"http:\/\/www.xn--empirsllskapet-bib.se\/?page_id=102"},"modified":"2018-02-18T15:09:54","modified_gmt":"2018-02-18T14:09:54","slug":"sellengers-round","status":"publish","type":"page","link":"https:\/\/www.xn--empirsllskapet-bib.se\/index.php\/dans\/sellengers-round\/","title":{"rendered":"Sellenger&#8217;s Round"},"content":{"rendered":"<p><strong><a title=\"\" href=\"http:\/\/www.youtube.com\/watch?v=z276Q2jSZjU\" target=\"_blank\" rel=\"noopener\">H\u00e4r ser du Empirs\u00e4llskapet dansa Sellenger\u00b4s round<\/a><br \/>\n<\/strong><em>Uppst\u00e4llning<\/em>: Parvis i ring<\/p>\n<p><em>Musik:<\/em>\u00a0Fyrtakt. H\u00e4r finns ett exempel p\u00e5 noter: <a href=\"http:\/\/www.traditionalmusic.co.uk\/sfo\/music\/009178.HTM#.UiOPbzbPVvk\" target=\"_blank\" rel=\"noopener\">H\u00e4r hittar du noter med melodi och ackord<\/a><\/p>\n<p><em>Vers 1:<\/em> Tv\u00e5 dubbelsteg \u00e5t v\u00e4nster, \u00e5tta g\u00e5ngsteg \u00e5t h\u00f6ger<br \/>\n<em>Vers 2:<\/em> Dubbelsteg in, dubbelsteg ut, upprepas tv\u00e5 g\u00e5nger<br \/>\n<em>Vers 3:<\/em> Sidings med partner<br \/>\n<em>Vers 4:<\/em> Armings med partner<br \/>\n<em>Vers 5:<\/em> Samma som vers 1<\/p>\n<p><em>Refr\u00e4ng<\/em>:<br \/>\nTv\u00e5 enkelsteg in i cirkeln<\/p>\n<p>Dubbelsteg ut ur cirkeln<br \/>\nMot partner: v\u00e4nstersteg, h\u00f6gersteg, snurr om v\u00e4nster axel<br \/>\nTv\u00e5 enkelsteg in i cirkeln<br \/>\nDubbelsteg ut ur cirkeln<br \/>\nMot partner: h\u00f6gersteg, v\u00e4nstersteg, snurr om h\u00f6ger axel (eventuellt runt\u00a0partner)<\/p>\n","protected":false},"excerpt":{"rendered":"<p>H\u00e4r ser du Empirs\u00e4llskapet dansa Sellenger\u00b4s round Uppst\u00e4llning: Parvis i ring Musik:\u00a0Fyrtakt. H\u00e4r finns ett exempel p\u00e5 noter: H\u00e4r hittar du noter med melodi och ackord Vers 1: Tv\u00e5 dubbelsteg \u00e5t v\u00e4nster, \u00e5tta g\u00e5ngsteg \u00e5t h\u00f6ger Vers 2: Dubbelsteg in, dubbelsteg ut, upprepas tv\u00e5 g\u00e5nger Vers 3: Sidings med partner Vers 4: Armings med partner &hellip; <\/p>\n<p class=\"link-more\"><a href=\"https:\/\/www.xn--empirsllskapet-bib.se\/index.php\/dans\/sellengers-round\/\" class=\"more-link\">Forts\u00e4tt l\u00e4sa<span class=\"screen-reader-text\"> \u201dSellenger&#8217;s Round\u201d<\/span><\/a><\/p>\n","protected":false},"author":1,"featured_media":0,"parent":11,"menu_order":0,"comment_status":"closed","ping_status":"closed","template":"","meta":{"footnotes":""},"class_list":["post-102","page","type-page","status-publish","hentry"],"_links":{"self":[{"href":"https:\/\/www.xn--empirsllskapet-bib.se\/index.php\/wp-json\/wp\/v2\/pages\/102","targetHints":{"allow":["GET"]}}],"collection":[{"href":"https:\/\/www.xn--empirsllskapet-bib.se\/index.php\/wp-json\/wp\/v2\/pages"}],"about":[{"href":"https:\/\/www.xn--empirsllskapet-bib.se\/index.php\/wp-json\/wp\/v2\/types\/page"}],"author":[{"embeddable":true,"href":"https:\/\/www.xn--empirsllskapet-bib.se\/index.php\/wp-json\/wp\/v2\/users\/1"}],"replies":[{"embeddable":true,"href":"https:\/\/www.xn--empirsllskapet-bib.se\/index.php\/wp-json\/wp\/v2\/comments?post=102"}],"version-history":[{"count":3,"href":"https:\/\/www.xn--empirsllskapet-bib.se\/index.php\/wp-json\/wp\/v2\/pages\/102\/revisions"}],"predecessor-version":[{"id":259,"href":"https:\/\/www.xn--empirsllskapet-bib.se\/index.php\/wp-json\/wp\/v2\/pages\/102\/revisions\/259"}],"up":[{"embeddable":true,"href":"https:\/\/www.xn--empirsllskapet-bib.se\/index.php\/wp-json\/wp\/v2\/pages\/11"}],"wp:attachment":[{"href":"https:\/\/www.xn--empirsllskapet-bib.se\/index.php\/wp-json\/wp\/v2\/media?parent=102"}],"curies":[{"name":"wp","href":"https:\/\/api.w.org\/{rel}","templated":true}]}}