{"id":104,"date":"2018-02-17T15:23:10","date_gmt":"2018-02-17T14:23:10","guid":{"rendered":"http:\/\/www.xn--empirsllskapet-bib.se\/?page_id=104"},"modified":"2018-02-18T15:06:43","modified_gmt":"2018-02-18T14:06:43","slug":"rufty-tufty","status":"publish","type":"page","link":"https:\/\/www.xn--empirsllskapet-bib.se\/index.php\/dans\/rufty-tufty\/","title":{"rendered":"Rufty Tufty"},"content":{"rendered":"<p><strong><a title=\" target=\" href=\"http:\/\/dancevideos.childgrove.org\/ecd\/playford\/139-rufty-tufty\" target=\"_blank\" rel=\"noopener\">Dansfilm med Rufty Tufty fr\u00e5n Childgroves dansarkiv<\/a><\/strong><\/p>\n<p><em>Uppst\u00e4llning:<\/em> Tv\u00e5 par mot varandra. Uppst\u00e4llningen kan med f\u00f6rdel g\u00f6ras\u00a0med ett flertal fyrgrupper (av tv\u00e5 par). D\u00e5 st\u00e4ller fyrgrupperna upp likt rutorna p\u00e5 ett\u00a0schackbr\u00e4de, med h\u00e4lften av fyrgrupperna (motsvarande de svarta rutorna) vridna 90 grader mot de \u00f6vriga (vita rutorna).<\/p>\n<p><em>Musik:\u00a0<\/em>Fyrtakt. I beskrivningen anges antalet taktslag som anv\u00e4nds f\u00f6re varje steg som beskrivs. <a href=\"http:\/\/abcnotation.com\/tunePage?a=trillian.mit.edu\/~jc\/music\/abc\/England\/MendocinoECD\/0005\" target=\"_blank\" rel=\"noopener\">H\u00e4r hittar du noter med melodi och ackord<\/a><\/p>\n<p><em>Vers 1:<\/em> Dubbelsteg fram\u00e5t s\u00e5 att paren m\u00f6ts, dubbelsteg bak\u00e5t. Upprepas.<br \/>\n<em>Vers 2:<\/em> Sidings (med egen partner)<br \/>\n<em>Vers 3:<\/em> Armings (med egen partner)<\/p>\n<p><em>Refr\u00e4ng:<\/em><br \/>\nEnkelsteg v\u00e4nster, enkelsteg h\u00f6ger, snurr ett varv bort fr\u00e5n sin egen partner<br \/>\nEnkelsteg v\u00e4nster, enkelsteg h\u00f6ger, snurr ett och ett kvarts varv bort fr\u00e5n sin egen partner och fatta hand med\u00a0personen som st\u00e5r mitt emot i fyrgruppen<br \/>\nDubbelsteg ut med den nya partnern, byte av hand och\u00a0dubbelsteg tillbaka<br \/>\nSnurr ett och ett kvarts varv fr\u00e5n den nya partnern och fatta handen med den f\u00f6rsta partnern v\u00e4nda ut fr\u00e5n\u00a0fyrgruppens mitt<br \/>\nDubbelsteg ut med partner, byte av hand och dubbelsteg tillbaka<br \/>\nSnurr ett varv bort fr\u00e5n partner<\/p>\n","protected":false},"excerpt":{"rendered":"<p>Dansfilm med Rufty Tufty fr\u00e5n Childgroves dansarkiv Uppst\u00e4llning: Tv\u00e5 par mot varandra. Uppst\u00e4llningen kan med f\u00f6rdel g\u00f6ras\u00a0med ett flertal fyrgrupper (av tv\u00e5 par). D\u00e5 st\u00e4ller fyrgrupperna upp likt rutorna p\u00e5 ett\u00a0schackbr\u00e4de, med h\u00e4lften av fyrgrupperna (motsvarande de svarta rutorna) vridna 90 grader mot de \u00f6vriga (vita rutorna). Musik:\u00a0Fyrtakt. I beskrivningen anges antalet taktslag som anv\u00e4nds &hellip; <\/p>\n<p class=\"link-more\"><a href=\"https:\/\/www.xn--empirsllskapet-bib.se\/index.php\/dans\/rufty-tufty\/\" class=\"more-link\">Forts\u00e4tt l\u00e4sa<span class=\"screen-reader-text\"> \u201dRufty Tufty\u201d<\/span><\/a><\/p>\n","protected":false},"author":1,"featured_media":0,"parent":11,"menu_order":0,"comment_status":"closed","ping_status":"closed","template":"","meta":{"footnotes":""},"class_list":["post-104","page","type-page","status-publish","hentry"],"_links":{"self":[{"href":"https:\/\/www.xn--empirsllskapet-bib.se\/index.php\/wp-json\/wp\/v2\/pages\/104","targetHints":{"allow":["GET"]}}],"collection":[{"href":"https:\/\/www.xn--empirsllskapet-bib.se\/index.php\/wp-json\/wp\/v2\/pages"}],"about":[{"href":"https:\/\/www.xn--empirsllskapet-bib.se\/index.php\/wp-json\/wp\/v2\/types\/page"}],"author":[{"embeddable":true,"href":"https:\/\/www.xn--empirsllskapet-bib.se\/index.php\/wp-json\/wp\/v2\/users\/1"}],"replies":[{"embeddable":true,"href":"https:\/\/www.xn--empirsllskapet-bib.se\/index.php\/wp-json\/wp\/v2\/comments?post=104"}],"version-history":[{"count":5,"href":"https:\/\/www.xn--empirsllskapet-bib.se\/index.php\/wp-json\/wp\/v2\/pages\/104\/revisions"}],"predecessor-version":[{"id":257,"href":"https:\/\/www.xn--empirsllskapet-bib.se\/index.php\/wp-json\/wp\/v2\/pages\/104\/revisions\/257"}],"up":[{"embeddable":true,"href":"https:\/\/www.xn--empirsllskapet-bib.se\/index.php\/wp-json\/wp\/v2\/pages\/11"}],"wp:attachment":[{"href":"https:\/\/www.xn--empirsllskapet-bib.se\/index.php\/wp-json\/wp\/v2\/media?parent=104"}],"curies":[{"name":"wp","href":"https:\/\/api.w.org\/{rel}","templated":true}]}}