{"id":11,"date":"2018-02-02T23:53:37","date_gmt":"2018-02-02T22:53:37","guid":{"rendered":"http:\/\/www.xn--empirsllskapet-bib.se\/?page_id=11"},"modified":"2018-02-17T18:31:05","modified_gmt":"2018-02-17T17:31:05","slug":"dans","status":"publish","type":"page","link":"https:\/\/www.xn--empirsllskapet-bib.se\/index.php\/dans\/","title":{"rendered":"Dans"},"content":{"rendered":"<p><img loading=\"lazy\" decoding=\"async\" class=\"size-medium wp-image-115 alignright\" src=\"http:\/\/www.xn--empirsllskapet-bib.se\/wp-content\/uploads\/2018\/02\/IMG_0418-300x200.jpg\" alt=\"\" width=\"300\" height=\"200\" srcset=\"https:\/\/www.xn--empirsllskapet-bib.se\/wp-content\/uploads\/2018\/02\/IMG_0418-300x200.jpg 300w, https:\/\/www.xn--empirsllskapet-bib.se\/wp-content\/uploads\/2018\/02\/IMG_0418.jpg 700w\" sizes=\"auto, (max-width: 300px) 100vw, 300px\" \/>English Country Dance \u00e4r en form av engelsk folkdans vars historia kan h\u00e4rledas\u00a0\u00e5tminstone till det sena 1500-talet. Dessa danser tros ha uppst\u00e5tt i m\u00f6tet mellan\u00a0sydeuropeisk dans och tidigare engelsk folkdans vid Elisabeth I hov. Efter\u00a0att f\u00f6rst ha dansats vid hovet spreds sedan danserna vidare i det engelska samh\u00e4llet, och\u00a0vid 1800-talets b\u00f6rjan var de en etablerad del av det sociala umg\u00e4nget och spelade en viktig roll vid romantisk uppvaktning. Danserna sker i st\u00f6rre uppst\u00e4llningar till\u00a0skillnad fr\u00e5n de pardanser som kom att dominera balerna senare under 1800-talet.<\/p>\n<p>Jane Austen skriver i del II kapitel elva av Emma:<br \/>\n\u201dKanske kan man klara sig helt utan dans. Det har ju f\u00f6rekommit att det g\u00e5tt m\u00e5nga m\u00e5nader utan att unga m\u00e4nniskor f\u00e5tt dansa eller bevista n\u00e5gon bal och att de trots det inte lidit n\u00e5gon skada till kropp eller sj\u00e4l. Men har man v\u00e4l om \u00e4n aldrig s\u00e5 flyktigt f\u00e5tt smak f\u00f6r dans och k\u00e4nt gl\u00e4djen i att r\u00f6ra sig snabbt, ja, d\u00e5 \u00e4r man tr\u00f6g om man inte vill ha mer.\u201d<\/p>\n<p><img loading=\"lazy\" decoding=\"async\" class=\"size-medium wp-image-142 alignleft\" src=\"http:\/\/www.xn--empirsllskapet-bib.se\/wp-content\/uploads\/2018\/02\/IMG_0683-300x200.jpg\" alt=\"\" width=\"300\" height=\"200\" srcset=\"https:\/\/www.xn--empirsllskapet-bib.se\/wp-content\/uploads\/2018\/02\/IMG_0683-300x200.jpg 300w, https:\/\/www.xn--empirsllskapet-bib.se\/wp-content\/uploads\/2018\/02\/IMG_0683.jpg 700w\" sizes=\"auto, (max-width: 300px) 100vw, 300px\" \/>Jane Austen sj\u00e4lv skriver i sina brev att hon \u00e4r mycket f\u00f6rtjust i att dansa, m\u00e5nga kv\u00e4llar var hon uppbjuden till varje dans under en hel bal. I hennes romaner f\u00f6rekommer ocks\u00e5 dansen ofta b\u00e5de som ett tillf\u00e4lle att kurtisera samt att visa p\u00e5 status och uppfostran. Socialt dansande i det Jane Austens v\u00e4luppfostrade samh\u00e4lle var bundet av strikta regler f\u00f6r etikett. Syftet var att uppmuntra socialt umg\u00e4nge, involvera fr\u00e4mlingar och undvika att n\u00e5gon blev monopoliserad av en partner (ifall de inte var gifta). En herre kunde inte bjuda upp en dam utan att f\u00f6rst introduceras av en gemensam bekant, och det var helt ot\u00e4nkbart att damer bj\u00f6d upp till dans. Det var inte ovanligt att regler till och med skrevs ned och placerades utanf\u00f6r allm\u00e4nna balsalar:<\/p>\n<ul>\n<li>Places in Country Dances to be drawn for, and Partners to be changed after every second Dance.<\/li>\n<li>Every Lady who does not go down the set, except prevented by indisposition, precludes herself from dancing during the evening&#8230;<\/li>\n<li>Gentlemen, Officers on duty excepted, are not admissible in boots.<\/li>\n<li>Strangers will be introduced to Partners by applying to the Gentleman of the Committee; each of whom is, in rotation, to act as Master of Ceremonies for the night&#8230;<\/li>\n<\/ul>\n<p><img loading=\"lazy\" decoding=\"async\" class=\"size-medium wp-image-131 alignright\" src=\"http:\/\/www.xn--empirsllskapet-bib.se\/wp-content\/uploads\/2018\/02\/IMG_0623-300x200.jpg\" alt=\"\" width=\"300\" height=\"200\" srcset=\"https:\/\/www.xn--empirsllskapet-bib.se\/wp-content\/uploads\/2018\/02\/IMG_0623-300x200.jpg 300w, https:\/\/www.xn--empirsllskapet-bib.se\/wp-content\/uploads\/2018\/02\/IMG_0623.jpg 700w\" sizes=\"auto, (max-width: 300px) 100vw, 300px\" \/><\/p>\n<p>Etikettsreglerna hade dock inte bara syftet att styra det sociala umg\u00e4nget utan ocks\u00e5 f\u00f6r att fastst\u00e4lla och f\u00f6rst\u00e4rka statusskillnader mellan de dansande. Jane Austens bror beskriver att i Country Dances kunde mycket gr\u00e4melse och missn\u00f6je skapas kring i vilken ordning paren skulle st\u00e5 i ledet av dansare, ju h\u00f6gre upp desto h\u00f6gre status. Och paret med allra h\u00f6gst status fick det stora privilegiet att ropa ut och leda den f\u00f6rsta dansen.<\/p>\n","protected":false},"excerpt":{"rendered":"<p>English Country Dance \u00e4r en form av engelsk folkdans vars historia kan h\u00e4rledas\u00a0\u00e5tminstone till det sena 1500-talet. Dessa danser tros ha uppst\u00e5tt i m\u00f6tet mellan\u00a0sydeuropeisk dans och tidigare engelsk folkdans vid Elisabeth I hov. Efter\u00a0att f\u00f6rst ha dansats vid hovet spreds sedan danserna vidare i det engelska samh\u00e4llet, och\u00a0vid 1800-talets b\u00f6rjan var de en etablerad &hellip; <\/p>\n<p class=\"link-more\"><a href=\"https:\/\/www.xn--empirsllskapet-bib.se\/index.php\/dans\/\" class=\"more-link\">Forts\u00e4tt l\u00e4sa<span class=\"screen-reader-text\"> \u201dDans\u201d<\/span><\/a><\/p>\n","protected":false},"author":1,"featured_media":0,"parent":0,"menu_order":0,"comment_status":"closed","ping_status":"closed","template":"","meta":{"footnotes":""},"class_list":["post-11","page","type-page","status-publish","hentry"],"_links":{"self":[{"href":"https:\/\/www.xn--empirsllskapet-bib.se\/index.php\/wp-json\/wp\/v2\/pages\/11","targetHints":{"allow":["GET"]}}],"collection":[{"href":"https:\/\/www.xn--empirsllskapet-bib.se\/index.php\/wp-json\/wp\/v2\/pages"}],"about":[{"href":"https:\/\/www.xn--empirsllskapet-bib.se\/index.php\/wp-json\/wp\/v2\/types\/page"}],"author":[{"embeddable":true,"href":"https:\/\/www.xn--empirsllskapet-bib.se\/index.php\/wp-json\/wp\/v2\/users\/1"}],"replies":[{"embeddable":true,"href":"https:\/\/www.xn--empirsllskapet-bib.se\/index.php\/wp-json\/wp\/v2\/comments?post=11"}],"version-history":[{"count":7,"href":"https:\/\/www.xn--empirsllskapet-bib.se\/index.php\/wp-json\/wp\/v2\/pages\/11\/revisions"}],"predecessor-version":[{"id":165,"href":"https:\/\/www.xn--empirsllskapet-bib.se\/index.php\/wp-json\/wp\/v2\/pages\/11\/revisions\/165"}],"wp:attachment":[{"href":"https:\/\/www.xn--empirsllskapet-bib.se\/index.php\/wp-json\/wp\/v2\/media?parent=11"}],"curies":[{"name":"wp","href":"https:\/\/api.w.org\/{rel}","templated":true}]}}