{"id":121,"date":"2018-02-17T17:18:54","date_gmt":"2018-02-17T16:18:54","guid":{"rendered":"http:\/\/www.xn--empirsllskapet-bib.se\/?page_id=121"},"modified":"2018-02-17T17:20:00","modified_gmt":"2018-02-17T16:20:00","slug":"sport","status":"publish","type":"page","link":"https:\/\/www.xn--empirsllskapet-bib.se\/index.php\/kultur\/sport\/","title":{"rendered":"Sport"},"content":{"rendered":"<p><strong>Boxning<\/strong>:\u00a0De tidigaste skrivna boxningreglerna kom \u00e5r 1743 och kallades Broughtons&#8217; rules. Kring \u00e5r 1810-11 fanns en boxare fr\u00e5n Lancashire omn\u00e4mnd &#8211;\u00a0Rimmer. \u00c5r 1811 m\u00f6tte han den f\u00e4rgade boxaren\u00a0Molineaux fr\u00e5n Amerika i en match n\u00e4ra London.<\/p>\n<p><strong>Cricket<\/strong>: Under Napoleonkriget h\u00f6lls endast ett f\u00e5tal cricketklubbar \u00f6ppna i England\u00a0och endast sju f\u00f6rstaklass matcher h\u00f6lls under \u00e5r 1810. William Ward, John Bowyer och James Sherman var n\u00e5gra av de mer omtalade spelarna som debuterade \u00e5r\u00a01810.<\/p>\n","protected":false},"excerpt":{"rendered":"<p>Boxning:\u00a0De tidigaste skrivna boxningreglerna kom \u00e5r 1743 och kallades Broughtons&#8217; rules. Kring \u00e5r 1810-11 fanns en boxare fr\u00e5n Lancashire omn\u00e4mnd &#8211;\u00a0Rimmer. \u00c5r 1811 m\u00f6tte han den f\u00e4rgade boxaren\u00a0Molineaux fr\u00e5n Amerika i en match n\u00e4ra London. Cricket: Under Napoleonkriget h\u00f6lls endast ett f\u00e5tal cricketklubbar \u00f6ppna i England\u00a0och endast sju f\u00f6rstaklass matcher h\u00f6lls under \u00e5r 1810. William &hellip; <\/p>\n<p class=\"link-more\"><a href=\"https:\/\/www.xn--empirsllskapet-bib.se\/index.php\/kultur\/sport\/\" class=\"more-link\">Forts\u00e4tt l\u00e4sa<span class=\"screen-reader-text\"> \u201dSport\u201d<\/span><\/a><\/p>\n","protected":false},"author":1,"featured_media":0,"parent":9,"menu_order":0,"comment_status":"closed","ping_status":"closed","template":"","meta":{"footnotes":""},"class_list":["post-121","page","type-page","status-publish","hentry"],"_links":{"self":[{"href":"https:\/\/www.xn--empirsllskapet-bib.se\/index.php\/wp-json\/wp\/v2\/pages\/121","targetHints":{"allow":["GET"]}}],"collection":[{"href":"https:\/\/www.xn--empirsllskapet-bib.se\/index.php\/wp-json\/wp\/v2\/pages"}],"about":[{"href":"https:\/\/www.xn--empirsllskapet-bib.se\/index.php\/wp-json\/wp\/v2\/types\/page"}],"author":[{"embeddable":true,"href":"https:\/\/www.xn--empirsllskapet-bib.se\/index.php\/wp-json\/wp\/v2\/users\/1"}],"replies":[{"embeddable":true,"href":"https:\/\/www.xn--empirsllskapet-bib.se\/index.php\/wp-json\/wp\/v2\/comments?post=121"}],"version-history":[{"count":1,"href":"https:\/\/www.xn--empirsllskapet-bib.se\/index.php\/wp-json\/wp\/v2\/pages\/121\/revisions"}],"predecessor-version":[{"id":122,"href":"https:\/\/www.xn--empirsllskapet-bib.se\/index.php\/wp-json\/wp\/v2\/pages\/121\/revisions\/122"}],"up":[{"embeddable":true,"href":"https:\/\/www.xn--empirsllskapet-bib.se\/index.php\/wp-json\/wp\/v2\/pages\/9"}],"wp:attachment":[{"href":"https:\/\/www.xn--empirsllskapet-bib.se\/index.php\/wp-json\/wp\/v2\/media?parent=121"}],"curies":[{"name":"wp","href":"https:\/\/api.w.org\/{rel}","templated":true}]}}