{"id":123,"date":"2018-02-17T17:20:52","date_gmt":"2018-02-17T16:20:52","guid":{"rendered":"http:\/\/www.xn--empirsllskapet-bib.se\/?page_id=123"},"modified":"2018-02-17T18:40:34","modified_gmt":"2018-02-17T17:40:34","slug":"kortspel","status":"publish","type":"page","link":"https:\/\/www.xn--empirsllskapet-bib.se\/index.php\/kultur\/kortspel\/","title":{"rendered":"Kortspel"},"content":{"rendered":"<p>Ett\u00a0popul\u00e4rt\u00a0s\u00e4tt\u00a0att\u00a0umg\u00e5s\u00a0p\u00e5\u00a0under\u00a0perioden\u00a0var att spela kortspel, till exempel <a href=\"https:\/\/www.spelregler.org\/?s=whist\">whist,\u00a0<\/a><a href=\"https:\/\/www.spelregler.org\/loo\/\">Loo<\/a>, <a href=\"https:\/\/www.spelregler.org\/piquet\/\">Piquet<\/a> och <a href=\"https:\/\/www.spelregler.org\/category\/goran\/kille-spel\/\">Kille<\/a>. L\u00e4r dig g\u00e4rna spelen f\u00f6r att kunna spela p\u00e5 v\u00e5ra olika tr\u00e4ffar och fester!<\/p>\n","protected":false},"excerpt":{"rendered":"<p>Ett\u00a0popul\u00e4rt\u00a0s\u00e4tt\u00a0att\u00a0umg\u00e5s\u00a0p\u00e5\u00a0under\u00a0perioden\u00a0var att spela kortspel, till exempel whist,\u00a0Loo, Piquet och Kille. L\u00e4r dig g\u00e4rna spelen f\u00f6r att kunna spela p\u00e5 v\u00e5ra olika tr\u00e4ffar och fester!<\/p>\n","protected":false},"author":1,"featured_media":0,"parent":9,"menu_order":0,"comment_status":"closed","ping_status":"closed","template":"","meta":{"footnotes":""},"class_list":["post-123","page","type-page","status-publish","hentry"],"_links":{"self":[{"href":"https:\/\/www.xn--empirsllskapet-bib.se\/index.php\/wp-json\/wp\/v2\/pages\/123","targetHints":{"allow":["GET"]}}],"collection":[{"href":"https:\/\/www.xn--empirsllskapet-bib.se\/index.php\/wp-json\/wp\/v2\/pages"}],"about":[{"href":"https:\/\/www.xn--empirsllskapet-bib.se\/index.php\/wp-json\/wp\/v2\/types\/page"}],"author":[{"embeddable":true,"href":"https:\/\/www.xn--empirsllskapet-bib.se\/index.php\/wp-json\/wp\/v2\/users\/1"}],"replies":[{"embeddable":true,"href":"https:\/\/www.xn--empirsllskapet-bib.se\/index.php\/wp-json\/wp\/v2\/comments?post=123"}],"version-history":[{"count":3,"href":"https:\/\/www.xn--empirsllskapet-bib.se\/index.php\/wp-json\/wp\/v2\/pages\/123\/revisions"}],"predecessor-version":[{"id":180,"href":"https:\/\/www.xn--empirsllskapet-bib.se\/index.php\/wp-json\/wp\/v2\/pages\/123\/revisions\/180"}],"up":[{"embeddable":true,"href":"https:\/\/www.xn--empirsllskapet-bib.se\/index.php\/wp-json\/wp\/v2\/pages\/9"}],"wp:attachment":[{"href":"https:\/\/www.xn--empirsllskapet-bib.se\/index.php\/wp-json\/wp\/v2\/media?parent=123"}],"curies":[{"name":"wp","href":"https:\/\/api.w.org\/{rel}","templated":true}]}}