{"id":125,"date":"2018-02-17T17:21:38","date_gmt":"2018-02-17T16:21:38","guid":{"rendered":"http:\/\/www.xn--empirsllskapet-bib.se\/?page_id=125"},"modified":"2018-02-17T18:26:32","modified_gmt":"2018-02-17T17:26:32","slug":"musik","status":"publish","type":"page","link":"https:\/\/www.xn--empirsllskapet-bib.se\/index.php\/kultur\/musik\/","title":{"rendered":"Musik"},"content":{"rendered":"<p><img loading=\"lazy\" decoding=\"async\" class=\"size-medium wp-image-137 alignright\" src=\"http:\/\/www.xn--empirsllskapet-bib.se\/wp-content\/uploads\/2018\/02\/IMG_0653-300x200.jpg\" alt=\"\" width=\"300\" height=\"200\" srcset=\"https:\/\/www.xn--empirsllskapet-bib.se\/wp-content\/uploads\/2018\/02\/IMG_0653-300x200.jpg 300w, https:\/\/www.xn--empirsllskapet-bib.se\/wp-content\/uploads\/2018\/02\/IMG_0653.jpg 700w\" sizes=\"auto, (max-width: 300px) 100vw, 300px\" \/>Den dominerande musikaliska inriktningen i Europas h\u00f6grest\u00e5ndskretsar \u00e5r 1813 \u00e4r Wienerklassisism. Vanligt f\u00f6rekommande instrument ut\u00f6ver piano och orgel \u00e4r de som \u00e5terfinns i en symfoniorkester, tex fioler, fl\u00f6jter, pukor och trumpeter. N\u00e5gra ber\u00f6mda komposit\u00f6rer som \u00e4r aktiva just nu \u00e4r Beethoven och Schubert, men naturligtvis framf\u00f6rs ofta musik \u00e4ven av mindre k\u00e4nda tons\u00e4ttare och av \u00e4ldre komposit\u00f6rer\u00a0s\u00e5som Mozart, Haydn och H\u00e4ndel. Musikalisk f\u00f6rm\u00e5ga betraktas vanligtvis som n\u00e5got mycket efterstr\u00e4vansv\u00e4rt \u00e4ven hos dem som inte \u00e4r musiker till yrket.<\/p>\n<p>&nbsp;<\/p>\n<p><img loading=\"lazy\" decoding=\"async\" class=\"size-medium wp-image-126 alignleft\" src=\"http:\/\/www.xn--empirsllskapet-bib.se\/wp-content\/uploads\/2018\/02\/IMG_0475-300x200.jpg\" alt=\"\" width=\"300\" height=\"200\" srcset=\"https:\/\/www.xn--empirsllskapet-bib.se\/wp-content\/uploads\/2018\/02\/IMG_0475-300x200.jpg 300w, https:\/\/www.xn--empirsllskapet-bib.se\/wp-content\/uploads\/2018\/02\/IMG_0475.jpg 700w\" sizes=\"auto, (max-width: 300px) 100vw, 300px\" \/><\/p>\n<p>Den mest uppburne komposit\u00f6ren vid denna tidpunkt \u00e4r Ludvig van Beethoven, k\u00e4nd f\u00f6r sina pianosonater (tex m\u00e5nskenssonaten), str\u00e5kkvartetter, romanser och i\u00a0synnerhet sina nydanande symfonier. Beethovens tredje symfoni (Eroica) skrevs ursprungligen som en hyllning till Napoleon Bonaparte, men n\u00e4r denne utropade sig till Kejsare och d\u00e4rigenom svek sina republikanska ideal tappade Beethoven tilltron till sin forne idol. Symfoni nummer 5 (\u00f6dessymfonin) och nummer 6 (pastoralsymfonin) spelas flitigt och symfoni nummer 8 som nyligen uruppf\u00f6rdes \u00e4r ett givet samtals\u00e4mne i bildade kretsar.<\/p>\n<p><a><img class=\"\" alt=\"\" width=\"\" height=\"\" \/><\/a><\/p>\n","protected":false},"excerpt":{"rendered":"<p>Den dominerande musikaliska inriktningen i Europas h\u00f6grest\u00e5ndskretsar \u00e5r 1813 \u00e4r Wienerklassisism. Vanligt f\u00f6rekommande instrument ut\u00f6ver piano och orgel \u00e4r de som \u00e5terfinns i en symfoniorkester, tex fioler, fl\u00f6jter, pukor och trumpeter. N\u00e5gra ber\u00f6mda komposit\u00f6rer som \u00e4r aktiva just nu \u00e4r Beethoven och Schubert, men naturligtvis framf\u00f6rs ofta musik \u00e4ven av mindre k\u00e4nda tons\u00e4ttare och av &hellip; <\/p>\n<p class=\"link-more\"><a href=\"https:\/\/www.xn--empirsllskapet-bib.se\/index.php\/kultur\/musik\/\" class=\"more-link\">Forts\u00e4tt l\u00e4sa<span class=\"screen-reader-text\"> \u201dMusik\u201d<\/span><\/a><\/p>\n","protected":false},"author":1,"featured_media":0,"parent":9,"menu_order":0,"comment_status":"closed","ping_status":"closed","template":"","meta":{"footnotes":""},"class_list":["post-125","page","type-page","status-publish","hentry"],"_links":{"self":[{"href":"https:\/\/www.xn--empirsllskapet-bib.se\/index.php\/wp-json\/wp\/v2\/pages\/125","targetHints":{"allow":["GET"]}}],"collection":[{"href":"https:\/\/www.xn--empirsllskapet-bib.se\/index.php\/wp-json\/wp\/v2\/pages"}],"about":[{"href":"https:\/\/www.xn--empirsllskapet-bib.se\/index.php\/wp-json\/wp\/v2\/types\/page"}],"author":[{"embeddable":true,"href":"https:\/\/www.xn--empirsllskapet-bib.se\/index.php\/wp-json\/wp\/v2\/users\/1"}],"replies":[{"embeddable":true,"href":"https:\/\/www.xn--empirsllskapet-bib.se\/index.php\/wp-json\/wp\/v2\/comments?post=125"}],"version-history":[{"count":4,"href":"https:\/\/www.xn--empirsllskapet-bib.se\/index.php\/wp-json\/wp\/v2\/pages\/125\/revisions"}],"predecessor-version":[{"id":162,"href":"https:\/\/www.xn--empirsllskapet-bib.se\/index.php\/wp-json\/wp\/v2\/pages\/125\/revisions\/162"}],"up":[{"embeddable":true,"href":"https:\/\/www.xn--empirsllskapet-bib.se\/index.php\/wp-json\/wp\/v2\/pages\/9"}],"wp:attachment":[{"href":"https:\/\/www.xn--empirsllskapet-bib.se\/index.php\/wp-json\/wp\/v2\/media?parent=125"}],"curies":[{"name":"wp","href":"https:\/\/api.w.org\/{rel}","templated":true}]}}