{"id":14,"date":"2018-02-02T23:53:47","date_gmt":"2018-02-02T22:53:47","guid":{"rendered":"http:\/\/www.xn--empirsllskapet-bib.se\/?page_id=14"},"modified":"2018-02-17T18:32:43","modified_gmt":"2018-02-17T17:32:43","slug":"mode","status":"publish","type":"page","link":"https:\/\/www.xn--empirsllskapet-bib.se\/index.php\/mode\/","title":{"rendered":"Mode"},"content":{"rendered":"<p>P\u00e5 dessa sidor f\u00e5r ni en introduktion till empirens mode samt hur du sj\u00e4lv kan skapa en enkel empirinspirerad dr\u00e4kt eller sy n\u00e5gonting mer historiskt korrekt.<\/p>\n","protected":false},"excerpt":{"rendered":"<p>P\u00e5 dessa sidor f\u00e5r ni en introduktion till empirens mode samt hur du sj\u00e4lv kan skapa en enkel empirinspirerad dr\u00e4kt eller sy n\u00e5gonting mer historiskt korrekt.<\/p>\n","protected":false},"author":1,"featured_media":0,"parent":0,"menu_order":0,"comment_status":"closed","ping_status":"closed","template":"","meta":{"footnotes":""},"class_list":["post-14","page","type-page","status-publish","hentry"],"_links":{"self":[{"href":"https:\/\/www.xn--empirsllskapet-bib.se\/index.php\/wp-json\/wp\/v2\/pages\/14","targetHints":{"allow":["GET"]}}],"collection":[{"href":"https:\/\/www.xn--empirsllskapet-bib.se\/index.php\/wp-json\/wp\/v2\/pages"}],"about":[{"href":"https:\/\/www.xn--empirsllskapet-bib.se\/index.php\/wp-json\/wp\/v2\/types\/page"}],"author":[{"embeddable":true,"href":"https:\/\/www.xn--empirsllskapet-bib.se\/index.php\/wp-json\/wp\/v2\/users\/1"}],"replies":[{"embeddable":true,"href":"https:\/\/www.xn--empirsllskapet-bib.se\/index.php\/wp-json\/wp\/v2\/comments?post=14"}],"version-history":[{"count":3,"href":"https:\/\/www.xn--empirsllskapet-bib.se\/index.php\/wp-json\/wp\/v2\/pages\/14\/revisions"}],"predecessor-version":[{"id":168,"href":"https:\/\/www.xn--empirsllskapet-bib.se\/index.php\/wp-json\/wp\/v2\/pages\/14\/revisions\/168"}],"wp:attachment":[{"href":"https:\/\/www.xn--empirsllskapet-bib.se\/index.php\/wp-json\/wp\/v2\/media?parent=14"}],"curies":[{"name":"wp","href":"https:\/\/api.w.org\/{rel}","templated":true}]}}