{"id":169,"date":"2018-02-17T18:34:57","date_gmt":"2018-02-17T17:34:57","guid":{"rendered":"http:\/\/www.xn--empirsllskapet-bib.se\/?page_id=169"},"modified":"2018-02-17T18:34:57","modified_gmt":"2018-02-17T17:34:57","slug":"smink","status":"publish","type":"page","link":"https:\/\/www.xn--empirsllskapet-bib.se\/index.php\/mode\/smink\/","title":{"rendered":"Smink"},"content":{"rendered":"<p>I slutet av 1700-talet b\u00f6rjade den franska trenden med vitm\u00e5lade ansikten i kombination med skarpa rougefl\u00e4ckar, svartm\u00e5lade \u00f6gonbryn och mattpudrade gr\u00e5 peruker f\u00f6rsvinna helt i England. 1786 inf\u00f6rdes en kraftig sminkskatt och butiker som ville s\u00e4lja smink var tvungna att beg\u00e4ra ett s\u00e4rskilt tillst\u00e5nd. I takt med att lagren t\u00f6mdes f\u00f6rsvann de kraftigt m\u00e5lade ansiktena ur gatubilden.<\/p>\n<p>Den franska revolutionen bidrog s\u00e4kert starkt till att \u00f6verklassen slutade visa upp sin rikedom. De drog sig tillbaka till sina lantegendomar och lade ner alla ambitioner p\u00e5 att fungera som trends\u00e4ttare. Hederv\u00e4rda kvinnor som f\u00f6ljde med sin tid var om\u00e5lade, eller anv\u00e4nde ytterst lite smink. M\u00e5let var att man skulle se naturligt vacker ut. \u00c4ldre kvinnor anv\u00e4nde ofta smink f\u00f6r att f\u00f6rs\u00f6ka d\u00f6lja \u00e5lderstecken, dock med en mycket l\u00e4ttare hand \u00e4n tidigare. F\u00f6r unga kvinnor som inte hade debuterat ans\u00e5gs det ol\u00e4mpligt att b\u00e4ra smink. Prostituerade d\u00e4remot sminkade sig desto mer, s\u00e4rskilt med rouge. Smink b\u00f6rjade betraktas vulg\u00e4rt och bedr\u00e4gligt.<\/p>\n<p>\u00c4ven om naturlig sk\u00f6nhet var det man str\u00e4vade efter under empirtiden, s\u00e5 anv\u00e4nde de flesta v\u00e4lb\u00e4rgade kvinnor n\u00e5gon form av kosmetika f\u00f6r att fylla i d\u00e4r naturen inte r\u00e4ckte till.<\/p>\n<p><strong>Ansikte<\/strong><br \/>\nDen sjukligt bleka stilen ersattes med en mer h\u00e4lsosam och naturlig stil. Det var fortfarande fult att vara solbr\u00e4nd och man skyddade sig flitigt fr\u00e5n solen med b\u00e5de parasoller och diverse hattar\/bonnets. F\u00f6r att huden skulle f\u00e5 en j\u00e4mn och naturlig lyster anv\u00e4ndes tonade ansiktskr\u00e4mer, som idag kan liknas med en v\u00e4ldigt l\u00e4tt och ljus Foundation eller en BB-cream.<\/p>\n<p>Puder var till\u00e5tet att anv\u00e4nda under denna tid, och de vanligaste sorterna var gjorda av rismj\u00f6l, och \u00e4ven fint talk anv\u00e4ndes ibland. F\u00f6r en blank eller gl\u00e4nsande look anv\u00e4ndes ett pearlpuder \u2013 ett skimrande puder gjort av finmald vismut. Pearlpudret anv\u00e4ndes p\u00e5 samma s\u00e4tt som vi idag anv\u00e4nder highlighter.<\/p>\n<p style=\"\"text-align: left;\"\" align=\"\"center\"\"><strong>Kinder<br \/>\n<\/strong>Rougen var en av de f\u00e5 produkter som \u00f6verlevde den franska revolutionen. En rougeprodukt som var vanlig under empirtiden var <i>Pearls<\/i> flytande <i>Blooms of Roses<\/i>. Rougen kom i flera nyanser, och de vanligaste som man anv\u00e4nde var klarr\u00f6tt eller rosa. Rouge s\u00e5ldes b\u00e5de som pulver, flytande eller kr\u00e4m, och den var ofta kraftigt pigmenterad, s\u00e5 det kr\u00e4vdes en v\u00e4ldigt l\u00e4tt hand vid applicering. Man ville endast att huden skulle f\u00e5 en h\u00e4lsosam f\u00e4rg och lyster. F\u00f6r markerade kinder ans\u00e5gs vulg\u00e4rt.<\/p>\n<p>Generaler anv\u00e4nde g\u00e4rna puder och rouge f\u00f6r att se pigga och friska ut.<\/p>\n<p><strong>\u00d6gon<\/strong><br \/>\nEnglands utforskning av Indien och andra orientaliska omr\u00e5den som t.ex. Turkiet bidrog till uppt\u00e4ckten av eyelinern och mascaran. Mascaran och eyelinern gjordes av att blanda lamp-black (svart sot) med lite olja, som blev till en pasta, som sedan kunde anv\u00e4ndas till b\u00e5de \u00f6gonfransar och \u00f6gonbryn. Br\u00e4nd kork kunde ocks\u00e5 anv\u00e4ndas.<\/p>\n<p>Av alla sminkprodukter som fanns p\u00e5 marknaden under den h\u00e4r tiden, s\u00e5 var dessa de man mest rynkade \u00f6gonbrynen \u00e5t. Troligen gillade man inte \u00f6gonsmink eftersom det var en nymodighet, eller p\u00e5 grund av den sv\u00e5ra appliceringen och att resultatet blev v\u00e4ldigt onaturligt, s\u00e4rskilt n\u00e4r det betraktades i dagsljus.<\/p>\n<p><strong>L\u00e4ppar<\/strong><br \/>\nDe flesta kvinnor anv\u00e4nde n\u00e5gon form av l\u00e4ppf\u00e4rg under empirtiden. En popul\u00e4r l\u00e4pprodukt var Rose Lip Salve, som framf\u00f6r allt inneh\u00f6ll vitt vax, mandelolja och alkanet (roten Alkanna Tinctoria). F\u00e4rgen och doften fick produkten av rosor. Denna typ av l\u00e4ppsalva gav en l\u00e4tt f\u00e4rgton, ungef\u00e4r som l\u00e4ppglans g\u00f6r idag.<\/p>\n","protected":false},"excerpt":{"rendered":"<p>I slutet av 1700-talet b\u00f6rjade den franska trenden med vitm\u00e5lade ansikten i kombination med skarpa rougefl\u00e4ckar, svartm\u00e5lade \u00f6gonbryn och mattpudrade gr\u00e5 peruker f\u00f6rsvinna helt i England. 1786 inf\u00f6rdes en kraftig sminkskatt och butiker som ville s\u00e4lja smink var tvungna att beg\u00e4ra ett s\u00e4rskilt tillst\u00e5nd. I takt med att lagren t\u00f6mdes f\u00f6rsvann de kraftigt m\u00e5lade ansiktena &hellip; <\/p>\n<p class=\"link-more\"><a href=\"https:\/\/www.xn--empirsllskapet-bib.se\/index.php\/mode\/smink\/\" class=\"more-link\">Forts\u00e4tt l\u00e4sa<span class=\"screen-reader-text\"> \u201dSmink\u201d<\/span><\/a><\/p>\n","protected":false},"author":1,"featured_media":0,"parent":14,"menu_order":0,"comment_status":"closed","ping_status":"closed","template":"","meta":{"footnotes":""},"class_list":["post-169","page","type-page","status-publish","hentry"],"_links":{"self":[{"href":"https:\/\/www.xn--empirsllskapet-bib.se\/index.php\/wp-json\/wp\/v2\/pages\/169","targetHints":{"allow":["GET"]}}],"collection":[{"href":"https:\/\/www.xn--empirsllskapet-bib.se\/index.php\/wp-json\/wp\/v2\/pages"}],"about":[{"href":"https:\/\/www.xn--empirsllskapet-bib.se\/index.php\/wp-json\/wp\/v2\/types\/page"}],"author":[{"embeddable":true,"href":"https:\/\/www.xn--empirsllskapet-bib.se\/index.php\/wp-json\/wp\/v2\/users\/1"}],"replies":[{"embeddable":true,"href":"https:\/\/www.xn--empirsllskapet-bib.se\/index.php\/wp-json\/wp\/v2\/comments?post=169"}],"version-history":[{"count":1,"href":"https:\/\/www.xn--empirsllskapet-bib.se\/index.php\/wp-json\/wp\/v2\/pages\/169\/revisions"}],"predecessor-version":[{"id":170,"href":"https:\/\/www.xn--empirsllskapet-bib.se\/index.php\/wp-json\/wp\/v2\/pages\/169\/revisions\/170"}],"up":[{"embeddable":true,"href":"https:\/\/www.xn--empirsllskapet-bib.se\/index.php\/wp-json\/wp\/v2\/pages\/14"}],"wp:attachment":[{"href":"https:\/\/www.xn--empirsllskapet-bib.se\/index.php\/wp-json\/wp\/v2\/media?parent=169"}],"curies":[{"name":"wp","href":"https:\/\/api.w.org\/{rel}","templated":true}]}}