{"id":171,"date":"2018-02-17T18:35:50","date_gmt":"2018-02-17T17:35:50","guid":{"rendered":"http:\/\/www.xn--empirsllskapet-bib.se\/?page_id=171"},"modified":"2018-02-17T18:35:50","modified_gmt":"2018-02-17T17:35:50","slug":"barnklader","status":"publish","type":"page","link":"https:\/\/www.xn--empirsllskapet-bib.se\/index.php\/mode\/barnklader\/","title":{"rendered":"Barnkl\u00e4der"},"content":{"rendered":"<p>F\u00f6r f\u00f6rsta g\u00e5ngen i historien kl\u00e4ddes barn inte l\u00e4ngre som \u201dsm\u00e5 vuxna\u201d. De stela, h\u00e5rt \u00e5tsittande kl\u00e4derna byttes ut mot mer l\u00f6st sittande och man satte inte l\u00e4ngre korsett p\u00e5 sm\u00e5 barn.\u00a0Upp till ca fem\u00e5rs\u00e5ldern, var de sm\u00e5 barnens kl\u00e4der, kl\u00e4nning och pantalonger, oavsett k\u00f6n.\u00a0Enda k\u00f6nsmark\u00f6ren var barnets huvudbonad och leksaker. Barn i denna \u00e5lder hade sitt h\u00e5r utsl\u00e4ppt. Kl\u00e4derna var enkla och utan utsmyckning. Vit muslin var vanligt men \u00e4ven andra f\u00e4rger och textilier anv\u00e4ndes f\u00f6r vardagskl\u00e4der. Kl\u00e4derna var ofta f\u00f6rsedda med dragsko baktill.<\/p>\n<p>\u00c4ldre flickor upp till 12-13 \u00e5rs \u00e5lder hade kl\u00e4nningar som mer liknade moderns. De hade strumpbyxor och h\u00e5ret var fortfarande utsl\u00e4ppt. Det var inte brukligt att flickor hade smycken, f\u00f6rr\u00e4n de var gifta.<\/p>\n<p>Fr\u00e5n fem \u00e5rs \u00e5lder kl\u00e4ddes pojkar i l\u00f6st sittande skjortor och korta byxor med h\u00f6g midja. Fr\u00e5n ca 12 \u00e5rs \u00e5lder hade s\u00f6nerna liknande kl\u00e4der som sin far.<\/p>\n","protected":false},"excerpt":{"rendered":"<p>F\u00f6r f\u00f6rsta g\u00e5ngen i historien kl\u00e4ddes barn inte l\u00e4ngre som \u201dsm\u00e5 vuxna\u201d. De stela, h\u00e5rt \u00e5tsittande kl\u00e4derna byttes ut mot mer l\u00f6st sittande och man satte inte l\u00e4ngre korsett p\u00e5 sm\u00e5 barn.\u00a0Upp till ca fem\u00e5rs\u00e5ldern, var de sm\u00e5 barnens kl\u00e4der, kl\u00e4nning och pantalonger, oavsett k\u00f6n.\u00a0Enda k\u00f6nsmark\u00f6ren var barnets huvudbonad och leksaker. Barn i denna \u00e5lder &hellip; <\/p>\n<p class=\"link-more\"><a href=\"https:\/\/www.xn--empirsllskapet-bib.se\/index.php\/mode\/barnklader\/\" class=\"more-link\">Forts\u00e4tt l\u00e4sa<span class=\"screen-reader-text\"> \u201dBarnkl\u00e4der\u201d<\/span><\/a><\/p>\n","protected":false},"author":1,"featured_media":0,"parent":14,"menu_order":0,"comment_status":"closed","ping_status":"closed","template":"","meta":{"footnotes":""},"class_list":["post-171","page","type-page","status-publish","hentry"],"_links":{"self":[{"href":"https:\/\/www.xn--empirsllskapet-bib.se\/index.php\/wp-json\/wp\/v2\/pages\/171","targetHints":{"allow":["GET"]}}],"collection":[{"href":"https:\/\/www.xn--empirsllskapet-bib.se\/index.php\/wp-json\/wp\/v2\/pages"}],"about":[{"href":"https:\/\/www.xn--empirsllskapet-bib.se\/index.php\/wp-json\/wp\/v2\/types\/page"}],"author":[{"embeddable":true,"href":"https:\/\/www.xn--empirsllskapet-bib.se\/index.php\/wp-json\/wp\/v2\/users\/1"}],"replies":[{"embeddable":true,"href":"https:\/\/www.xn--empirsllskapet-bib.se\/index.php\/wp-json\/wp\/v2\/comments?post=171"}],"version-history":[{"count":1,"href":"https:\/\/www.xn--empirsllskapet-bib.se\/index.php\/wp-json\/wp\/v2\/pages\/171\/revisions"}],"predecessor-version":[{"id":172,"href":"https:\/\/www.xn--empirsllskapet-bib.se\/index.php\/wp-json\/wp\/v2\/pages\/171\/revisions\/172"}],"up":[{"embeddable":true,"href":"https:\/\/www.xn--empirsllskapet-bib.se\/index.php\/wp-json\/wp\/v2\/pages\/14"}],"wp:attachment":[{"href":"https:\/\/www.xn--empirsllskapet-bib.se\/index.php\/wp-json\/wp\/v2\/media?parent=171"}],"curies":[{"name":"wp","href":"https:\/\/api.w.org\/{rel}","templated":true}]}}