{"id":173,"date":"2018-02-17T18:38:58","date_gmt":"2018-02-17T17:38:58","guid":{"rendered":"http:\/\/www.xn--empirsllskapet-bib.se\/?page_id=173"},"modified":"2024-12-26T17:58:31","modified_gmt":"2024-12-26T16:58:31","slug":"herrklader","status":"publish","type":"page","link":"https:\/\/www.xn--empirsllskapet-bib.se\/index.php\/mode\/herrklader\/","title":{"rendered":"Herrkl\u00e4der f\u00f6r dig som inte har empirkl\u00e4der"},"content":{"rendered":"<p>Byxor skall allra helst vara kn\u00e4byxor eller tajta nedtill. Ett bra knep \u00e4r annars\u00a0att anv\u00e4nda ridst\u00f6vlar eller andra kn\u00e4h\u00f6ga st\u00f6vlar som d\u00f6ljer byxorna. En bra \u00f6verdel f\u00f6r herrar \u00e4r frackjacka eller frockcoat. Annars kan en jacka i gammal stil fungera, men inte modern kavaj.<\/p>\n<p>Uniformer skall vara \u00e4ldre \u00e4n andra v\u00e4rldskriget. G\u00e4rna engelska, men\u00a0det \u00e4r inte n\u00f6dv\u00e4ndigt.<\/p>\n<p>Skapa empir-looken med enkla medel:<\/p>\n<ul>\n<li>Sy om ett par gamla kostymbyxor till kn\u00e4byxor. Anv\u00e4nd restbitarna fr\u00e5n benen f\u00f6r att sy en &#8221;&#8221;lucka&#8221;&#8221; framf\u00f6r gylfen.<\/li>\n<li>Kravatt eller halsduk \u00e4r n\u00e4stan obligatoriskt, men ocks\u00e5 s\u00e4rskilt bra f\u00f6r att d\u00f6lja en vanlig skjorta och ge den lite mer empir-klass.<\/li>\n<li>V\u00e4st \u00e4r alltid snyggt.<\/li>\n<li>Vissa delar fr\u00e5n folkdr\u00e4kter kan vara l\u00e4mpliga om du \u00e4ger eller har m\u00f6jlighet att l\u00e5na en s\u00e5dan.<\/li>\n<li>Anv\u00e4nd tajta byxor, som exempelvis ridbyxor, eller sy in ett par.<\/li>\n<li>Odla ett par respektingivande polisonger och spara g\u00e4rna ut lite l\u00e4ngre h\u00e5r.<\/li>\n<li>Vita handskar.<\/li>\n<\/ul>\n","protected":false},"excerpt":{"rendered":"<p>Byxor skall allra helst vara kn\u00e4byxor eller tajta nedtill. Ett bra knep \u00e4r annars\u00a0att anv\u00e4nda ridst\u00f6vlar eller andra kn\u00e4h\u00f6ga st\u00f6vlar som d\u00f6ljer byxorna. En bra \u00f6verdel f\u00f6r herrar \u00e4r frackjacka eller frockcoat. Annars kan en jacka i gammal stil fungera, men inte modern kavaj. Uniformer skall vara \u00e4ldre \u00e4n andra v\u00e4rldskriget. G\u00e4rna engelska, men\u00a0det \u00e4r &hellip; <\/p>\n<p class=\"link-more\"><a href=\"https:\/\/www.xn--empirsllskapet-bib.se\/index.php\/mode\/herrklader\/\" class=\"more-link\">Forts\u00e4tt l\u00e4sa<span class=\"screen-reader-text\"> \u201dHerrkl\u00e4der f\u00f6r dig som inte har empirkl\u00e4der\u201d<\/span><\/a><\/p>\n","protected":false},"author":1,"featured_media":0,"parent":14,"menu_order":0,"comment_status":"closed","ping_status":"closed","template":"","meta":{"footnotes":""},"class_list":["post-173","page","type-page","status-publish","hentry"],"_links":{"self":[{"href":"https:\/\/www.xn--empirsllskapet-bib.se\/index.php\/wp-json\/wp\/v2\/pages\/173","targetHints":{"allow":["GET"]}}],"collection":[{"href":"https:\/\/www.xn--empirsllskapet-bib.se\/index.php\/wp-json\/wp\/v2\/pages"}],"about":[{"href":"https:\/\/www.xn--empirsllskapet-bib.se\/index.php\/wp-json\/wp\/v2\/types\/page"}],"author":[{"embeddable":true,"href":"https:\/\/www.xn--empirsllskapet-bib.se\/index.php\/wp-json\/wp\/v2\/users\/1"}],"replies":[{"embeddable":true,"href":"https:\/\/www.xn--empirsllskapet-bib.se\/index.php\/wp-json\/wp\/v2\/comments?post=173"}],"version-history":[{"count":3,"href":"https:\/\/www.xn--empirsllskapet-bib.se\/index.php\/wp-json\/wp\/v2\/pages\/173\/revisions"}],"predecessor-version":[{"id":440,"href":"https:\/\/www.xn--empirsllskapet-bib.se\/index.php\/wp-json\/wp\/v2\/pages\/173\/revisions\/440"}],"up":[{"embeddable":true,"href":"https:\/\/www.xn--empirsllskapet-bib.se\/index.php\/wp-json\/wp\/v2\/pages\/14"}],"wp:attachment":[{"href":"https:\/\/www.xn--empirsllskapet-bib.se\/index.php\/wp-json\/wp\/v2\/media?parent=173"}],"curies":[{"name":"wp","href":"https:\/\/api.w.org\/{rel}","templated":true}]}}