{"id":177,"date":"2018-02-17T18:40:00","date_gmt":"2018-02-17T17:40:00","guid":{"rendered":"http:\/\/www.xn--empirsllskapet-bib.se\/?page_id=177"},"modified":"2024-12-26T17:58:39","modified_gmt":"2024-12-26T16:58:39","slug":"damklader","status":"publish","type":"page","link":"https:\/\/www.xn--empirsllskapet-bib.se\/index.php\/mode\/damklader\/","title":{"rendered":"Damkl\u00e4der f\u00f6r dig som inte har empirkl\u00e4der"},"content":{"rendered":"<p>En v\u00e4ldigt hj\u00e4lpsam guide f\u00f6r oss moderna kvinnor inf\u00f6r empirevenemang:&nbsp;<a title=\"\" lisa's=\"\" guide\"\"=\"\" href=\"\" http:=\"\" www.rochestercontra.com=\"\" womensballclothing.pdf\"\"=\"\" target=\"\" _blank\"\"=\"\">Lisa\u2019s Guide to Helping 21st Century Women Dress for a Regency Ball<\/a>.<\/p>\n<p>Om du inte har m\u00f6jlighet att sy eller k\u00f6pa\/hyra en empirkl\u00e4nning finns n\u00e5gra enkla medel hur man kan g\u00f6ra en modern kl\u00e4nning mer tidtypisk.<\/p>\n<p>* Ta en hell\u00e5ng kl\u00e4nning (helst med \u00e4rm) och knyt ett band under bysten f\u00f6r att skapa den karakteristiska empirmidjan.<\/p>\n<p>Eller&#8230;<\/p>\n<p>* Ta en sommarkl\u00e4nning med empirsk\u00e4rning och komplettera med en passande underkjol f\u00f6r att skapa en lager-p\u00e5-lager-look.<\/p>\n<p>Gifta kvinnor b\u00e4r helst en h\u00e4tta eller huvudbonad inomhus. Detta \u00e4r \u00e4ven ett bra knep f\u00f6r&nbsp;att d\u00f6lja korta otidsenliga frisyrer. En popul\u00e4r huvudbonad var en mindre varianter p\u00e5 turbaner, \u00e4ven bland ogifta damer. De kan enkelt tillverkas av en schal eller resttyg fr\u00e5n kl\u00e4nningen som lindas och eventuellt sys fast med n\u00e5gra stygn och sedan dekoreras&nbsp;med en plym eller brosch.&nbsp;<a title=\"\" guide=\"\" href=\"\" http:=\"\" oregonregency.blogspot.se=\"\" target=\"\" rel=\"noopener\">Guide&nbsp;<\/a>f\u00f6r tillverkning.<\/p>\n<p>Skorna ska helst vara platta, utan klack. Dagens ballerinaskor passar utm\u00e4rkt till empirutstyrseln &#8211; passa p\u00e5 att k\u00f6pa ett par innan vintern!<\/p>\n","protected":false},"excerpt":{"rendered":"<p>En v\u00e4ldigt hj\u00e4lpsam guide f\u00f6r oss moderna kvinnor inf\u00f6r empirevenemang:&nbsp;<\/p>\n","protected":false},"author":1,"featured_media":0,"parent":14,"menu_order":0,"comment_status":"closed","ping_status":"closed","template":"","meta":{"footnotes":""},"class_list":["post-177","page","type-page","status-publish","hentry"],"_links":{"self":[{"href":"https:\/\/www.xn--empirsllskapet-bib.se\/index.php\/wp-json\/wp\/v2\/pages\/177","targetHints":{"allow":["GET"]}}],"collection":[{"href":"https:\/\/www.xn--empirsllskapet-bib.se\/index.php\/wp-json\/wp\/v2\/pages"}],"about":[{"href":"https:\/\/www.xn--empirsllskapet-bib.se\/index.php\/wp-json\/wp\/v2\/types\/page"}],"author":[{"embeddable":true,"href":"https:\/\/www.xn--empirsllskapet-bib.se\/index.php\/wp-json\/wp\/v2\/users\/1"}],"replies":[{"embeddable":true,"href":"https:\/\/www.xn--empirsllskapet-bib.se\/index.php\/wp-json\/wp\/v2\/comments?post=177"}],"version-history":[{"count":5,"href":"https:\/\/www.xn--empirsllskapet-bib.se\/index.php\/wp-json\/wp\/v2\/pages\/177\/revisions"}],"predecessor-version":[{"id":441,"href":"https:\/\/www.xn--empirsllskapet-bib.se\/index.php\/wp-json\/wp\/v2\/pages\/177\/revisions\/441"}],"up":[{"embeddable":true,"href":"https:\/\/www.xn--empirsllskapet-bib.se\/index.php\/wp-json\/wp\/v2\/pages\/14"}],"wp:attachment":[{"href":"https:\/\/www.xn--empirsllskapet-bib.se\/index.php\/wp-json\/wp\/v2\/media?parent=177"}],"curies":[{"name":"wp","href":"https:\/\/api.w.org\/{rel}","templated":true}]}}