{"id":182,"date":"2018-02-18T12:53:07","date_gmt":"2018-02-18T11:53:07","guid":{"rendered":"http:\/\/www.xn--empirsllskapet-bib.se\/?page_id=182"},"modified":"2018-02-18T12:53:07","modified_gmt":"2018-02-18T11:53:07","slug":"sy-sjalv","status":"publish","type":"page","link":"https:\/\/www.xn--empirsllskapet-bib.se\/index.php\/mode\/sy-sjalv\/","title":{"rendered":"Sy sj\u00e4lv"},"content":{"rendered":"<p><strong>Svenska sidor:<\/strong><\/p>\n<p><strong><a title=\"\"Handelsgillet\"\" href=\"\"http:\/\/handelsgillet.se\"\" target=\"\"_blank\"\">Handelsgillet<\/a><\/strong> har mestadels medeltidsgrejer, men \u00e4ven n\u00e5gra bra 1800-talsm\u00f6nster f\u00f6r b\u00e5de herrar och damer. De har ocks\u00e5 str\u00e5bahytter f\u00f6r 1800-talsdamer.<\/p>\n<p>&nbsp;<\/p>\n<p><strong>Utl\u00e4ndska sidor:<\/strong><\/p>\n<p><strong><a title=\"\"Sense and Sensibility Patterns\"\" href=\"\"http:\/\/sensibility.com\/category\/patterns\/regency-era\/\"\" target=\"\"_blank\"\">Sense and Sensibility<\/a> <\/strong>har bra monster som \u00e4ven kan k\u00f6pas billigare som \u201ce-patterns\u201d som man laddar ner och skriver ut sj\u00e4lv. \u00c4ven det svenska Dazzling history s\u00e4ljer deras underkl\u00e4desm\u00f6nster.<\/p>\n<p><strong><a href=\"\"http:\/\/www.songsmyth.com\/costumerscompanion.html\"\" target=\"\"_blank\"\">Jessamyn\u2019s Regency Costume Companion<\/a> <\/strong>har mycket tips om allt fr\u00e5n material och tillverkning till h\u00e5r och smink. B\u00e5de f\u00f6r herrar och damer.<\/p>\n<p><strong><a href=\"\"http:\/\/store.reconstructinghistory.com\/historic-patterns\/regency.html\"\" target=\"\"_blank\"\">Reconstructing History<\/a><\/strong> har v\u00e4ldigt korrekta och fina m\u00f6nster f\u00f6r b\u00e5de damer och herrar f\u00f6r den som vill vara heltigenom tidsenlig.<\/p>\n","protected":false},"excerpt":{"rendered":"<p>Svenska sidor: Handelsgillet har mestadels medeltidsgrejer, men \u00e4ven n\u00e5gra bra 1800-talsm\u00f6nster f\u00f6r b\u00e5de herrar och damer. De har ocks\u00e5 str\u00e5bahytter f\u00f6r 1800-talsdamer. &nbsp; Utl\u00e4ndska sidor: Sense and Sensibility har bra monster som \u00e4ven kan k\u00f6pas billigare som \u201ce-patterns\u201d som man laddar ner och skriver ut sj\u00e4lv. \u00c4ven det svenska Dazzling history s\u00e4ljer deras underkl\u00e4desm\u00f6nster. Jessamyn\u2019s &hellip; <\/p>\n<p class=\"link-more\"><a href=\"https:\/\/www.xn--empirsllskapet-bib.se\/index.php\/mode\/sy-sjalv\/\" class=\"more-link\">Forts\u00e4tt l\u00e4sa<span class=\"screen-reader-text\"> \u201dSy sj\u00e4lv\u201d<\/span><\/a><\/p>\n","protected":false},"author":1,"featured_media":0,"parent":14,"menu_order":0,"comment_status":"closed","ping_status":"closed","template":"","meta":{"footnotes":""},"class_list":["post-182","page","type-page","status-publish","hentry"],"_links":{"self":[{"href":"https:\/\/www.xn--empirsllskapet-bib.se\/index.php\/wp-json\/wp\/v2\/pages\/182","targetHints":{"allow":["GET"]}}],"collection":[{"href":"https:\/\/www.xn--empirsllskapet-bib.se\/index.php\/wp-json\/wp\/v2\/pages"}],"about":[{"href":"https:\/\/www.xn--empirsllskapet-bib.se\/index.php\/wp-json\/wp\/v2\/types\/page"}],"author":[{"embeddable":true,"href":"https:\/\/www.xn--empirsllskapet-bib.se\/index.php\/wp-json\/wp\/v2\/users\/1"}],"replies":[{"embeddable":true,"href":"https:\/\/www.xn--empirsllskapet-bib.se\/index.php\/wp-json\/wp\/v2\/comments?post=182"}],"version-history":[{"count":1,"href":"https:\/\/www.xn--empirsllskapet-bib.se\/index.php\/wp-json\/wp\/v2\/pages\/182\/revisions"}],"predecessor-version":[{"id":183,"href":"https:\/\/www.xn--empirsllskapet-bib.se\/index.php\/wp-json\/wp\/v2\/pages\/182\/revisions\/183"}],"up":[{"embeddable":true,"href":"https:\/\/www.xn--empirsllskapet-bib.se\/index.php\/wp-json\/wp\/v2\/pages\/14"}],"wp:attachment":[{"href":"https:\/\/www.xn--empirsllskapet-bib.se\/index.php\/wp-json\/wp\/v2\/media?parent=182"}],"curies":[{"name":"wp","href":"https:\/\/api.w.org\/{rel}","templated":true}]}}