{"id":184,"date":"2018-02-18T12:54:09","date_gmt":"2018-02-18T11:54:09","guid":{"rendered":"http:\/\/www.xn--empirsllskapet-bib.se\/?page_id=184"},"modified":"2018-02-18T12:54:09","modified_gmt":"2018-02-18T11:54:09","slug":"kopa","status":"publish","type":"page","link":"https:\/\/www.xn--empirsllskapet-bib.se\/index.php\/mode\/kopa\/","title":{"rendered":"K\u00f6pa"},"content":{"rendered":"<p><strong>Svenska sidor som s\u00e4ljer empirkl\u00e4der:<\/strong><\/p>\n<p>&nbsp;<\/p>\n<p><strong>Utl\u00e4ndska sidor som s\u00e4ljer empirkl\u00e4der:\u00a0<\/strong><\/p>\n<p><strong><a title=\"\"The Bohemian Bell\"\" href=\"\"http:\/\/thebohemianbelle.com\/index.html\"\" target=\"\"_blank\"\">The Bohemian Belle<\/a>\u00a0<\/strong>f\u00f6r damerna.<strong> \u00a0<\/strong><a href=\"\"http:\/\/thebohemianbelle.com\/index.html\"\"><br \/>\n<\/a><\/p>\n<p><strong><a href=\"\"http:\/\/www.darcyclothing.com\/\"\" target=\"\"_blank\"\">Darcyclothing<\/a><\/strong>\u00a0f\u00f6r herrarna.<\/p>\n<p>&nbsp;<\/p>\n<p>N\u00e5gra\u00a0butiker\u00a0p\u00e5\u00a0etsy.com (site\u00a0d\u00e4r\u00a0folk\u00a0s\u00e4ljer\u00a0hemgjorda\u00a0saker):<\/p>\n<p><strong><a href=\"\"http:\/\/www.etsy.com\/shop\/regencyregalia?ref=seller_info\"\" target=\"\"_blank\"\">Regency Regalia<\/a><\/strong><\/p>\n<p><strong><a href=\"\"http:\/\/www.etsy.com\/shop\/historicseams?ref=seller_info\"\" target=\"\"_blank\"\">Historic Seams<\/a><\/strong><\/p>\n<p><strong><a href=\"\"http:\/\/www.etsy.com\/shop\/garlandofgrace?ref=seller_info\"\" target=\"\"_blank\"\">Garland of Grace<\/a><\/strong><\/p>\n<p><strong><a href=\"\"http:\/\/www.etsy.com\/shop\/Gentlemansjabot?ref=seller_info\"\" target=\"\"_blank\"\">Gentlemans Jabot<\/a><\/strong><\/p>\n<p><strong><a href=\"\"http:\/\/www.etsy.com\/shop\/EmmasRegency?ref=seller_info\"\" target=\"\"_blank\"\">Emma&#8217;s Regency<\/a><\/strong><\/p>\n","protected":false},"excerpt":{"rendered":"<p>Svenska sidor som s\u00e4ljer empirkl\u00e4der: &nbsp; Utl\u00e4ndska sidor som s\u00e4ljer empirkl\u00e4der:\u00a0 The Bohemian Belle\u00a0f\u00f6r damerna. \u00a0 Darcyclothing\u00a0f\u00f6r herrarna. &nbsp; N\u00e5gra\u00a0butiker\u00a0p\u00e5\u00a0etsy.com (site\u00a0d\u00e4r\u00a0folk\u00a0s\u00e4ljer\u00a0hemgjorda\u00a0saker): Regency Regalia Historic Seams Garland of Grace Gentlemans Jabot Emma&#8217;s Regency<\/p>\n","protected":false},"author":1,"featured_media":0,"parent":14,"menu_order":0,"comment_status":"closed","ping_status":"closed","template":"","meta":{"footnotes":""},"class_list":["post-184","page","type-page","status-publish","hentry"],"_links":{"self":[{"href":"https:\/\/www.xn--empirsllskapet-bib.se\/index.php\/wp-json\/wp\/v2\/pages\/184","targetHints":{"allow":["GET"]}}],"collection":[{"href":"https:\/\/www.xn--empirsllskapet-bib.se\/index.php\/wp-json\/wp\/v2\/pages"}],"about":[{"href":"https:\/\/www.xn--empirsllskapet-bib.se\/index.php\/wp-json\/wp\/v2\/types\/page"}],"author":[{"embeddable":true,"href":"https:\/\/www.xn--empirsllskapet-bib.se\/index.php\/wp-json\/wp\/v2\/users\/1"}],"replies":[{"embeddable":true,"href":"https:\/\/www.xn--empirsllskapet-bib.se\/index.php\/wp-json\/wp\/v2\/comments?post=184"}],"version-history":[{"count":1,"href":"https:\/\/www.xn--empirsllskapet-bib.se\/index.php\/wp-json\/wp\/v2\/pages\/184\/revisions"}],"predecessor-version":[{"id":185,"href":"https:\/\/www.xn--empirsllskapet-bib.se\/index.php\/wp-json\/wp\/v2\/pages\/184\/revisions\/185"}],"up":[{"embeddable":true,"href":"https:\/\/www.xn--empirsllskapet-bib.se\/index.php\/wp-json\/wp\/v2\/pages\/14"}],"wp:attachment":[{"href":"https:\/\/www.xn--empirsllskapet-bib.se\/index.php\/wp-json\/wp\/v2\/media?parent=184"}],"curies":[{"name":"wp","href":"https:\/\/api.w.org\/{rel}","templated":true}]}}