{"id":186,"date":"2018-02-18T12:55:38","date_gmt":"2018-02-18T11:55:38","guid":{"rendered":"http:\/\/www.xn--empirsllskapet-bib.se\/?page_id=186"},"modified":"2024-12-22T17:12:01","modified_gmt":"2024-12-22T16:12:01","slug":"hyra","status":"publish","type":"page","link":"https:\/\/www.xn--empirsllskapet-bib.se\/index.php\/mode\/hyra\/","title":{"rendered":"Hyra"},"content":{"rendered":"\n<p><\/p>\n\n\n<p><a href=\"https:\/\/regencyexperiences.com\/?page_id=47\"><span style=\"font-weight: 400;\">Dingwell &amp; Thornbloom<\/span><\/a><span style=\"font-weight: 400;\"> hyr ut sina egensydda empirkl\u00e4nningar med underkl\u00e4nning, korsett och v\u00e4ska. De h\u00e5ller till i Tierp, men kommer till lajvet Jane Austens v\u00e4rld \u2013 ett hyllningslajv (21 februari 2025) s\u00e5 att du kan f\u00e5 kl\u00e4derna p\u00e5 plats och hj\u00e4lp att komma i dem. V\u00e4lj storlek utifr\u00e5n deras storleksguide och klicka p\u00e5 din storlek f\u00f6r att f\u00e5 se bilder p\u00e5 de kl\u00e4nningar du kan v\u00e4lja bland.<\/span><\/p>\n<p><span style=\"font-weight: 400;\">Karl Gerhards atelj\u00e9 ligger p\u00e5 Burspr\u00e5ksv\u00e4gen 1 i Johanneshov (Stockholm) och hyr ut empirkl\u00e4der b\u00e5de <\/span><a href=\"https:\/\/www.karlgerhards.se\/1800-tal-herr\"><span style=\"font-weight: 400;\">till m\u00e4n<\/span><\/a><span style=\"font-weight: 400;\"> och <\/span><a href=\"https:\/\/www.karlgerhards.se\/1800-tal-dam\"><span style=\"font-weight: 400;\">till kvinnor<\/span><\/a><span style=\"font-weight: 400;\">. De hyr ut sina kl\u00e4nningar med hatt och v\u00e4ska i 4 dagar.<\/span><\/p>\n<p><span style=\"font-weight: 400;\"><a href=\"https:\/\/arbogateatern.se\/uthyrning\/\">Arbogateatern<\/a> hyr ut empirkl\u00e4der b\u00e5de till m\u00e4n och kvinnor. Vi vet inte om de skickar kl\u00e4der med posten eller om man beh\u00f6ver \u00e5ka dit och prova och h\u00e4mta.<\/span><\/p>","protected":false},"excerpt":{"rendered":"<p>Dingwell &amp; Thornbloom hyr ut sina egensydda empirkl\u00e4nningar med underkl\u00e4nning, korsett och v\u00e4ska. De h\u00e5ller till i Tierp, men kommer till lajvet Jane Austens v\u00e4rld \u2013 ett hyllningslajv (21 februari 2025) s\u00e5 att du kan f\u00e5 kl\u00e4derna p\u00e5 plats och hj\u00e4lp att komma i dem. V\u00e4lj storlek utifr\u00e5n deras storleksguide och klicka p\u00e5 din storlek &hellip; <\/p>\n<p class=\"link-more\"><a href=\"https:\/\/www.xn--empirsllskapet-bib.se\/index.php\/mode\/hyra\/\" class=\"more-link\">Forts\u00e4tt l\u00e4sa<span class=\"screen-reader-text\"> \u201dHyra\u201d<\/span><\/a><\/p>\n","protected":false},"author":1,"featured_media":0,"parent":14,"menu_order":0,"comment_status":"closed","ping_status":"closed","template":"","meta":{"footnotes":""},"class_list":["post-186","page","type-page","status-publish","hentry"],"_links":{"self":[{"href":"https:\/\/www.xn--empirsllskapet-bib.se\/index.php\/wp-json\/wp\/v2\/pages\/186","targetHints":{"allow":["GET"]}}],"collection":[{"href":"https:\/\/www.xn--empirsllskapet-bib.se\/index.php\/wp-json\/wp\/v2\/pages"}],"about":[{"href":"https:\/\/www.xn--empirsllskapet-bib.se\/index.php\/wp-json\/wp\/v2\/types\/page"}],"author":[{"embeddable":true,"href":"https:\/\/www.xn--empirsllskapet-bib.se\/index.php\/wp-json\/wp\/v2\/users\/1"}],"replies":[{"embeddable":true,"href":"https:\/\/www.xn--empirsllskapet-bib.se\/index.php\/wp-json\/wp\/v2\/comments?post=186"}],"version-history":[{"count":3,"href":"https:\/\/www.xn--empirsllskapet-bib.se\/index.php\/wp-json\/wp\/v2\/pages\/186\/revisions"}],"predecessor-version":[{"id":436,"href":"https:\/\/www.xn--empirsllskapet-bib.se\/index.php\/wp-json\/wp\/v2\/pages\/186\/revisions\/436"}],"up":[{"embeddable":true,"href":"https:\/\/www.xn--empirsllskapet-bib.se\/index.php\/wp-json\/wp\/v2\/pages\/14"}],"wp:attachment":[{"href":"https:\/\/www.xn--empirsllskapet-bib.se\/index.php\/wp-json\/wp\/v2\/media?parent=186"}],"curies":[{"name":"wp","href":"https:\/\/api.w.org\/{rel}","templated":true}]}}