{"id":188,"date":"2018-02-18T12:56:42","date_gmt":"2018-02-18T11:56:42","guid":{"rendered":"http:\/\/www.xn--empirsllskapet-bib.se\/?page_id=188"},"modified":"2018-02-18T12:57:11","modified_gmt":"2018-02-18T11:57:11","slug":"frisyrer","status":"publish","type":"page","link":"https:\/\/www.xn--empirsllskapet-bib.se\/index.php\/mode\/frisyrer\/","title":{"rendered":"Frisyrer"},"content":{"rendered":"<p>Bra instruktioner f\u00f6r enkla empirfrisyrer hittar du bland annat\u00a0<a title=\"\"Regencyfrisyrer\"\" href=\"\"http:\/\/locksofelegance.wordpress.com\/regency\/\"\" target=\"\"_blank\"\">h\u00e4r<\/a>&#8230;<\/p>\n<p>&#8230; och h\u00e4r f\u00f6r\u00a0<a title=\"\"Torrins Regency Up-Do\"\" href=\"\"https:\/\/www.youtube.com\/watch?v=toJ62kbXL0w\"\" target=\"\"_blank\"\">l\u00e5ngh\u00e5riga<\/a>\u00a0och <a title=\"\"Korth\u00e5riga\"\" href=\"\"http:\/\/www.maryrobinettekowal.com\/journal\/creating-a-regency-style-with-short-hair\/?doing_wp_cron=1375515198.0324749946594238281250\"\" target=\"\"_blank\"\">korth\u00e5riga<\/a>.<\/p>\n<p>&nbsp;<\/p>\n<p>&nbsp;<\/p>\n<p>F\u00f6r herrarna rekommenderar vi att ni l\u00e5ter h\u00e5ret v\u00e4xa ut en aning och \u00e4ven odlar ett par respektingivande polisonger f\u00f6r den r\u00e4tta empir-looken. Ett enkelt s\u00e4tt att f\u00e5 tips p\u00e5 frisyrer \u00e4r att se filmatiseringarna av b\u00f6ckerna, bland annat BBC:s Pride and Prejudice fr\u00e5n 1995.<\/p>\n","protected":false},"excerpt":{"rendered":"<p>Bra instruktioner f\u00f6r enkla empirfrisyrer hittar du bland annat\u00a0h\u00e4r&#8230; &#8230; och h\u00e4r f\u00f6r\u00a0l\u00e5ngh\u00e5riga\u00a0och korth\u00e5riga. &nbsp; &nbsp; F\u00f6r herrarna rekommenderar vi att ni l\u00e5ter h\u00e5ret v\u00e4xa ut en aning och \u00e4ven odlar ett par respektingivande polisonger f\u00f6r den r\u00e4tta empir-looken. Ett enkelt s\u00e4tt att f\u00e5 tips p\u00e5 frisyrer \u00e4r att se filmatiseringarna av b\u00f6ckerna, bland annat &hellip; <\/p>\n<p class=\"link-more\"><a href=\"https:\/\/www.xn--empirsllskapet-bib.se\/index.php\/mode\/frisyrer\/\" class=\"more-link\">Forts\u00e4tt l\u00e4sa<span class=\"screen-reader-text\"> \u201dFrisyrer\u201d<\/span><\/a><\/p>\n","protected":false},"author":1,"featured_media":0,"parent":14,"menu_order":0,"comment_status":"closed","ping_status":"closed","template":"","meta":{"footnotes":""},"class_list":["post-188","page","type-page","status-publish","hentry"],"_links":{"self":[{"href":"https:\/\/www.xn--empirsllskapet-bib.se\/index.php\/wp-json\/wp\/v2\/pages\/188","targetHints":{"allow":["GET"]}}],"collection":[{"href":"https:\/\/www.xn--empirsllskapet-bib.se\/index.php\/wp-json\/wp\/v2\/pages"}],"about":[{"href":"https:\/\/www.xn--empirsllskapet-bib.se\/index.php\/wp-json\/wp\/v2\/types\/page"}],"author":[{"embeddable":true,"href":"https:\/\/www.xn--empirsllskapet-bib.se\/index.php\/wp-json\/wp\/v2\/users\/1"}],"replies":[{"embeddable":true,"href":"https:\/\/www.xn--empirsllskapet-bib.se\/index.php\/wp-json\/wp\/v2\/comments?post=188"}],"version-history":[{"count":2,"href":"https:\/\/www.xn--empirsllskapet-bib.se\/index.php\/wp-json\/wp\/v2\/pages\/188\/revisions"}],"predecessor-version":[{"id":190,"href":"https:\/\/www.xn--empirsllskapet-bib.se\/index.php\/wp-json\/wp\/v2\/pages\/188\/revisions\/190"}],"up":[{"embeddable":true,"href":"https:\/\/www.xn--empirsllskapet-bib.se\/index.php\/wp-json\/wp\/v2\/pages\/14"}],"wp:attachment":[{"href":"https:\/\/www.xn--empirsllskapet-bib.se\/index.php\/wp-json\/wp\/v2\/media?parent=188"}],"curies":[{"name":"wp","href":"https:\/\/api.w.org\/{rel}","templated":true}]}}