{"id":191,"date":"2018-02-18T12:58:45","date_gmt":"2018-02-18T11:58:45","guid":{"rendered":"http:\/\/www.xn--empirsllskapet-bib.se\/?page_id=191"},"modified":"2018-02-18T13:00:14","modified_gmt":"2018-02-18T12:00:14","slug":"smycken","status":"publish","type":"page","link":"https:\/\/www.xn--empirsllskapet-bib.se\/index.php\/mode\/smycken\/","title":{"rendered":"Smycken"},"content":{"rendered":"<p>Enkelhet var n\u00e5got som karakteriserade perioden 1795-1830 och s\u00e5 \u00e4ven vad det g\u00e4llde smycken. Oftast hade man bara en enkel kedja i silver eller guld, ibland med p\u00e4rlor och eventulellt med ett litet kors p\u00e5.<\/p>\n<p>Kam\u00e9er, det vill s\u00e4ga graverade miniatyrportr\u00e4tt i exempelvis i onyx, jade eller agat, var ocks\u00e5 en vanlig form av smycken.\u00a0Diadem var en lyx som fr\u00e4mst bars av mycket f\u00f6rm\u00f6gna personer.<\/p>\n","protected":false},"excerpt":{"rendered":"<p>Enkelhet var n\u00e5got som karakteriserade perioden 1795-1830 och s\u00e5 \u00e4ven vad det g\u00e4llde smycken. Oftast hade man bara en enkel kedja i silver eller guld, ibland med p\u00e4rlor och eventulellt med ett litet kors p\u00e5. Kam\u00e9er, det vill s\u00e4ga graverade miniatyrportr\u00e4tt i exempelvis i onyx, jade eller agat, var ocks\u00e5 en vanlig form av smycken.\u00a0Diadem &hellip; <\/p>\n<p class=\"link-more\"><a href=\"https:\/\/www.xn--empirsllskapet-bib.se\/index.php\/mode\/smycken\/\" class=\"more-link\">Forts\u00e4tt l\u00e4sa<span class=\"screen-reader-text\"> \u201dSmycken\u201d<\/span><\/a><\/p>\n","protected":false},"author":1,"featured_media":0,"parent":14,"menu_order":0,"comment_status":"closed","ping_status":"closed","template":"","meta":{"footnotes":""},"class_list":["post-191","page","type-page","status-publish","hentry"],"_links":{"self":[{"href":"https:\/\/www.xn--empirsllskapet-bib.se\/index.php\/wp-json\/wp\/v2\/pages\/191","targetHints":{"allow":["GET"]}}],"collection":[{"href":"https:\/\/www.xn--empirsllskapet-bib.se\/index.php\/wp-json\/wp\/v2\/pages"}],"about":[{"href":"https:\/\/www.xn--empirsllskapet-bib.se\/index.php\/wp-json\/wp\/v2\/types\/page"}],"author":[{"embeddable":true,"href":"https:\/\/www.xn--empirsllskapet-bib.se\/index.php\/wp-json\/wp\/v2\/users\/1"}],"replies":[{"embeddable":true,"href":"https:\/\/www.xn--empirsllskapet-bib.se\/index.php\/wp-json\/wp\/v2\/comments?post=191"}],"version-history":[{"count":1,"href":"https:\/\/www.xn--empirsllskapet-bib.se\/index.php\/wp-json\/wp\/v2\/pages\/191\/revisions"}],"predecessor-version":[{"id":192,"href":"https:\/\/www.xn--empirsllskapet-bib.se\/index.php\/wp-json\/wp\/v2\/pages\/191\/revisions\/192"}],"up":[{"embeddable":true,"href":"https:\/\/www.xn--empirsllskapet-bib.se\/index.php\/wp-json\/wp\/v2\/pages\/14"}],"wp:attachment":[{"href":"https:\/\/www.xn--empirsllskapet-bib.se\/index.php\/wp-json\/wp\/v2\/media?parent=191"}],"curies":[{"name":"wp","href":"https:\/\/api.w.org\/{rel}","templated":true}]}}