{"id":20,"date":"2018-02-02T23:54:22","date_gmt":"2018-02-02T22:54:22","guid":{"rendered":"http:\/\/www.xn--empirsllskapet-bib.se\/?page_id=20"},"modified":"2018-02-18T15:35:42","modified_gmt":"2018-02-18T14:35:42","slug":"sallskapet","status":"publish","type":"page","link":"https:\/\/www.xn--empirsllskapet-bib.se\/index.php\/sallskapet\/","title":{"rendered":"S\u00e4llskapet"},"content":{"rendered":"<p>Vi \u00e4r en \u00f6ppen f\u00f6rening f\u00f6r alla trevliga m\u00e4nniskor med intresse f\u00f6r empirperioden (tidigt 1800-tal) som tycker om att kl\u00e4 sig tidsenligt och umg\u00e5s med likasinnade! Alla \u00e4r v\u00e4lkomna att vara med p\u00e5 eller arrangera picknickar, baler eller andra tidstypiska evenemang. Vi har ingen medlemsavgift och str\u00e4var efter att alla arrangemang ska vara gratis eller h\u00e5llas till sj\u00e4lvkostnadspris f\u00f6r att fler ska ha r\u00e5d att vara med.\u00a0Oftast ordnar vi empirpicknickar, men \u00e4ven afternoon tea, baler och Jane Austen-lajv.<\/p>\n","protected":false},"excerpt":{"rendered":"<p>Vi \u00e4r en \u00f6ppen f\u00f6rening f\u00f6r alla trevliga m\u00e4nniskor med intresse f\u00f6r empirperioden (tidigt 1800-tal) som tycker om att kl\u00e4 sig tidsenligt och umg\u00e5s med likasinnade! Alla \u00e4r v\u00e4lkomna att vara med p\u00e5 eller arrangera picknickar, baler eller andra tidstypiska evenemang. Vi har ingen medlemsavgift och str\u00e4var efter att alla arrangemang ska vara gratis eller &hellip; <\/p>\n<p class=\"link-more\"><a href=\"https:\/\/www.xn--empirsllskapet-bib.se\/index.php\/sallskapet\/\" class=\"more-link\">Forts\u00e4tt l\u00e4sa<span class=\"screen-reader-text\"> \u201dS\u00e4llskapet\u201d<\/span><\/a><\/p>\n","protected":false},"author":1,"featured_media":0,"parent":0,"menu_order":0,"comment_status":"closed","ping_status":"closed","template":"","meta":{"footnotes":""},"class_list":["post-20","page","type-page","status-publish","hentry"],"_links":{"self":[{"href":"https:\/\/www.xn--empirsllskapet-bib.se\/index.php\/wp-json\/wp\/v2\/pages\/20","targetHints":{"allow":["GET"]}}],"collection":[{"href":"https:\/\/www.xn--empirsllskapet-bib.se\/index.php\/wp-json\/wp\/v2\/pages"}],"about":[{"href":"https:\/\/www.xn--empirsllskapet-bib.se\/index.php\/wp-json\/wp\/v2\/types\/page"}],"author":[{"embeddable":true,"href":"https:\/\/www.xn--empirsllskapet-bib.se\/index.php\/wp-json\/wp\/v2\/users\/1"}],"replies":[{"embeddable":true,"href":"https:\/\/www.xn--empirsllskapet-bib.se\/index.php\/wp-json\/wp\/v2\/comments?post=20"}],"version-history":[{"count":3,"href":"https:\/\/www.xn--empirsllskapet-bib.se\/index.php\/wp-json\/wp\/v2\/pages\/20\/revisions"}],"predecessor-version":[{"id":273,"href":"https:\/\/www.xn--empirsllskapet-bib.se\/index.php\/wp-json\/wp\/v2\/pages\/20\/revisions\/273"}],"wp:attachment":[{"href":"https:\/\/www.xn--empirsllskapet-bib.se\/index.php\/wp-json\/wp\/v2\/media?parent=20"}],"curies":[{"name":"wp","href":"https:\/\/api.w.org\/{rel}","templated":true}]}}