{"id":203,"date":"2018-02-18T13:10:49","date_gmt":"2018-02-18T12:10:49","guid":{"rendered":"http:\/\/www.xn--empirsllskapet-bib.se\/?page_id=203"},"modified":"2018-02-18T13:10:49","modified_gmt":"2018-02-18T12:10:49","slug":"sverige-handelser-ar-for-ar","status":"publish","type":"page","link":"https:\/\/www.xn--empirsllskapet-bib.se\/index.php\/historia\/sverige-handelser-ar-for-ar\/","title":{"rendered":"Sverige &#8211; H\u00e4ndelser \u00e5r f\u00f6r \u00e5r"},"content":{"rendered":"<p><strong>Sverige<\/strong><\/p>\n<p>1808: Finska kriget, mellan Sverige och Ryssland, startar.<\/p>\n<p>1809: Finland f\u00f6rloras till Ryssland i Finska kriget och Gustav IV Adolf avs\u00e4tts. Hans farbror Karl XIII blir kung.<\/p>\n<p>1810: Den barnl\u00f6se kungen Karl XIII:s adoptivson, den danske prinsen Kristian August (Karl August som svensk kronprins), d\u00f6r i slaganfall. I samband med begravningst\u00e5get m\u00f6rdas riksmarskalken Axel von Fersen, som misst\u00e4nktes ha f\u00f6rgiftat prinsen. Kungens nya adoptivson, och Sveriges nya kronprins, blir nu marskalk Jean Baptiste Bernadotte. Han f\u00e5r det svenska namnet Karl Johan.<\/p>\n<p>1812: Karl Johan tar i praktiken \u00f6ver styret av Sverige, d\u00e5 kungen blivit allt \u00e4ldre och tr\u00f6ttare.<\/p>\n<p>1814: Svensk-norska unionen.<\/p>\n<p>1818: Karl XII avlider den 5 februari och Karl XIV Johan blir kung av Sverige och Norge.<\/p>\n<p>&nbsp;<\/p>\n<p>&nbsp;<\/p>\n","protected":false},"excerpt":{"rendered":"<p>Sverige 1808: Finska kriget, mellan Sverige och Ryssland, startar. 1809: Finland f\u00f6rloras till Ryssland i Finska kriget och Gustav IV Adolf avs\u00e4tts. Hans farbror Karl XIII blir kung. 1810: Den barnl\u00f6se kungen Karl XIII:s adoptivson, den danske prinsen Kristian August (Karl August som svensk kronprins), d\u00f6r i slaganfall. I samband med begravningst\u00e5get m\u00f6rdas riksmarskalken Axel &hellip; <\/p>\n<p class=\"link-more\"><a href=\"https:\/\/www.xn--empirsllskapet-bib.se\/index.php\/historia\/sverige-handelser-ar-for-ar\/\" class=\"more-link\">Forts\u00e4tt l\u00e4sa<span class=\"screen-reader-text\"> \u201dSverige &#8211; H\u00e4ndelser \u00e5r f\u00f6r \u00e5r\u201d<\/span><\/a><\/p>\n","protected":false},"author":1,"featured_media":0,"parent":7,"menu_order":0,"comment_status":"closed","ping_status":"closed","template":"","meta":{"footnotes":""},"class_list":["post-203","page","type-page","status-publish","hentry"],"_links":{"self":[{"href":"https:\/\/www.xn--empirsllskapet-bib.se\/index.php\/wp-json\/wp\/v2\/pages\/203","targetHints":{"allow":["GET"]}}],"collection":[{"href":"https:\/\/www.xn--empirsllskapet-bib.se\/index.php\/wp-json\/wp\/v2\/pages"}],"about":[{"href":"https:\/\/www.xn--empirsllskapet-bib.se\/index.php\/wp-json\/wp\/v2\/types\/page"}],"author":[{"embeddable":true,"href":"https:\/\/www.xn--empirsllskapet-bib.se\/index.php\/wp-json\/wp\/v2\/users\/1"}],"replies":[{"embeddable":true,"href":"https:\/\/www.xn--empirsllskapet-bib.se\/index.php\/wp-json\/wp\/v2\/comments?post=203"}],"version-history":[{"count":1,"href":"https:\/\/www.xn--empirsllskapet-bib.se\/index.php\/wp-json\/wp\/v2\/pages\/203\/revisions"}],"predecessor-version":[{"id":204,"href":"https:\/\/www.xn--empirsllskapet-bib.se\/index.php\/wp-json\/wp\/v2\/pages\/203\/revisions\/204"}],"up":[{"embeddable":true,"href":"https:\/\/www.xn--empirsllskapet-bib.se\/index.php\/wp-json\/wp\/v2\/pages\/7"}],"wp:attachment":[{"href":"https:\/\/www.xn--empirsllskapet-bib.se\/index.php\/wp-json\/wp\/v2\/media?parent=203"}],"curies":[{"name":"wp","href":"https:\/\/api.w.org\/{rel}","templated":true}]}}