{"id":205,"date":"2018-02-18T13:16:19","date_gmt":"2018-02-18T12:16:19","guid":{"rendered":"http:\/\/www.xn--empirsllskapet-bib.se\/?page_id=205"},"modified":"2018-02-18T13:16:19","modified_gmt":"2018-02-18T12:16:19","slug":"europa-handelser-ar-for-ar","status":"publish","type":"page","link":"https:\/\/www.xn--empirsllskapet-bib.se\/index.php\/historia\/europa-handelser-ar-for-ar\/","title":{"rendered":"Europa &#8211; H\u00e4ndelser \u00e5r f\u00f6r \u00e5r"},"content":{"rendered":"<p>1789: Den Franska revolutionen inleds.<\/p>\n<p>1793: Krig startar mellan Frankrike och den f\u00f6rsta koalitionen (\u00d6sterrike, Preussen, Storbritannien, Spanien, Sardinien och Neapel).<\/p>\n<p>1798: Kriget forts\u00e4tter mellan Frankrike och den andra koalitionen. (Storbritannien, Preussen, \u00d6sterrike, Ryssland, Sverige, Neapel, Portugal och Ottomanska riket.)<\/p>\n<p>1799: Napoleon tar i en statskupp makten \u00f6ver Frankrike och utropar sig till f\u00f6rste konsul.<\/p>\n<p>1800: Det f\u00f6rsta batteriet uppfinns.<\/p>\n<p>1802: I Amiens sluts fred p\u00e5 Frankrikes villkor mellan Frankrike och den andra koalitionen. Det f\u00f6rsta \u00e5ngfartyget byggs.<\/p>\n<p>1803: Kriget \u00e5terupptas mellan Frankrike och Storbritannien.<\/p>\n<p>1804: Napoleon utropar sig till kejsare.<\/p>\n<p>1805: Den tredje koalitionen mot Frankrike bildas. (Storbritannien, Ryssland, \u00d6sterrike, Sverige, Portugal och Tyskromerska riket). Den brittiske amiralen Lord Nelson besegrar den Fransk-Spanska flottan vid Trafalgar, men f\u00f6r resten av koalitionen g\u00e5r det uselt. \u00d6sterrike kapitulerar efter slagen vid Ulm och Austerlitz.<\/p>\n<p>1806: Den fj\u00e4rde koalitionen mot Frankrike bildas. (Preussen, Ryssland, Storbritannien och Sverige.) Preussen kapitulerar efter slaget vid Jena och det Heliga Tyskromerska riket upph\u00f6r att existera. Napoleon utropar en handelsblockad mot Storbritannien.<\/p>\n<p>1807: Ryssland kapitulerar efter slaget vid Friedland.<\/p>\n<p>1808: Ryssland och Frankrike anfaller Sverige. Det f\u00f6rsta fullskaliga \u00e5ngdrivna lokomotivet demonstreras.<\/p>\n<p>1809: Sverige kapitulerar och f\u00f6rlorar Finland till Ryssland. England och \u00d6sterrike bildar en femte koalition men \u00d6sterrike besegras p\u00e5 nytt vid Wagram. Den elektriska telegrafen och den f\u00f6rsta elektriska belysningen uppfinns.<\/p>\n<p>1810-1811: Det franska imperiet n\u00e5r sitt maximum.<\/p>\n<p>1812: Ryssland h\u00e4ver kontinentalblockaden och anfalls d\u00e4rf\u00f6r av Frankrike. Napoleon intar Moskva men under \u00e5tert\u00e5get krossas den stora arm\u00e9n av k\u00f6ld, hunger och ryska anfall.<\/p>\n<p>1813: En sj\u00e4tte koalition mot Napoleon bildas. (Ryssland, Sverige, Storbritannien, Portugal, Preussen och \u00d6sterrike.) Koalitionen segrar vid Denevitz, Salamanca och Vittoria. Napoleon retirerar och ett avg\u00f6rande verkar vara p\u00e5 v\u00e4g i n\u00e4rheten av Leipzig.<\/p>\n","protected":false},"excerpt":{"rendered":"<p>1789: Den Franska revolutionen inleds. 1793: Krig startar mellan Frankrike och den f\u00f6rsta koalitionen (\u00d6sterrike, Preussen, Storbritannien, Spanien, Sardinien och Neapel). 1798: Kriget forts\u00e4tter mellan Frankrike och den andra koalitionen. (Storbritannien, Preussen, \u00d6sterrike, Ryssland, Sverige, Neapel, Portugal och Ottomanska riket.) 1799: Napoleon tar i en statskupp makten \u00f6ver Frankrike och utropar sig till f\u00f6rste konsul. &hellip; <\/p>\n<p class=\"link-more\"><a href=\"https:\/\/www.xn--empirsllskapet-bib.se\/index.php\/historia\/europa-handelser-ar-for-ar\/\" class=\"more-link\">Forts\u00e4tt l\u00e4sa<span class=\"screen-reader-text\"> \u201dEuropa &#8211; H\u00e4ndelser \u00e5r f\u00f6r \u00e5r\u201d<\/span><\/a><\/p>\n","protected":false},"author":1,"featured_media":0,"parent":7,"menu_order":0,"comment_status":"closed","ping_status":"closed","template":"","meta":{"footnotes":""},"class_list":["post-205","page","type-page","status-publish","hentry"],"_links":{"self":[{"href":"https:\/\/www.xn--empirsllskapet-bib.se\/index.php\/wp-json\/wp\/v2\/pages\/205","targetHints":{"allow":["GET"]}}],"collection":[{"href":"https:\/\/www.xn--empirsllskapet-bib.se\/index.php\/wp-json\/wp\/v2\/pages"}],"about":[{"href":"https:\/\/www.xn--empirsllskapet-bib.se\/index.php\/wp-json\/wp\/v2\/types\/page"}],"author":[{"embeddable":true,"href":"https:\/\/www.xn--empirsllskapet-bib.se\/index.php\/wp-json\/wp\/v2\/users\/1"}],"replies":[{"embeddable":true,"href":"https:\/\/www.xn--empirsllskapet-bib.se\/index.php\/wp-json\/wp\/v2\/comments?post=205"}],"version-history":[{"count":1,"href":"https:\/\/www.xn--empirsllskapet-bib.se\/index.php\/wp-json\/wp\/v2\/pages\/205\/revisions"}],"predecessor-version":[{"id":206,"href":"https:\/\/www.xn--empirsllskapet-bib.se\/index.php\/wp-json\/wp\/v2\/pages\/205\/revisions\/206"}],"up":[{"embeddable":true,"href":"https:\/\/www.xn--empirsllskapet-bib.se\/index.php\/wp-json\/wp\/v2\/pages\/7"}],"wp:attachment":[{"href":"https:\/\/www.xn--empirsllskapet-bib.se\/index.php\/wp-json\/wp\/v2\/media?parent=205"}],"curies":[{"name":"wp","href":"https:\/\/api.w.org\/{rel}","templated":true}]}}