{"id":207,"date":"2018-02-18T13:17:38","date_gmt":"2018-02-18T12:17:38","guid":{"rendered":"http:\/\/www.xn--empirsllskapet-bib.se\/?page_id=207"},"modified":"2018-02-18T13:17:38","modified_gmt":"2018-02-18T12:17:38","slug":"napoleonkrigen","status":"publish","type":"page","link":"https:\/\/www.xn--empirsllskapet-bib.se\/index.php\/historia\/napoleonkrigen\/","title":{"rendered":"Napoleonkrigen"},"content":{"rendered":"<p>Den franska revolutionen 1789 var startskottet p\u00e5 en orolig tid i Europas i historia som varade \u00e4nda fram till slaget vid Waterloo 1815. Frankrikes grannl\u00e4nder var konstitutionella monarkier som fruktade att den blodiga revolutionen skulle sprida sig \u00f6ver kontinenten och f\u00f6ga \u00f6verraskande hamnade den nybildade republiken d\u00e4rf\u00f6r i krig med \u00d6sterrike, Preussen, England, Spanien och Neapel. Republiken lyckades emellertid segra \u00f6ver koalitionen, bland annat p\u00e5 grund av inf\u00f6randet av en massinkallad v\u00e4rnpliktsarm\u00e9. Fred sl\u00f6ts i staden Amiens 1802 och Frankrike annekterade stora landomr\u00e5den, bland annat i Tyskland och Italien.<\/p>\n<p>Den segerrike f\u00e4ltherren Napoleon som 1799 tagit kontrollen \u00f6ver Frankrike utropade sig till kejsare 1804 och f\u00f6rberedde sig d\u00e4refter p\u00e5 ett nytt storskaligt krig. En ny koalition best\u00e5ende av \u00d6sterrike, Preussen, England, Ryssland och Sverige bildades d\u00e4rf\u00f6r mot Frankrike 1804. Det gick emellertid minst lika illa denna g\u00e5ng. \u00d6sterrike krossades vid Auserlitz 1805, Preussen vid Jena-Auerstadt 1806 och Ryssland vid Friedland 1807. Sverige besegrades 1809 av Ryssland som bytt sida. Endast England lyckades h\u00e5lla st\u00e5nd tack vare amiral lord Nelsons seger vid Trafalgar 1805. \u00c5r 1809 stod s\u00e5lunda England utan allierade mot ett Frankrike som beh\u00e4rskade n\u00e4stan hela den Europeiska kontinenten.<\/p>\n<p>Nyckeln till Napoleons framg\u00e5ngar var snabba arm\u00e9f\u00f6rflyttningar med minimal tross, kraftsamlingar mot fiendens svaga punkter, \u00f6verraskningsanfall samt en m\u00e5ls\u00e4ttning att f\u00f6rs\u00f6ka sl\u00e5 motst\u00e5ndarna en i taget.<\/p>\n<p>I ett f\u00f6rs\u00f6k att sv\u00e4lta England till kapitulation inf\u00f6rde Napoleon en handelsblockad kallad kontinentalblockaden 1806. Engelsm\u00e4nnen for illa av blockaden, men det visade sig att Ryssland var mer beroende av Engelska varor \u00e4n vice versa, vilket fick den ryske Tsar Alexander att i strid mot Napoleons vilja h\u00e4va blockaden f\u00f6r sitt lands r\u00e4kning 1812. Napoleon reagerade snabbt genom att angripa Ryssland med en gigantisk arm\u00e9 inneh\u00e5llande \u00f6ver 500\u00a0000 soldater 1812. Ryssarna f\u00f6rs\u00f6kte med enstaka undantag (tex Borodino) undvika avg\u00f6rande slag och anv\u00e4nde den br\u00e4nda jordens taktik, v\u00e4l medvetna om fransm\u00e4nnens vana att ha en underdimensionerad tross. Den franska arm\u00e9n er\u00f6vrade ett brinnande Moskva utan strid, men sedan kom den ryska vintern, vilken i kombinationen med sv\u00e4lt och ryska anfall krossade den stolta franska arm\u00e9n under vintern 1812.<\/p>\n<p>N\u00e4r Preussen, Sverige och \u00d6sterrike fick h\u00f6ra vad som h\u00e4nt i Ryssland tog de p\u00e5 nytt upp kampen mot Frankrike p\u00e5 Englands och Rysslands sida. En allierad h\u00e4r har under h\u00f6sten 1813 slagit fransm\u00e4nnen vid Dennewitz och en engelsk h\u00e4r under ledning av Sir Wellington har nyligen vunnit slag vid Salamanca, Madrid och Vittoria. Sakta men s\u00e4kert drivs Napoleons styrkor tillbaka, men \u00e4nnu \u00e4r kriget l\u00e5ngt ifr\u00e5n vunnet. Det ryktas om att det drar ihop sig till ett gigantiskt avg\u00f6rande slag runt Leipzig och m\u00e5nga h\u00e5ller med b\u00e4van tummarna inf\u00f6r utg\u00e5ngen\u2026<\/p>\n<p><a title=\"\"Karta \u00f6ver politiskt l\u00e4ge i Europa 1813\"\" href=\"\"http:\/\/En.wikipedia.org\/wiki\/File:War_of_the_Sixth_Coalition_1812.svg\"\" target=\"\"_blank\"\">Karta &#8211; Politiskt l\u00e4ge i Europa 1813<\/a>.<\/p>\n","protected":false},"excerpt":{"rendered":"<p>Den franska revolutionen 1789 var startskottet p\u00e5 en orolig tid i Europas i historia som varade \u00e4nda fram till slaget vid Waterloo 1815. Frankrikes grannl\u00e4nder var konstitutionella monarkier som fruktade att den blodiga revolutionen skulle sprida sig \u00f6ver kontinenten och f\u00f6ga \u00f6verraskande hamnade den nybildade republiken d\u00e4rf\u00f6r i krig med \u00d6sterrike, Preussen, England, Spanien och &hellip; <\/p>\n<p class=\"link-more\"><a href=\"https:\/\/www.xn--empirsllskapet-bib.se\/index.php\/historia\/napoleonkrigen\/\" class=\"more-link\">Forts\u00e4tt l\u00e4sa<span class=\"screen-reader-text\"> \u201dNapoleonkrigen\u201d<\/span><\/a><\/p>\n","protected":false},"author":1,"featured_media":0,"parent":7,"menu_order":0,"comment_status":"closed","ping_status":"closed","template":"","meta":{"footnotes":""},"class_list":["post-207","page","type-page","status-publish","hentry"],"_links":{"self":[{"href":"https:\/\/www.xn--empirsllskapet-bib.se\/index.php\/wp-json\/wp\/v2\/pages\/207","targetHints":{"allow":["GET"]}}],"collection":[{"href":"https:\/\/www.xn--empirsllskapet-bib.se\/index.php\/wp-json\/wp\/v2\/pages"}],"about":[{"href":"https:\/\/www.xn--empirsllskapet-bib.se\/index.php\/wp-json\/wp\/v2\/types\/page"}],"author":[{"embeddable":true,"href":"https:\/\/www.xn--empirsllskapet-bib.se\/index.php\/wp-json\/wp\/v2\/users\/1"}],"replies":[{"embeddable":true,"href":"https:\/\/www.xn--empirsllskapet-bib.se\/index.php\/wp-json\/wp\/v2\/comments?post=207"}],"version-history":[{"count":1,"href":"https:\/\/www.xn--empirsllskapet-bib.se\/index.php\/wp-json\/wp\/v2\/pages\/207\/revisions"}],"predecessor-version":[{"id":208,"href":"https:\/\/www.xn--empirsllskapet-bib.se\/index.php\/wp-json\/wp\/v2\/pages\/207\/revisions\/208"}],"up":[{"embeddable":true,"href":"https:\/\/www.xn--empirsllskapet-bib.se\/index.php\/wp-json\/wp\/v2\/pages\/7"}],"wp:attachment":[{"href":"https:\/\/www.xn--empirsllskapet-bib.se\/index.php\/wp-json\/wp\/v2\/media?parent=207"}],"curies":[{"name":"wp","href":"https:\/\/api.w.org\/{rel}","templated":true}]}}