{"id":209,"date":"2018-02-18T13:18:27","date_gmt":"2018-02-18T12:18:27","guid":{"rendered":"http:\/\/www.xn--empirsllskapet-bib.se\/?page_id=209"},"modified":"2018-02-18T13:20:18","modified_gmt":"2018-02-18T12:20:18","slug":"empiren","status":"publish","type":"page","link":"https:\/\/www.xn--empirsllskapet-bib.se\/index.php\/historia\/empiren\/","title":{"rendered":"Empiren"},"content":{"rendered":"<p>Empir, eller empirstil, h\u00e4nvisar till det som ocks\u00e5 kallas kejsarstil eller Napoleonstil, och \u00e4r ursprungligen en fransk konststil som dominerade under Napoleon I:s kejsartid 1804-1815.<\/p>\n<p>I Sverige anv\u00e4nds ofta stilbegreppet Karl Johanstil, vilket syftar p\u00e5 Karl Johans kronprins- och regenttid 1810-1844.<\/p>\n<p>I Jane Austens v\u00e4rld pratar vi ist\u00e4llet om Regency-eran, 1811-1820, som var en period i Englands historia d\u00e5 kung George III ans\u00e5gs of\u00f6rm\u00f6gen att forts\u00e4tta regera, s\u00e5 hans son, prinsen av Wales, tog \u00f6ver styret som prinsregent.\u00a0Efter kungens d\u00f6d blev prinsen kung George IV.<\/p>\n","protected":false},"excerpt":{"rendered":"<p>Empir, eller empirstil, h\u00e4nvisar till det som ocks\u00e5 kallas kejsarstil eller Napoleonstil, och \u00e4r ursprungligen en fransk konststil som dominerade under Napoleon I:s kejsartid 1804-1815. I Sverige anv\u00e4nds ofta stilbegreppet Karl Johanstil, vilket syftar p\u00e5 Karl Johans kronprins- och regenttid 1810-1844. I Jane Austens v\u00e4rld pratar vi ist\u00e4llet om Regency-eran, 1811-1820, som var en period &hellip; <\/p>\n<p class=\"link-more\"><a href=\"https:\/\/www.xn--empirsllskapet-bib.se\/index.php\/historia\/empiren\/\" class=\"more-link\">Forts\u00e4tt l\u00e4sa<span class=\"screen-reader-text\"> \u201dEmpiren\u201d<\/span><\/a><\/p>\n","protected":false},"author":1,"featured_media":0,"parent":7,"menu_order":0,"comment_status":"closed","ping_status":"closed","template":"","meta":{"footnotes":""},"class_list":["post-209","page","type-page","status-publish","hentry"],"_links":{"self":[{"href":"https:\/\/www.xn--empirsllskapet-bib.se\/index.php\/wp-json\/wp\/v2\/pages\/209","targetHints":{"allow":["GET"]}}],"collection":[{"href":"https:\/\/www.xn--empirsllskapet-bib.se\/index.php\/wp-json\/wp\/v2\/pages"}],"about":[{"href":"https:\/\/www.xn--empirsllskapet-bib.se\/index.php\/wp-json\/wp\/v2\/types\/page"}],"author":[{"embeddable":true,"href":"https:\/\/www.xn--empirsllskapet-bib.se\/index.php\/wp-json\/wp\/v2\/users\/1"}],"replies":[{"embeddable":true,"href":"https:\/\/www.xn--empirsllskapet-bib.se\/index.php\/wp-json\/wp\/v2\/comments?post=209"}],"version-history":[{"count":1,"href":"https:\/\/www.xn--empirsllskapet-bib.se\/index.php\/wp-json\/wp\/v2\/pages\/209\/revisions"}],"predecessor-version":[{"id":210,"href":"https:\/\/www.xn--empirsllskapet-bib.se\/index.php\/wp-json\/wp\/v2\/pages\/209\/revisions\/210"}],"up":[{"embeddable":true,"href":"https:\/\/www.xn--empirsllskapet-bib.se\/index.php\/wp-json\/wp\/v2\/pages\/7"}],"wp:attachment":[{"href":"https:\/\/www.xn--empirsllskapet-bib.se\/index.php\/wp-json\/wp\/v2\/media?parent=209"}],"curies":[{"name":"wp","href":"https:\/\/api.w.org\/{rel}","templated":true}]}}