{"id":22,"date":"2018-02-02T23:55:01","date_gmt":"2018-02-02T22:55:01","guid":{"rendered":"http:\/\/www.xn--empirsllskapet-bib.se\/?page_id=22"},"modified":"2018-02-18T15:31:59","modified_gmt":"2018-02-18T14:31:59","slug":"introduktion","status":"publish","type":"page","link":"https:\/\/www.xn--empirsllskapet-bib.se\/index.php\/jane-austen\/introduktion\/","title":{"rendered":"En introduktion till Jane Austens v\u00e4rld"},"content":{"rendered":"<p>Jane Austens romaner har lockat l\u00e4sare i flera hundra \u00e5r. Kanske beror det p\u00e5 att hon beskriver situationer och k\u00e4nslor som \u00e4ven m\u00e4nniskor i senare tid kan relatera till. Att ber\u00e4ttelserna utspelas i en sp\u00e4nnande tid, milj\u00f6 och kultur g\u00f6r dem f\u00f6rst\u00e5s \u00e4nnu intressantare. Den brittiska empiren (Regency Era) k\u00e4nnetecknades av ett upph\u00f6jande av det romantiska, belevade och h\u00f6viska, vilket kan te sig lockande i dagens samh\u00e4lle. Samtidigt var samh\u00e4llet strikt klassindelat och mycket begr\u00e4nsande f\u00f6r kvinnor och de mindre v\u00e4l bemedlade. Jane Austens f\u00f6rfattarskap inneh\u00f6ll s\u00e5ledes romantik, passion och st\u00e4mning, men \u00e4ven konflikter baserade p\u00e5 k\u00f6n, status och begr\u00e4nsande normer.<\/p>\n<p>Somliga stora f\u00f6rfattare skrev f\u00f6r mycket, andra skrev precis tillr\u00e4ckligt och s\u00e5 finns det n\u00e5gra som skrev alldeles f\u00f6r lite f\u00f6r att kunna tillfredsst\u00e4lla sina beundrare. Jane Austen \u00e4r definitivt en av de sistn\u00e4mnda. M\u00e5nga skulle nog fr\u00f6jdas mer \u00e5t att finna en ny roman av Jane Austen \u00e4n av n\u00e5gon annan f\u00f6rfattare i historien, m\u00f6jligtvis med undantag f\u00f6r Shakespeare. D\u00e5 detta troligtvis inte kommer h\u00e4nda f\u00e5 vi n\u00f6ja oss med att om och om igen gl\u00e4djas \u00e5t att l\u00e4sa hennes romaner och andra texter, alla vilka t\u00e5ls att l\u00e4sas p\u00e5 nytt utan att gl\u00e4djen f\u00f6rtas.<\/p>\n<p>Empirs\u00e4llskapet har grundats utifr\u00e5n ett intresse f\u00f6r Jane Austen och hennes v\u00e4rld. P\u00e5 v\u00e5r webbplats samlar vi information, analyser och tankar om viktiga och intressanta aspekter av den v\u00e4rld Jane Austen presenterar f\u00f6r oss i sina romaner och texter.<\/p>\n<p>Informationen \u00e4r sammanst\u00e4lld fr\u00e5n introduktioner, fotnoter och \u00f6vriga inl\u00e4gg som finns med i <em>Penguin Classics<\/em>,\u00a0<em>Wordsworth Classics<\/em> eller <em>Oxford world&#8217;s Classics<\/em>\u00a0versioner av b\u00f6ckerna\u00a0 <em>Sense and Sensibility,\u00a0Lady Susan, The Watson<\/em> and <em>Sanditon<\/em> och <em>Emma<\/em>. Samt fr\u00e5n<a href=\"http:\/\/www.pemberley.com\/janeinfo\/\" target=\"_blank\" rel=\"noopener\"> webbplatsen\u00a0Jane Austen Information Page<\/a>.<\/p>\n","protected":false},"excerpt":{"rendered":"<p>Jane Austens romaner har lockat l\u00e4sare i flera hundra \u00e5r. Kanske beror det p\u00e5 att hon beskriver situationer och k\u00e4nslor som \u00e4ven m\u00e4nniskor i senare tid kan relatera till. Att ber\u00e4ttelserna utspelas i en sp\u00e4nnande tid, milj\u00f6 och kultur g\u00f6r dem f\u00f6rst\u00e5s \u00e4nnu intressantare. Den brittiska empiren (Regency Era) k\u00e4nnetecknades av ett upph\u00f6jande av det &hellip; <\/p>\n<p class=\"link-more\"><a href=\"https:\/\/www.xn--empirsllskapet-bib.se\/index.php\/jane-austen\/introduktion\/\" class=\"more-link\">Forts\u00e4tt l\u00e4sa<span class=\"screen-reader-text\"> \u201dEn introduktion till Jane Austens v\u00e4rld\u201d<\/span><\/a><\/p>\n","protected":false},"author":1,"featured_media":0,"parent":5,"menu_order":0,"comment_status":"closed","ping_status":"closed","template":"","meta":{"footnotes":""},"class_list":["post-22","page","type-page","status-publish","hentry"],"_links":{"self":[{"href":"https:\/\/www.xn--empirsllskapet-bib.se\/index.php\/wp-json\/wp\/v2\/pages\/22","targetHints":{"allow":["GET"]}}],"collection":[{"href":"https:\/\/www.xn--empirsllskapet-bib.se\/index.php\/wp-json\/wp\/v2\/pages"}],"about":[{"href":"https:\/\/www.xn--empirsllskapet-bib.se\/index.php\/wp-json\/wp\/v2\/types\/page"}],"author":[{"embeddable":true,"href":"https:\/\/www.xn--empirsllskapet-bib.se\/index.php\/wp-json\/wp\/v2\/users\/1"}],"replies":[{"embeddable":true,"href":"https:\/\/www.xn--empirsllskapet-bib.se\/index.php\/wp-json\/wp\/v2\/comments?post=22"}],"version-history":[{"count":4,"href":"https:\/\/www.xn--empirsllskapet-bib.se\/index.php\/wp-json\/wp\/v2\/pages\/22\/revisions"}],"predecessor-version":[{"id":271,"href":"https:\/\/www.xn--empirsllskapet-bib.se\/index.php\/wp-json\/wp\/v2\/pages\/22\/revisions\/271"}],"up":[{"embeddable":true,"href":"https:\/\/www.xn--empirsllskapet-bib.se\/index.php\/wp-json\/wp\/v2\/pages\/5"}],"wp:attachment":[{"href":"https:\/\/www.xn--empirsllskapet-bib.se\/index.php\/wp-json\/wp\/v2\/media?parent=22"}],"curies":[{"name":"wp","href":"https:\/\/api.w.org\/{rel}","templated":true}]}}