{"id":25,"date":"2018-02-02T23:55:20","date_gmt":"2018-02-02T22:55:20","guid":{"rendered":"http:\/\/www.xn--empirsllskapet-bib.se\/?page_id=25"},"modified":"2018-02-18T15:26:18","modified_gmt":"2018-02-18T14:26:18","slug":"jane-austens-liv","status":"publish","type":"page","link":"https:\/\/www.xn--empirsllskapet-bib.se\/index.php\/jane-austen\/jane-austens-liv\/","title":{"rendered":"Jane Austens liv"},"content":{"rendered":"<p>Jane Austen f\u00f6ddes \u00e5r 1775 i Hampshire, England, som n\u00e4st yngsta barnet i en syskonskara p\u00e5 \u00e5tta barn. Hennes \u00e4ldre syster Cassandra var hennes n\u00e4rmsta v\u00e4n i livet. Av br\u00f6derna stod hon n\u00e4rmast Henry, som senare ocks\u00e5 blev hennes litter\u00e4ra agent.<\/p>\n<p>Redan s\u00e5 tidigt som \u00e5r 1787 b\u00f6rjade Jane Austen skriva korta texter, pj\u00e4ser och dikter f\u00f6r sin egen och sin familjs underh\u00e5llning. Dessa finns idag samlade under titeln <em>Juvenilia<\/em> och inneh\u00e5ller texter som skrevs under \u00e5ren 1787-1793.<\/p>\n<p>&nbsp;<\/p>\n","protected":false},"excerpt":{"rendered":"<p>Jane Austen f\u00f6ddes \u00e5r 1775 i Hampshire, England, som n\u00e4st yngsta barnet i en syskonskara p\u00e5 \u00e5tta barn. Hennes \u00e4ldre syster Cassandra var hennes n\u00e4rmsta v\u00e4n i livet. Av br\u00f6derna stod hon n\u00e4rmast Henry, som senare ocks\u00e5 blev hennes litter\u00e4ra agent. Redan s\u00e5 tidigt som \u00e5r 1787 b\u00f6rjade Jane Austen skriva korta texter, pj\u00e4ser och &hellip; <\/p>\n<p class=\"link-more\"><a href=\"https:\/\/www.xn--empirsllskapet-bib.se\/index.php\/jane-austen\/jane-austens-liv\/\" class=\"more-link\">Forts\u00e4tt l\u00e4sa<span class=\"screen-reader-text\"> \u201dJane Austens liv\u201d<\/span><\/a><\/p>\n","protected":false},"author":1,"featured_media":0,"parent":5,"menu_order":1,"comment_status":"closed","ping_status":"closed","template":"","meta":{"footnotes":""},"class_list":["post-25","page","type-page","status-publish","hentry"],"_links":{"self":[{"href":"https:\/\/www.xn--empirsllskapet-bib.se\/index.php\/wp-json\/wp\/v2\/pages\/25","targetHints":{"allow":["GET"]}}],"collection":[{"href":"https:\/\/www.xn--empirsllskapet-bib.se\/index.php\/wp-json\/wp\/v2\/pages"}],"about":[{"href":"https:\/\/www.xn--empirsllskapet-bib.se\/index.php\/wp-json\/wp\/v2\/types\/page"}],"author":[{"embeddable":true,"href":"https:\/\/www.xn--empirsllskapet-bib.se\/index.php\/wp-json\/wp\/v2\/users\/1"}],"replies":[{"embeddable":true,"href":"https:\/\/www.xn--empirsllskapet-bib.se\/index.php\/wp-json\/wp\/v2\/comments?post=25"}],"version-history":[{"count":2,"href":"https:\/\/www.xn--empirsllskapet-bib.se\/index.php\/wp-json\/wp\/v2\/pages\/25\/revisions"}],"predecessor-version":[{"id":268,"href":"https:\/\/www.xn--empirsllskapet-bib.se\/index.php\/wp-json\/wp\/v2\/pages\/25\/revisions\/268"}],"up":[{"embeddable":true,"href":"https:\/\/www.xn--empirsllskapet-bib.se\/index.php\/wp-json\/wp\/v2\/pages\/5"}],"wp:attachment":[{"href":"https:\/\/www.xn--empirsllskapet-bib.se\/index.php\/wp-json\/wp\/v2\/media?parent=25"}],"curies":[{"name":"wp","href":"https:\/\/api.w.org\/{rel}","templated":true}]}}