{"id":294,"date":"2018-05-31T21:16:06","date_gmt":"2018-05-31T19:16:06","guid":{"rendered":"http:\/\/www.xn--empirsllskapet-bib.se\/?page_id=294"},"modified":"2018-05-31T21:16:06","modified_gmt":"2018-05-31T19:16:06","slug":"teknologi","status":"publish","type":"page","link":"https:\/\/www.xn--empirsllskapet-bib.se\/index.php\/vetenskap\/teknologi\/","title":{"rendered":"Teknologi"},"content":{"rendered":"<p>Under empiren har den industriella revolutionen inletts i England och den sprider sig vidare \u00f6ver Europa. Textilindustrin h\u00f6r till de f\u00f6rsta omr\u00e5den som ber\u00f6rs. \u00c5ngmaskinen b\u00f6rjar anv\u00e4ndas i industriella sammanhang och det f\u00f6rsta \u00e5ngdrivna lokomotivet demonstrerades av Richard Trevithick 1808. Effektivare metoder f\u00f6r framst\u00e4llning av st\u00e5l och j\u00e4rn har nyligen tagits fram vilket till exempel m\u00f6jligg\u00f6r byggandet av broar av j\u00e4rn. Telegrafen uppfinns av Samuel Thomas von S\u00f6mmerling \u00e5r 1809 och den f\u00f6rsta elektriska ljusk\u00e4llan av Davis Humpfry 1809.<\/p>\n","protected":false},"excerpt":{"rendered":"<p>Under empiren har den industriella revolutionen inletts i England och den sprider sig vidare \u00f6ver Europa. Textilindustrin h\u00f6r till de f\u00f6rsta omr\u00e5den som ber\u00f6rs. \u00c5ngmaskinen b\u00f6rjar anv\u00e4ndas i industriella sammanhang och det f\u00f6rsta \u00e5ngdrivna lokomotivet demonstrerades av Richard Trevithick 1808. Effektivare metoder f\u00f6r framst\u00e4llning av st\u00e5l och j\u00e4rn har nyligen tagits fram vilket till exempel &hellip; <\/p>\n<p class=\"link-more\"><a href=\"https:\/\/www.xn--empirsllskapet-bib.se\/index.php\/vetenskap\/teknologi\/\" class=\"more-link\">Forts\u00e4tt l\u00e4sa<span class=\"screen-reader-text\"> \u201dTeknologi\u201d<\/span><\/a><\/p>\n","protected":false},"author":1,"featured_media":0,"parent":18,"menu_order":0,"comment_status":"closed","ping_status":"closed","template":"","meta":{"footnotes":""},"class_list":["post-294","page","type-page","status-publish","hentry"],"_links":{"self":[{"href":"https:\/\/www.xn--empirsllskapet-bib.se\/index.php\/wp-json\/wp\/v2\/pages\/294","targetHints":{"allow":["GET"]}}],"collection":[{"href":"https:\/\/www.xn--empirsllskapet-bib.se\/index.php\/wp-json\/wp\/v2\/pages"}],"about":[{"href":"https:\/\/www.xn--empirsllskapet-bib.se\/index.php\/wp-json\/wp\/v2\/types\/page"}],"author":[{"embeddable":true,"href":"https:\/\/www.xn--empirsllskapet-bib.se\/index.php\/wp-json\/wp\/v2\/users\/1"}],"replies":[{"embeddable":true,"href":"https:\/\/www.xn--empirsllskapet-bib.se\/index.php\/wp-json\/wp\/v2\/comments?post=294"}],"version-history":[{"count":1,"href":"https:\/\/www.xn--empirsllskapet-bib.se\/index.php\/wp-json\/wp\/v2\/pages\/294\/revisions"}],"predecessor-version":[{"id":295,"href":"https:\/\/www.xn--empirsllskapet-bib.se\/index.php\/wp-json\/wp\/v2\/pages\/294\/revisions\/295"}],"up":[{"embeddable":true,"href":"https:\/\/www.xn--empirsllskapet-bib.se\/index.php\/wp-json\/wp\/v2\/pages\/18"}],"wp:attachment":[{"href":"https:\/\/www.xn--empirsllskapet-bib.se\/index.php\/wp-json\/wp\/v2\/media?parent=294"}],"curies":[{"name":"wp","href":"https:\/\/api.w.org\/{rel}","templated":true}]}}