{"id":296,"date":"2018-05-31T21:16:45","date_gmt":"2018-05-31T19:16:45","guid":{"rendered":"http:\/\/www.xn--empirsllskapet-bib.se\/?page_id=296"},"modified":"2018-05-31T21:25:46","modified_gmt":"2018-05-31T19:25:46","slug":"fysik-mekanik-och-matematik","status":"publish","type":"page","link":"https:\/\/www.xn--empirsllskapet-bib.se\/index.php\/vetenskap\/fysik-mekanik-och-matematik\/","title":{"rendered":"Fysik, mekanik och matematik"},"content":{"rendered":"<ul>\n<li>Under 1600-talet gjorde Galileo Galileo och Nocolaus Copernicus stora framsteg inom astronomin och Ren\u00e9 Descartes utvecklade den analytiska geometrin.<\/li>\n<li>Robert Hooke formulerade elasticitetsekvationen 1678.<\/li>\n<li>Sir Isaac Newton formulerade i &#8221;Philosopiae Naturalis Principia Mathematica&#8221; 1687 sina ber\u00f6mda r\u00f6relseekvationer som \u00e4r fundamenten inom analytisk mekanik. Han uppt\u00e4ckte ljusspektrumet, ljudets hastighet, binomialf\u00f6rdelningen, reflektorteleskopet och en numerisk metod f\u00f6r att hitta r\u00f6tterna till matematiska funktioner. Parallellt med Gottfried Leibnitz utvecklade han dessutom differential- och integralkalkylen.<\/li>\n<li>Christian Huygens gjorde framsteg inom optik runt 1690.<\/li>\n<li>Daniel Bernoulli mfl l\u00f6ste differentialekvationer och gjorde framsteg inom v\u00e5gr\u00f6relsel\u00e4ra kring 1734.<\/li>\n<li>En rad matematiker inklusive Euler, Legendre, Laplace och d&#8217;Alambert utvecklade under mitten av 1700-talet transformteori, konvergerande serier och teorier f\u00f6r partiella differentialekvationer.<\/li>\n<li>Charles-Augustin de Coulomb formulerade hur laddade partiklar interagerar 1785.<\/li>\n<li>Henry Cavendish studerade atmosf\u00e4rens sammans\u00e4ttning och ber\u00e4knade jordens massa kring 1798.<\/li>\n<li>Allessandro Volta utvecklade det elektriska batteriet 1800.<\/li>\n<li>Thomas Young demonstrerade ljusets v\u00e5g-partikeldualitet 1801.<\/li>\n<li>Carl-Friedrich Gauss gjorde stora framsteg inom komplex analys, algebra, serieanalys, integralkalkyl, mm under tidigt 1800-tal.<\/li>\n<li>Joseph Fourier utvecklade Fourieranalysen, uppt\u00e4ckte v\u00e4xthuseffekten och formulerade v\u00e4rmeledningsekvationerna kring 1807.<\/li>\n<\/ul>\n","protected":false},"excerpt":{"rendered":"<p>Under 1600-talet gjorde Galileo Galileo och Nocolaus Copernicus stora framsteg inom astronomin och Ren\u00e9 Descartes utvecklade den analytiska geometrin. Robert Hooke formulerade elasticitetsekvationen 1678. Sir Isaac Newton formulerade i &#8221;Philosopiae Naturalis Principia Mathematica&#8221; 1687 sina ber\u00f6mda r\u00f6relseekvationer som \u00e4r fundamenten inom analytisk mekanik. Han uppt\u00e4ckte ljusspektrumet, ljudets hastighet, binomialf\u00f6rdelningen, reflektorteleskopet och en numerisk metod f\u00f6r &hellip; <\/p>\n<p class=\"link-more\"><a href=\"https:\/\/www.xn--empirsllskapet-bib.se\/index.php\/vetenskap\/fysik-mekanik-och-matematik\/\" class=\"more-link\">Forts\u00e4tt l\u00e4sa<span class=\"screen-reader-text\"> \u201dFysik, mekanik och matematik\u201d<\/span><\/a><\/p>\n","protected":false},"author":1,"featured_media":0,"parent":18,"menu_order":0,"comment_status":"closed","ping_status":"closed","template":"","meta":{"footnotes":""},"class_list":["post-296","page","type-page","status-publish","hentry"],"_links":{"self":[{"href":"https:\/\/www.xn--empirsllskapet-bib.se\/index.php\/wp-json\/wp\/v2\/pages\/296","targetHints":{"allow":["GET"]}}],"collection":[{"href":"https:\/\/www.xn--empirsllskapet-bib.se\/index.php\/wp-json\/wp\/v2\/pages"}],"about":[{"href":"https:\/\/www.xn--empirsllskapet-bib.se\/index.php\/wp-json\/wp\/v2\/types\/page"}],"author":[{"embeddable":true,"href":"https:\/\/www.xn--empirsllskapet-bib.se\/index.php\/wp-json\/wp\/v2\/users\/1"}],"replies":[{"embeddable":true,"href":"https:\/\/www.xn--empirsllskapet-bib.se\/index.php\/wp-json\/wp\/v2\/comments?post=296"}],"version-history":[{"count":3,"href":"https:\/\/www.xn--empirsllskapet-bib.se\/index.php\/wp-json\/wp\/v2\/pages\/296\/revisions"}],"predecessor-version":[{"id":308,"href":"https:\/\/www.xn--empirsllskapet-bib.se\/index.php\/wp-json\/wp\/v2\/pages\/296\/revisions\/308"}],"up":[{"embeddable":true,"href":"https:\/\/www.xn--empirsllskapet-bib.se\/index.php\/wp-json\/wp\/v2\/pages\/18"}],"wp:attachment":[{"href":"https:\/\/www.xn--empirsllskapet-bib.se\/index.php\/wp-json\/wp\/v2\/media?parent=296"}],"curies":[{"name":"wp","href":"https:\/\/api.w.org\/{rel}","templated":true}]}}