{"id":301,"date":"2018-05-31T21:18:09","date_gmt":"2018-05-31T19:18:09","guid":{"rendered":"http:\/\/www.xn--empirsllskapet-bib.se\/?page_id=301"},"modified":"2018-05-31T21:18:09","modified_gmt":"2018-05-31T19:18:09","slug":"biologi","status":"publish","type":"page","link":"https:\/\/www.xn--empirsllskapet-bib.se\/index.php\/vetenskap\/biologi\/","title":{"rendered":"Biologi"},"content":{"rendered":"<p>Carl von Linn\u00e9 publicerade ett system f\u00f6r klassifikation av djur och v\u00e4xter \u00e5r 1735 och runt 1790\u00a0ins\u00e5g\u00a0George Cuvier att fossiler \u00e4r l\u00e4mningar efter utd\u00f6da arter. Alexander von Humboldt b\u00f6rjade samtidigt systematiskt studera storskaliga biologiska fenomen s\u00e5som klimatzoner.<\/p>\n","protected":false},"excerpt":{"rendered":"<p>Carl von Linn\u00e9 publicerade ett system f\u00f6r klassifikation av djur och v\u00e4xter \u00e5r 1735 och runt 1790\u00a0ins\u00e5g\u00a0George Cuvier att fossiler \u00e4r l\u00e4mningar efter utd\u00f6da arter. Alexander von Humboldt b\u00f6rjade samtidigt systematiskt studera storskaliga biologiska fenomen s\u00e5som klimatzoner.<\/p>\n","protected":false},"author":1,"featured_media":0,"parent":18,"menu_order":0,"comment_status":"closed","ping_status":"closed","template":"","meta":{"footnotes":""},"class_list":["post-301","page","type-page","status-publish","hentry"],"_links":{"self":[{"href":"https:\/\/www.xn--empirsllskapet-bib.se\/index.php\/wp-json\/wp\/v2\/pages\/301","targetHints":{"allow":["GET"]}}],"collection":[{"href":"https:\/\/www.xn--empirsllskapet-bib.se\/index.php\/wp-json\/wp\/v2\/pages"}],"about":[{"href":"https:\/\/www.xn--empirsllskapet-bib.se\/index.php\/wp-json\/wp\/v2\/types\/page"}],"author":[{"embeddable":true,"href":"https:\/\/www.xn--empirsllskapet-bib.se\/index.php\/wp-json\/wp\/v2\/users\/1"}],"replies":[{"embeddable":true,"href":"https:\/\/www.xn--empirsllskapet-bib.se\/index.php\/wp-json\/wp\/v2\/comments?post=301"}],"version-history":[{"count":1,"href":"https:\/\/www.xn--empirsllskapet-bib.se\/index.php\/wp-json\/wp\/v2\/pages\/301\/revisions"}],"predecessor-version":[{"id":302,"href":"https:\/\/www.xn--empirsllskapet-bib.se\/index.php\/wp-json\/wp\/v2\/pages\/301\/revisions\/302"}],"up":[{"embeddable":true,"href":"https:\/\/www.xn--empirsllskapet-bib.se\/index.php\/wp-json\/wp\/v2\/pages\/18"}],"wp:attachment":[{"href":"https:\/\/www.xn--empirsllskapet-bib.se\/index.php\/wp-json\/wp\/v2\/media?parent=301"}],"curies":[{"name":"wp","href":"https:\/\/api.w.org\/{rel}","templated":true}]}}