{"id":312,"date":"2018-12-07T15:29:36","date_gmt":"2018-12-07T14:29:36","guid":{"rendered":"http:\/\/www.xn--empirsllskapet-bib.se\/?page_id=312"},"modified":"2024-12-26T19:23:11","modified_gmt":"2024-12-26T18:23:11","slug":"johans-tradgard","status":"publish","type":"page","link":"https:\/\/www.xn--empirsllskapet-bib.se\/index.php\/dans\/johans-tradgard\/","title":{"rendered":"Johans tr\u00e4dg\u00e5rd (The Garyon)"},"content":{"rendered":"<p>Tolkad av Anna L\u00f6fgren i hennes och Vilhelm Dahll\u00f6fs dansbok <em>Samling av svenska turer<\/em> fr\u00e5n 2017. Musikfiler och noter finns p\u00e5 <a href=\"http:\/\/www.xn--dahllf-0xa.se\/Dansbok\/\" target=\"_blank\" rel=\"noopener\">hemsidan f\u00f6r dansboken.<\/a><\/p>\n<p><em>Uppst\u00e4llning<\/em>: L\u00e5ngdans, parvis p\u00e5 led. Paren delas in i \u201cettor\u201d och \u201dtv\u00e5or\u201d, med b\u00f6rjan fr\u00e5n det f\u00f6rsta paret. Ettorna dansar med de bakomvarande tv\u00e5orna och f\u00e5r nya tv\u00e5or att dansa med n\u00e4r progression sker. Dansas med g\u00e5ngsteg.<\/p>\n<p><em>1-8<\/em>&nbsp;&nbsp; Ettorna och tv\u00e5orna g\u00f6r f\u00f6rst 16 steg h\u00f6gerhandskors och sen 16 steg v\u00e4nsterhandskors med varandra.<br \/>\n<em>9-16<\/em>&nbsp;&nbsp;&nbsp;Ettorna fattar en hand och vandrar ner 8 steg mellan tv\u00e5orna och 8 steg tillbaka.<br \/>\n<em>9-16<\/em>&nbsp;&nbsp;&nbsp;Ettorna kastar om tv\u00e5orna till deras plats p\u00e5 8 steg medan tv\u00e5orna g\u00e5r upp till ettornas plats. Ettorna dansar om med dubbel handfattning p\u00e5 8 steg.<\/p>\n","protected":false},"excerpt":{"rendered":"<p>Tolkad av Anna L\u00f6fgren i hennes och Vilhelm Dahll\u00f6fs dansbok Samling av svenska turer fr\u00e5n 2017. Musikfiler och noter finns p\u00e5 hemsidan f\u00f6r dansboken. Uppst\u00e4llning: L\u00e5ngdans, parvis p\u00e5 led. Paren delas in i \u201cettor\u201d och \u201dtv\u00e5or\u201d, med b\u00f6rjan fr\u00e5n det f\u00f6rsta paret. Ettorna dansar med de bakomvarande tv\u00e5orna och f\u00e5r nya tv\u00e5or att dansa med &hellip; <\/p>\n<p class=\"link-more\"><a href=\"https:\/\/www.xn--empirsllskapet-bib.se\/index.php\/dans\/johans-tradgard\/\" class=\"more-link\">Forts\u00e4tt l\u00e4sa<span class=\"screen-reader-text\"> \u201dJohans tr\u00e4dg\u00e5rd (The Garyon)\u201d<\/span><\/a><\/p>\n","protected":false},"author":1,"featured_media":0,"parent":11,"menu_order":11,"comment_status":"closed","ping_status":"closed","template":"","meta":{"footnotes":""},"class_list":["post-312","page","type-page","status-publish","hentry"],"_links":{"self":[{"href":"https:\/\/www.xn--empirsllskapet-bib.se\/index.php\/wp-json\/wp\/v2\/pages\/312","targetHints":{"allow":["GET"]}}],"collection":[{"href":"https:\/\/www.xn--empirsllskapet-bib.se\/index.php\/wp-json\/wp\/v2\/pages"}],"about":[{"href":"https:\/\/www.xn--empirsllskapet-bib.se\/index.php\/wp-json\/wp\/v2\/types\/page"}],"author":[{"embeddable":true,"href":"https:\/\/www.xn--empirsllskapet-bib.se\/index.php\/wp-json\/wp\/v2\/users\/1"}],"replies":[{"embeddable":true,"href":"https:\/\/www.xn--empirsllskapet-bib.se\/index.php\/wp-json\/wp\/v2\/comments?post=312"}],"version-history":[{"count":4,"href":"https:\/\/www.xn--empirsllskapet-bib.se\/index.php\/wp-json\/wp\/v2\/pages\/312\/revisions"}],"predecessor-version":[{"id":463,"href":"https:\/\/www.xn--empirsllskapet-bib.se\/index.php\/wp-json\/wp\/v2\/pages\/312\/revisions\/463"}],"up":[{"embeddable":true,"href":"https:\/\/www.xn--empirsllskapet-bib.se\/index.php\/wp-json\/wp\/v2\/pages\/11"}],"wp:attachment":[{"href":"https:\/\/www.xn--empirsllskapet-bib.se\/index.php\/wp-json\/wp\/v2\/media?parent=312"}],"curies":[{"name":"wp","href":"https:\/\/api.w.org\/{rel}","templated":true}]}}