{"id":326,"date":"2018-12-07T23:42:40","date_gmt":"2018-12-07T22:42:40","guid":{"rendered":"http:\/\/www.xn--empirsllskapet-bib.se\/?page_id=326"},"modified":"2018-12-07T23:42:40","modified_gmt":"2018-12-07T22:42:40","slug":"overflodsforordningen","status":"publish","type":"page","link":"https:\/\/www.xn--empirsllskapet-bib.se\/index.php\/dans\/overflodsforordningen\/","title":{"rendered":"\u00d6verfl\u00f6dsf\u00f6rordningen"},"content":{"rendered":"<p>Tolkad av Anna L\u00f6fgren i hennes och Vilhelm Dahll\u00f6fs dansbok <em>Samling av svenska turer<\/em> fr\u00e5n 2017. Musikfiler och noter finns p\u00e5 <a href=\"http:\/\/www.xn--dahllf-0xa.se\/Dansbok\/\" target=\"_blank\" rel=\"noopener\">hemsidan f\u00f6r dansboken<\/a>.<\/p>\n<p><em>Uppst\u00e4llning<\/em>: Kontradans\/kadrilj (fyra par i fyrkant, numrerade fr\u00e5n 1 till 4, d\u00e4r par 1 och 3 som st\u00e5r mittemot varandra \u00e4r premi\u00e4rpar och par 2 och 4 \u00e4r sekondpar).<\/p>\n<p><em>Steg<\/em>: G\u00e5ngsteg<\/p>\n<p>|1-8|\u00a0\u00a0\u00a0\u00a0\u00a0\u00a0\u00a0\u00a0\u00a0\u00a0\u00a0\u00a0\u00a0 Stor rond medsols och motsols.<\/p>\n<p>9-12\u00a0\u00a0\u00a0\u00a0\u00a0\u00a0\u00a0\u00a0\u00a0\u00a0\u00a0\u00a0\u00a0 Premi\u00e4rparen g\u00f6r poussette: paren v\u00e4nder sig mot varandra och fattar b\u00e5da h\u00e4nderna, kavaljeren skjuter sin dam framf\u00f6r sig till h\u00f6rnet i uppst\u00e4llningen. Premi\u00e4rparen g\u00f6r sedan en pas de riguadon.<\/p>\n<p>13-16\u00a0\u00a0\u00a0\u00a0\u00a0\u00a0\u00a0\u00a0\u00a0\u00a0\u00a0 Premi\u00e4rparen g\u00f6r h\u00f6gerhandskors med varandra tillbaka till sina platser.<\/p>\n<p>9-16\u00a0\u00a0\u00a0\u00a0\u00a0\u00a0\u00a0\u00a0\u00a0\u00a0\u00a0\u00a0\u00a0 Sekondparen upprepar.<\/p>\n<p>17-34\u00a0\u00a0\u00a0\u00a0\u00a0\u00a0\u00a0\u00a0\u00a0\u00a0\u00a0 Alla v\u00e4nder sig mot sin h\u00f6rnpartner och g\u00f6r balanc\u00e9, pas de riguadon och omdansning.<\/p>\n<p>17-24\u00a0\u00a0\u00a0\u00a0\u00a0\u00a0\u00a0\u00a0\u00a0\u00a0\u00a0 Alla upprepar med egen partner.<\/p>\n","protected":false},"excerpt":{"rendered":"<p>Tolkad av Anna L\u00f6fgren i hennes och Vilhelm Dahll\u00f6fs dansbok Samling av svenska turer fr\u00e5n 2017. Musikfiler och noter finns p\u00e5 hemsidan f\u00f6r dansboken. Uppst\u00e4llning: Kontradans\/kadrilj (fyra par i fyrkant, numrerade fr\u00e5n 1 till 4, d\u00e4r par 1 och 3 som st\u00e5r mittemot varandra \u00e4r premi\u00e4rpar och par 2 och 4 \u00e4r sekondpar). Steg: G\u00e5ngsteg &hellip; <\/p>\n<p class=\"link-more\"><a href=\"https:\/\/www.xn--empirsllskapet-bib.se\/index.php\/dans\/overflodsforordningen\/\" class=\"more-link\">Forts\u00e4tt l\u00e4sa<span class=\"screen-reader-text\"> \u201d\u00d6verfl\u00f6dsf\u00f6rordningen\u201d<\/span><\/a><\/p>\n","protected":false},"author":1,"featured_media":0,"parent":11,"menu_order":0,"comment_status":"closed","ping_status":"closed","template":"","meta":{"footnotes":""},"class_list":["post-326","page","type-page","status-publish","hentry"],"_links":{"self":[{"href":"https:\/\/www.xn--empirsllskapet-bib.se\/index.php\/wp-json\/wp\/v2\/pages\/326","targetHints":{"allow":["GET"]}}],"collection":[{"href":"https:\/\/www.xn--empirsllskapet-bib.se\/index.php\/wp-json\/wp\/v2\/pages"}],"about":[{"href":"https:\/\/www.xn--empirsllskapet-bib.se\/index.php\/wp-json\/wp\/v2\/types\/page"}],"author":[{"embeddable":true,"href":"https:\/\/www.xn--empirsllskapet-bib.se\/index.php\/wp-json\/wp\/v2\/users\/1"}],"replies":[{"embeddable":true,"href":"https:\/\/www.xn--empirsllskapet-bib.se\/index.php\/wp-json\/wp\/v2\/comments?post=326"}],"version-history":[{"count":1,"href":"https:\/\/www.xn--empirsllskapet-bib.se\/index.php\/wp-json\/wp\/v2\/pages\/326\/revisions"}],"predecessor-version":[{"id":327,"href":"https:\/\/www.xn--empirsllskapet-bib.se\/index.php\/wp-json\/wp\/v2\/pages\/326\/revisions\/327"}],"up":[{"embeddable":true,"href":"https:\/\/www.xn--empirsllskapet-bib.se\/index.php\/wp-json\/wp\/v2\/pages\/11"}],"wp:attachment":[{"href":"https:\/\/www.xn--empirsllskapet-bib.se\/index.php\/wp-json\/wp\/v2\/media?parent=326"}],"curies":[{"name":"wp","href":"https:\/\/api.w.org\/{rel}","templated":true}]}}