{"id":351,"date":"2019-01-06T20:09:24","date_gmt":"2019-01-06T19:09:24","guid":{"rendered":"http:\/\/www.xn--empirsllskapet-bib.se\/?page_id=351"},"modified":"2019-01-06T22:59:49","modified_gmt":"2019-01-06T21:59:49","slug":"le-carillon-national","status":"publish","type":"page","link":"https:\/\/www.xn--empirsllskapet-bib.se\/index.php\/dans\/le-carillon-national\/","title":{"rendered":"Le Carillon National"},"content":{"rendered":"<p><strong><a href=\"https:\/\/youtu.be\/zlSAOunEnPI\" target=\"_blank\" rel=\"noopener\">H\u00e4r ser du medlemmar i Empirs\u00e4llskapet och Gustafs Sk\u00e5l dansa Le Carillon National<\/a><\/strong><\/p>\n<p>Tolkad av Anna L\u00f6fgren och beskriven av Ylva Berry.<\/p>\n<p><em>Uppst\u00e4llning<\/em>: Kontradans\/kadrilj (fyra par i fyrkant, numrerade fr\u00e5n 1 till 4, d\u00e4r par 1 och 3 som st\u00e5r mittemot varandra \u00e4r premi\u00e4rpar och par 2 och 4 \u00e4r sekondpar).<\/p>\n<p>Stor rond med 12 chass\u00e9steg och pas de riguadon p\u00e5 fyra taktslag. Dito tillbaka.<\/p>\n<p>Kavaljer 1 och visavidamen byter plats genom att passera till v\u00e4nster om varandra p\u00e5 tv\u00e5 chass\u00e9steg och g\u00f6r en pas de riguadon.<\/p>\n<p>P\u00e5 fyra taktslag chass\u00e9rar de snett till h\u00f6ger och mot varandra och avslutar med att korsa \u00f6ver med innerfoten och dutta med t\u00e5n. Dito tillbaka.<\/p>\n<p>De byter plats genom att passera till v\u00e4nster om varandra p\u00e5 tv\u00e5 chass\u00e9steg och g\u00f6r en pas de riguadon.<\/p>\n<p>B\u00e5da fattar innerhanden med egen partner och paren byter plats genom att passera till v\u00e4nster om varandra p\u00e5 tv\u00e5 chass\u00e9steg d\u00e4r kavaljeren g\u00e5r f\u00f6re damen. De g\u00f6r en pas de riguadon.<\/p>\n<p>Paren g\u00f6r en allemande under tv\u00e5 takter, det vill s\u00e4ga snurrar och passerar varandra p\u00e5 ett improviserat s\u00e4tt.<\/p>\n<p>B\u00e5da paren g\u00f6r en aproche mot varandra p\u00e5 tv\u00e5 chass\u00e9steg och en retr\u00e4tt p\u00e5 tv\u00e5 chass\u00e9steg.<\/p>\n<p>B\u00e5da paren g\u00f6r en halv fransk kedja p\u00e5 fyra chass\u00e9steg (f\u00f6r beskrivning se dansbegrepp).<\/p>\n<p>Hela denna stegf\u00f6ljd upprepas av f\u00f6rst kavaljer 2 med sin visavidam, sedan kavaljer 3 med sin visavidam och slutligen kavaljer 4 med sin visavidam.<\/p>\n","protected":false},"excerpt":{"rendered":"<p>H\u00e4r ser du medlemmar i Empirs\u00e4llskapet och Gustafs Sk\u00e5l dansa Le Carillon National Tolkad av Anna L\u00f6fgren och beskriven av Ylva Berry. Uppst\u00e4llning: Kontradans\/kadrilj (fyra par i fyrkant, numrerade fr\u00e5n 1 till 4, d\u00e4r par 1 och 3 som st\u00e5r mittemot varandra \u00e4r premi\u00e4rpar och par 2 och 4 \u00e4r sekondpar). Stor rond med 12 &hellip; <\/p>\n<p class=\"link-more\"><a href=\"https:\/\/www.xn--empirsllskapet-bib.se\/index.php\/dans\/le-carillon-national\/\" class=\"more-link\">Forts\u00e4tt l\u00e4sa<span class=\"screen-reader-text\"> \u201dLe Carillon National\u201d<\/span><\/a><\/p>\n","protected":false},"author":1,"featured_media":0,"parent":11,"menu_order":0,"comment_status":"closed","ping_status":"closed","template":"","meta":{"footnotes":""},"class_list":["post-351","page","type-page","status-publish","hentry"],"_links":{"self":[{"href":"https:\/\/www.xn--empirsllskapet-bib.se\/index.php\/wp-json\/wp\/v2\/pages\/351","targetHints":{"allow":["GET"]}}],"collection":[{"href":"https:\/\/www.xn--empirsllskapet-bib.se\/index.php\/wp-json\/wp\/v2\/pages"}],"about":[{"href":"https:\/\/www.xn--empirsllskapet-bib.se\/index.php\/wp-json\/wp\/v2\/types\/page"}],"author":[{"embeddable":true,"href":"https:\/\/www.xn--empirsllskapet-bib.se\/index.php\/wp-json\/wp\/v2\/users\/1"}],"replies":[{"embeddable":true,"href":"https:\/\/www.xn--empirsllskapet-bib.se\/index.php\/wp-json\/wp\/v2\/comments?post=351"}],"version-history":[{"count":2,"href":"https:\/\/www.xn--empirsllskapet-bib.se\/index.php\/wp-json\/wp\/v2\/pages\/351\/revisions"}],"predecessor-version":[{"id":354,"href":"https:\/\/www.xn--empirsllskapet-bib.se\/index.php\/wp-json\/wp\/v2\/pages\/351\/revisions\/354"}],"up":[{"embeddable":true,"href":"https:\/\/www.xn--empirsllskapet-bib.se\/index.php\/wp-json\/wp\/v2\/pages\/11"}],"wp:attachment":[{"href":"https:\/\/www.xn--empirsllskapet-bib.se\/index.php\/wp-json\/wp\/v2\/media?parent=351"}],"curies":[{"name":"wp","href":"https:\/\/api.w.org\/{rel}","templated":true}]}}