{"id":449,"date":"2024-12-26T18:17:32","date_gmt":"2024-12-26T17:17:32","guid":{"rendered":"https:\/\/www.xn--empirsllskapet-bib.se\/?page_id=449"},"modified":"2024-12-26T18:17:32","modified_gmt":"2024-12-26T17:17:32","slug":"kladtips-for-damer-pa-lajvet-jane-austens-varld","status":"publish","type":"page","link":"https:\/\/www.xn--empirsllskapet-bib.se\/index.php\/mode\/kladtips-for-damer-pa-lajvet-jane-austens-varld\/","title":{"rendered":"Kl\u00e4dtips f\u00f6r damer p\u00e5 lajvet Jane Austens v\u00e4rld"},"content":{"rendered":"\n<p class=\"has-medium-font-size\">Att f\u00f6rbereda sig f\u00f6r en bal var en noggrann och tidskr\u00e4vande process och en konstform. Empirstilen tog inspiration fr\u00e5n antikens Grekland och Rom \u2013 kl\u00e4nningen var l\u00e4tt och luftig, smycken och accessoarer diskreta och damer f\u00f6rv\u00e4ntades se eleganta, graci\u00f6sa och &#8221;of\u00f6rst\u00f6rda&#8221; ut.<\/p>\n\n\n\n<p>H\u00e4r \u00e4r en steg-f\u00f6r-steg-beskrivning av hur en dam skulle kl\u00e4 sig och g\u00f6ra sig i ordning f\u00f6r en bal under empiren. V\u00e4lj och vraka, och g\u00f6r ditt b\u00e4sta f\u00f6r att f\u00e5 till ett bra resultat med dina medel!<\/p>\n\n\n\n<h2 class=\"wp-block-heading\">Hudv\u00e5rd, smink och parfymering<\/h2>\n\n\n\n<p>Att ta ett helt bad var s\u00e4llsynt, men ansikte, hals, h\u00e4nder och f\u00f6tter tv\u00e4ttades noggrant med vatten och tv\u00e5l. Doftande \u00f6rter eller eteriska oljor kunde tills\u00e4ttas f\u00f6r att ge en fr\u00e4sch doft. \u00d6gonbrynen kunde plockas f\u00f6r att f\u00e5 en mer definierad form, men \u00f6verdrivet h\u00e5ravl\u00e4gsnande var inte modernt.<\/p>\n\n\n\n<p>Till skillnad fr\u00e5n 1700-talets kraftiga puder och rouge, skulle smink p\u00e5 1800-talet vara diskret och naturligt. Samtidigt var blek och sl\u00e4t hy idealet, s\u00e5 damer kunde anv\u00e4nda olika hudkr\u00e4mer, ofta med ingredienser som bivax, mandelolja eller rosenvatten samt puder av ris eller st\u00e4rkelse f\u00f6r att ljusa upp huden. En l\u00e4tt rodnad p\u00e5 kinderna uppn\u00e5ddes med hj\u00e4lp av f\u00e4rgad rouge av naturliga pigment. F\u00e4rgen p\u00e5 l\u00e4pparna h\u00f6lls diskret och naturlig. Ibland anv\u00e4ndes ett milt f\u00e4rg\u00e4mne, som b\u00e4rsaft, f\u00f6r att f\u00e5 en ljusrosa ton. \u00d6gonen markerades inte med smink, men \u00f6gonbrynen skulle vara v\u00e4lformade och &#8221;naturliga&#8221;.<\/p>\n\n\n\n<p>L\u00e4tta och blommiga dofter, som rosvatten eller lavendel, applicerades p\u00e5 handleder, nacke och bakom \u00f6ronen och symboliserade renhet och feminin charm.<\/p>\n\n\n\n<h2 class=\"wp-block-heading\">H\u00e5r och frisyr<\/h2>\n\n\n\n<p>H\u00e5ret var en av de mest framtr\u00e4dande delarna av en dams utseende. Under 1800-talets b\u00f6rjan var antikinspirerade frisyrer p\u00e5 modet, med h\u00f6gre upps\u00e4ttningar och inslag av l\u00f6sa lockar och fl\u00e4tor. H\u00e5rtv\u00e4tt var besv\u00e4rligt, s\u00e5 ofta anv\u00e4nde damerna pulver eller st\u00e4rkelse f\u00f6r att h\u00e5lla h\u00e5ret rent och volumin\u00f6st.<\/p>\n\n\n\n<p>Man anv\u00e4nde heta j\u00e4rnlockt\u00e4nger f\u00f6r att forma h\u00e5ret, eller rullade det i tygpapiljotter natten innan balen. Vi kan rekommendera att tygremsor eller \u00e4nnu hellre hoppsydda smala tygkorvar som du viker ut och in p\u00e5 f\u00f6r att rulla upp h\u00e5ret p\u00e5 kv\u00e4llen innan. D\u00e5 f\u00e5r du h\u00e5llbara sm\u00e5 empirlockar och slipper stressa med lockj\u00e4rn efter jobbet. S\u00e5 h\u00e4r g\u00f6r du:<\/p>\n\n\n\n<ul class=\"wp-block-list\">\n<li>Tv\u00e4tta och kamma h\u00e5ret.<\/li>\n\n\n\n<li>Samla en smal h\u00e5rslinga som fortfarande \u00e4r fuktig och linda en bit toapapper runt h\u00e5rslingans topp som skydd och f\u00f6r att den inte ska trassla in sig i tygpapiljotten.<\/li>\n\n\n\n<li>Rulla upp h\u00e5rslingan med b\u00f6rjan i spetsen p\u00e5 tygpapiljotten och knyta ihop n\u00e4r du kommer till skulten. Lockar som ska s\u00e4ttas upp i h\u00e5rupps\u00e4ttningen kan g\u00e4rna sluta innan skulten \u2013 d\u00e5 blir det l\u00e4ttare att sova p\u00e5 dem.<\/li>\n\n\n\n<li>T\u00e4nk p\u00e5 att placera papiljotterna s\u00e5 att du kan sova med dem eller g\u00e5 med dem hela dagen \u2013 h\u00e5ret m\u00e5ste hinna torka helt p\u00e5 papiljotterna f\u00f6r att lockarna ska h\u00e5lla.&nbsp;<\/li>\n\n\n\n<li>Om h\u00e5ret hinner torka f\u00f6r mycket under arbetets g\u00e5ng s\u00e5 kan du bl\u00f6ta det l\u00e4tt med vatten som du stryker ut med fingrarna \u2013 ha ett glas st\u00e5ende bredvid n\u00e4r du b\u00f6rjar.&nbsp;<\/li>\n<\/ul>\n\n\n\n<p>H\u00e5ret formades g\u00e4rna i en h\u00f6g stor knut (chignon), med sm\u00e5 lockar som ramade in ansiktet. Fl\u00e4tor kunde ocks\u00e5 vara en del av h\u00e5rupps\u00e4ttningen. Sm\u00e5 h\u00e5rprydnader, band, p\u00e4rlor, blommor och ibland fj\u00e4drar kunde f\u00e4stas i h\u00e5ret. En tiara eller ett diadem kunde b\u00e4ras av adliga damer. S\u00f6k g\u00e4rna inspiration p\u00e5 n\u00e4tet och hj\u00e4lp varandra ni som har tid!&nbsp;<\/p>\n\n\n\n<h2 class=\"wp-block-heading\">Kl\u00e4der \u2013 lager f\u00f6r lager<\/h2>\n\n\n\n<p>Kl\u00e4dseln f\u00f6ljde den klassiska empirstilen, som inspirerades av antikens grekiska och romerska kl\u00e4dmode. Denna stil betonade byst, h\u00f6ga midjor, l\u00f6st fallande kjolar och eleganta, l\u00e4tta tyger.<\/p>\n\n\n\n<p><strong>Unders\u00e4rken <\/strong>(chemise) var det innersta lagret, en tunn linnes\u00e4rk som skyddade de \u00f6vre plaggen fr\u00e5n svett och huden mot korsettskav.<\/p>\n\n\n\n<p><strong>Korsetten<\/strong> hade en h\u00f6g bystlinje f\u00f6r att lyfta bysten och var kortare \u00e4n senare korsetter. Den var inte lika h\u00e5rd eller sn\u00e4v som 1700-talets korsetter.<\/p>\n\n\n\n<p><strong>Underkjol <\/strong>(petticoat) \u2013 av bomull eller linne, bars f\u00f6r att ge volym och fyllighet \u00e5t kjolen.<\/p>\n\n\n\n<p><strong>Strumpor<\/strong> \u2013 l\u00e5nga, kn\u00e4h\u00f6ga, i siden, bomull eller ull h\u00f6lls uppe med strumpeband, precis under kn\u00e4et.<\/p>\n\n\n\n<p><strong>Balkl\u00e4nningens<\/strong> design var inspirerad av antikens Grekland och Rom, med en silhuett som str\u00e4vade efter att efterlikna de rena, kolonnliknande linjerna fr\u00e5n antikens skulpturer. Empirens balkl\u00e4nningar var ofta gjorda av l\u00e4tta och luftiga tyger och k\u00e4nnetecknades av en h\u00f6g midja, strax under bysten, vilket skapade en l\u00e5ng, elegant och graci\u00f6s silhuett. Tyget var av siden, bomull, muslin, eller cr\u00eape. Muslin var s\u00e4rskilt popul\u00e4rt, eftersom den gav kl\u00e4nningen ett luftigt och n\u00e4stan eteriskt utseende. Kl\u00e4nningarna kunde ha broderier, spetsar, rosetter och band i kontrasterande f\u00e4rger. Unga ogifta damer bar ofta ljusa f\u00e4rger som vitt, blekrosa, ljusbl\u00e5tt eller gr\u00e4ddvitt f\u00f6r att signalera renhet och oskuld, medan gifta kvinnor ofta kunde b\u00e4ra djupare f\u00e4rger som m\u00f6rkgr\u00f6nt, vinr\u00f6tt eller m\u00f6rkbl\u00e5tt. Var inte r\u00e4dda f\u00f6r att kl\u00e4 er f\u00e4rgstarkt oavsett vilken \u00e5lder ni spelar!<\/p>\n\n\n\n<p>Livet (\u00f6verdelen) var ofta \u00e5tsittande och v\u00e4lsytt f\u00f6r att framh\u00e4va bysten och kunde ha fyrkantig, rundad eller v-formad (g\u00e4rna omlott) urringning. Det var ofta dekorerat med broderier, spetsar, band, rosetter och p\u00e4rlor \u2013 g\u00e4rna under bysten, d\u00e4r midjan markerades. P\u00e5 baler var kort puff\u00e4rm det mest popul\u00e4ra valet, men l\u00e5nga \u00e4rmar kunde b\u00e4ras \u2013 helst av transparent tyg (till exempel muslin, tyll eller spetstyg) f\u00f6r att skapa en l\u00e4tt, eterisk k\u00e4nsla. \u00c4ven \u00e4rmarna dekorerades g\u00e4rna.<\/p>\n\n\n\n<p><strong>Handskar <\/strong>\u2013 l\u00e5nga, eleganta, ofta i vitt eller elfenbensf\u00e4rg, var ett m\u00e5ste. De togs av vid matbordet, men under dansen skulle de alltid b\u00e4ras. Att b\u00e4ra rena och fl\u00e4ckfria handskar var en n\u00f6dv\u00e4ndighet f\u00f6r en respektabel dam \u2013 de var viktiga f\u00f6r att visa god uppfostran och dygd.&nbsp;<\/p>\n\n\n\n<p>Handskarnas l\u00e4ngd varierade beroende p\u00e5 tillf\u00e4lle. Vid baler var normen l\u00e5nga handskar, som str\u00e4ckte sig \u00f6ver armb\u00e5gen, medan kortare handskar anv\u00e4ndes till vardags. Handskarnas material var en viktig statusmark\u00f6r och signalerade damens klass och smak. Vid formella baler och kv\u00e4llsevenemang var siden och sammet de mest popul\u00e4ra materialen. Bomull var ett billigare, mer praktiskt alternativ. F\u00f6r vardagsbruk anv\u00e4ndes getskinn, lammnappa och ull, d\u00e4r h\u00e5llbarhet och komfort var viktigare \u00e4n elegans.<\/p>\n\n\n\n<p><strong>Smycken <\/strong>bars med \u00e5terh\u00e5llsamhet. Smyckena var oftast av guld, silver eller p\u00e4rlor \u2013 ju diskretare, desto b\u00e4ttre. F\u00f6r unga ogifta kvinnor var det vanligt med p\u00e4rlor, medan \u00e4ldre kvinnor kunde b\u00e4ra mer p\u00e5kostade smycken med \u00e4delstenar. P\u00e4rlhalsband, \u00f6rh\u00e4ngen och sm\u00e5 broscher var popul\u00e4ra.&nbsp;<\/p>\n\n\n\n<p><strong>Solfj\u00e4dern <\/strong>var b\u00e5de till hj\u00e4lp f\u00f6r att svalka sig, ett dekorativt f\u00f6rem\u00e5l och ett verktyg f\u00f6r att kommunicera med blickar och gester. Damer kunde &#8221;flirta&#8221; genom att r\u00f6ra solfj\u00e4dern p\u00e5 s\u00e4rskilda s\u00e4tt. Lek g\u00e4rna med detta p\u00e5 lajvet \u00e4ven om vi inte l\u00e4r ut n\u00e5got solfj\u00e4dersspr\u00e5k!<\/p>\n\n\n\n<p><strong>V\u00e4skan <\/strong>(reticule) var liten och p\u00e5sig med sn\u00f6rning och kunde inneh\u00e5lla n\u00e4sduk, doftflaska och dansbok, men var ocks\u00e5 en vacker accessoar som med f\u00f6rdel kunde matcha kl\u00e4nningen.<\/p>\n\n\n\n<p><strong>N\u00e4sduk <\/strong>\u2013 en prydlig liten parfymerad n\u00e4sduk kunde b\u00e4ras i handen eller i v\u00e4skan och anv\u00e4ndas f\u00f6r att torka bort t\u00e5rar, svett eller f\u00f6r att signalera till en kavaljer.<\/p>\n\n\n\n<p><strong>Skor<\/strong> \u2013 damer bar mjuka dansskor gjorda av siden, l\u00e4der eller sammet. De var ofta dekorerade med sm\u00e5 rosetter och var utformade f\u00f6r att vara l\u00e4tta och tysta under dansen.<\/p>\n\n\n\n<p><strong>Sjal <\/strong>\u2013 f\u00f6r att skydda sig mot kyla p\u00e5 v\u00e4gen till balen bar damer ofta en<strong> <\/strong>sjal, men den togs av i garderoben.&nbsp;<\/p>\n\n\n\n<p><strong>Kappa <\/strong>(pelisse)<strong> <\/strong>\u2013 p\u00e5 vintern kunde damer b\u00e4ra en kort kappa som passade till kl\u00e4nningen.<\/p>\n","protected":false},"excerpt":{"rendered":"<p>Att f\u00f6rbereda sig f\u00f6r en bal var en noggrann och tidskr\u00e4vande process och en konstform. Empirstilen tog inspiration fr\u00e5n antikens Grekland och Rom \u2013 kl\u00e4nningen var l\u00e4tt och luftig, smycken och accessoarer diskreta och damer f\u00f6rv\u00e4ntades se eleganta, graci\u00f6sa och &#8221;of\u00f6rst\u00f6rda&#8221; ut. H\u00e4r \u00e4r en steg-f\u00f6r-steg-beskrivning av hur en dam skulle kl\u00e4 sig och g\u00f6ra &hellip; <\/p>\n<p class=\"link-more\"><a href=\"https:\/\/www.xn--empirsllskapet-bib.se\/index.php\/mode\/kladtips-for-damer-pa-lajvet-jane-austens-varld\/\" class=\"more-link\">Forts\u00e4tt l\u00e4sa<span class=\"screen-reader-text\"> \u201dKl\u00e4dtips f\u00f6r damer p\u00e5 lajvet Jane Austens v\u00e4rld\u201d<\/span><\/a><\/p>\n","protected":false},"author":1,"featured_media":0,"parent":14,"menu_order":2,"comment_status":"closed","ping_status":"closed","template":"","meta":{"footnotes":""},"class_list":["post-449","page","type-page","status-publish","hentry"],"_links":{"self":[{"href":"https:\/\/www.xn--empirsllskapet-bib.se\/index.php\/wp-json\/wp\/v2\/pages\/449","targetHints":{"allow":["GET"]}}],"collection":[{"href":"https:\/\/www.xn--empirsllskapet-bib.se\/index.php\/wp-json\/wp\/v2\/pages"}],"about":[{"href":"https:\/\/www.xn--empirsllskapet-bib.se\/index.php\/wp-json\/wp\/v2\/types\/page"}],"author":[{"embeddable":true,"href":"https:\/\/www.xn--empirsllskapet-bib.se\/index.php\/wp-json\/wp\/v2\/users\/1"}],"replies":[{"embeddable":true,"href":"https:\/\/www.xn--empirsllskapet-bib.se\/index.php\/wp-json\/wp\/v2\/comments?post=449"}],"version-history":[{"count":1,"href":"https:\/\/www.xn--empirsllskapet-bib.se\/index.php\/wp-json\/wp\/v2\/pages\/449\/revisions"}],"predecessor-version":[{"id":450,"href":"https:\/\/www.xn--empirsllskapet-bib.se\/index.php\/wp-json\/wp\/v2\/pages\/449\/revisions\/450"}],"up":[{"embeddable":true,"href":"https:\/\/www.xn--empirsllskapet-bib.se\/index.php\/wp-json\/wp\/v2\/pages\/14"}],"wp:attachment":[{"href":"https:\/\/www.xn--empirsllskapet-bib.se\/index.php\/wp-json\/wp\/v2\/media?parent=449"}],"curies":[{"name":"wp","href":"https:\/\/api.w.org\/{rel}","templated":true}]}}