{"id":50,"date":"2018-02-17T14:34:29","date_gmt":"2018-02-17T13:34:29","guid":{"rendered":"http:\/\/www.xn--empirsllskapet-bib.se\/?page_id=50"},"modified":"2018-02-18T14:13:46","modified_gmt":"2018-02-18T13:13:46","slug":"duke-of-kents-waltz","status":"publish","type":"page","link":"https:\/\/www.xn--empirsllskapet-bib.se\/index.php\/dans\/duke-of-kents-waltz\/","title":{"rendered":"Duke of Kent&#8217;s Waltz"},"content":{"rendered":"<p><a href=\"https:\/\/www.youtube.com\/watch?v=aWSBJyFODRY\" target=\"_blank\">H\u00e4r ser du Empirs\u00e4llskapet dansa Duke of Kent&#8217;s Waltz<\/a><\/p>\n<p>Uppst\u00e4llning parvis i rad, indelning i par 1 och par 2.<\/p>\n<table class=\"\"dances\"\">\n<tbody>\n<tr style=\"\"border-bottom: none;\"\">\n<td style=\"\"width: 30px;\"\">1-8<\/td>\n<td>Par 1 och 2 tar h\u00f6gerhandskors och dansar runt med 4 valssteg, v\u00e4nder till v\u00e4nsterhandskors och dansar tillbaka med 4 valssteg.<\/td>\n<\/tr>\n<tr style=\"\"border-bottom: none;\"\">\n<td>1-8<\/td>\n<td>Alla par 1 tar dubbel handfattning och g\u00f6r tv\u00e5 sidsteg i valstakt ned\u00e5t i uppst\u00e4llningen, d\u00e4refter tv\u00e5 sidsteg upp\u00e5t och g\u00f6r slutligen en cast-off och g\u00e5r in p\u00e5 plats nedanf\u00f6r par 2. Samtidigt flyttar alla par 2 sig litet upp\u00e5t.<\/td>\n<\/tr>\n<tr style=\"\"border-bottom: none;\"\">\n<td>9-16<\/td>\n<td>Alla tar h\u00f6ger i h\u00f6ger med egen, ett steg emot, ett ifr\u00e5n och damen g\u00e5r motsols under kavaljerens arm och byter plats med kavaljeren. Upprepas med v\u00e4nster i v\u00e4nster, ett steg emot och ett ifr\u00e5n och damen g\u00e5r medsols under kavaljerens arm och hamnar p\u00e5 egen plats.<\/td>\n<\/tr>\n<tr style=\"\"border-bottom: none;\"\">\n<td>9-16<\/td>\n<td>Alla som kan tar h\u00f6ger i h\u00f6ger med den dansar som st\u00e5r till h\u00f6ger om egen partner, dansar runt 4 takter och ut till egen plats och tar v\u00e4nster i v\u00e4nster med egen partner och upprepar.<\/td>\n<\/tr>\n<\/tbody>\n<\/table>\n","protected":false},"excerpt":{"rendered":"<p>H\u00e4r ser du Empirs\u00e4llskapet dansa Duke of Kent&#8217;s Waltz Uppst\u00e4llning parvis i rad, indelning i par 1 och par 2. 1-8 Par 1 och 2 tar h\u00f6gerhandskors och dansar runt med 4 valssteg, v\u00e4nder till v\u00e4nsterhandskors och dansar tillbaka med 4 valssteg. 1-8 Alla par 1 tar dubbel handfattning och g\u00f6r tv\u00e5 sidsteg i valstakt &hellip; <\/p>\n<p class=\"link-more\"><a href=\"https:\/\/www.xn--empirsllskapet-bib.se\/index.php\/dans\/duke-of-kents-waltz\/\" class=\"more-link\">Forts\u00e4tt l\u00e4sa<span class=\"screen-reader-text\"> \u201dDuke of Kent&#8217;s Waltz\u201d<\/span><\/a><\/p>\n","protected":false},"author":1,"featured_media":0,"parent":11,"menu_order":0,"comment_status":"closed","ping_status":"closed","template":"","meta":{"footnotes":""},"class_list":["post-50","page","type-page","status-publish","hentry"],"_links":{"self":[{"href":"https:\/\/www.xn--empirsllskapet-bib.se\/index.php\/wp-json\/wp\/v2\/pages\/50","targetHints":{"allow":["GET"]}}],"collection":[{"href":"https:\/\/www.xn--empirsllskapet-bib.se\/index.php\/wp-json\/wp\/v2\/pages"}],"about":[{"href":"https:\/\/www.xn--empirsllskapet-bib.se\/index.php\/wp-json\/wp\/v2\/types\/page"}],"author":[{"embeddable":true,"href":"https:\/\/www.xn--empirsllskapet-bib.se\/index.php\/wp-json\/wp\/v2\/users\/1"}],"replies":[{"embeddable":true,"href":"https:\/\/www.xn--empirsllskapet-bib.se\/index.php\/wp-json\/wp\/v2\/comments?post=50"}],"version-history":[{"count":4,"href":"https:\/\/www.xn--empirsllskapet-bib.se\/index.php\/wp-json\/wp\/v2\/pages\/50\/revisions"}],"predecessor-version":[{"id":225,"href":"https:\/\/www.xn--empirsllskapet-bib.se\/index.php\/wp-json\/wp\/v2\/pages\/50\/revisions\/225"}],"up":[{"embeddable":true,"href":"https:\/\/www.xn--empirsllskapet-bib.se\/index.php\/wp-json\/wp\/v2\/pages\/11"}],"wp:attachment":[{"href":"https:\/\/www.xn--empirsllskapet-bib.se\/index.php\/wp-json\/wp\/v2\/media?parent=50"}],"curies":[{"name":"wp","href":"https:\/\/api.w.org\/{rel}","templated":true}]}}