{"id":53,"date":"2018-02-17T14:39:06","date_gmt":"2018-02-17T13:39:06","guid":{"rendered":"http:\/\/www.xn--empirsllskapet-bib.se\/?page_id=53"},"modified":"2018-02-18T14:31:54","modified_gmt":"2018-02-18T13:31:54","slug":"hennes-majestat-drottningens-anglaise","status":"publish","type":"page","link":"https:\/\/www.xn--empirsllskapet-bib.se\/index.php\/dans\/hennes-majestat-drottningens-anglaise\/","title":{"rendered":"Hennes Majest\u00e4t Drottningens Anglaise"},"content":{"rendered":"<p><a href=\"https:\/\/www.youtube.com\/watch?v=STLizjWZJ5Q\" \" target=\"_blank\" >H\u00e4r ser du Empirs\u00e4llskapet dansa Hennes Majest\u00e4t Drottningens Anglaise<\/a><br \/>\n<a href=\"http:\/\/fmk.musikverket.se\/browsevol.php?lang=sw&amp;by=katalogid&amp;katalogid=M+145&amp;bildnr=00025\" \" target=\"_blank\" >H\u00e4r hittar du originalnoter<\/a><\/p>\n<p>En sm\u00e5l\u00e4ndsk angl\u00e4s fr\u00e5n sent 1700-tal eller tidigt 1800-tal. <\/p>\n<p><strong>Takt   Tur<\/strong><br \/>\n1 \u2013 4   Balanc\u00e9 h\u00f6ger och v\u00e4nster, Pas de rigaudon<br \/>\n1 \u2013 4   Dos-a-dos<br \/>\n1 \u2013 8   Promenad som inleds av 1:orna med 2:orna som f\u00f6ljer efter<\/p>\n","protected":false},"excerpt":{"rendered":"<p>H\u00e4r hittar du originalnoter En sm\u00e5l\u00e4ndsk angl\u00e4s fr\u00e5n sent 1700-tal eller tidigt 1800-tal. Takt Tur 1 \u2013 4 Balanc\u00e9 h\u00f6ger och v\u00e4nster, Pas de rigaudon 1 \u2013 4 Dos-a-dos 1 \u2013 8 Promenad som inleds av 1:orna med 2:orna som f\u00f6ljer efter<\/p>\n","protected":false},"author":1,"featured_media":0,"parent":11,"menu_order":0,"comment_status":"closed","ping_status":"closed","template":"","meta":{"footnotes":""},"class_list":["post-53","page","type-page","status-publish","hentry"],"_links":{"self":[{"href":"https:\/\/www.xn--empirsllskapet-bib.se\/index.php\/wp-json\/wp\/v2\/pages\/53","targetHints":{"allow":["GET"]}}],"collection":[{"href":"https:\/\/www.xn--empirsllskapet-bib.se\/index.php\/wp-json\/wp\/v2\/pages"}],"about":[{"href":"https:\/\/www.xn--empirsllskapet-bib.se\/index.php\/wp-json\/wp\/v2\/types\/page"}],"author":[{"embeddable":true,"href":"https:\/\/www.xn--empirsllskapet-bib.se\/index.php\/wp-json\/wp\/v2\/users\/1"}],"replies":[{"embeddable":true,"href":"https:\/\/www.xn--empirsllskapet-bib.se\/index.php\/wp-json\/wp\/v2\/comments?post=53"}],"version-history":[{"count":5,"href":"https:\/\/www.xn--empirsllskapet-bib.se\/index.php\/wp-json\/wp\/v2\/pages\/53\/revisions"}],"predecessor-version":[{"id":237,"href":"https:\/\/www.xn--empirsllskapet-bib.se\/index.php\/wp-json\/wp\/v2\/pages\/53\/revisions\/237"}],"up":[{"embeddable":true,"href":"https:\/\/www.xn--empirsllskapet-bib.se\/index.php\/wp-json\/wp\/v2\/pages\/11"}],"wp:attachment":[{"href":"https:\/\/www.xn--empirsllskapet-bib.se\/index.php\/wp-json\/wp\/v2\/media?parent=53"}],"curies":[{"name":"wp","href":"https:\/\/api.w.org\/{rel}","templated":true}]}}