{"id":56,"date":"2018-02-17T14:40:41","date_gmt":"2018-02-17T13:40:41","guid":{"rendered":"http:\/\/www.xn--empirsllskapet-bib.se\/?page_id=56"},"modified":"2018-02-18T14:59:32","modified_gmt":"2018-02-18T13:59:32","slug":"paskdagen","status":"publish","type":"page","link":"https:\/\/www.xn--empirsllskapet-bib.se\/index.php\/dans\/paskdagen\/","title":{"rendered":"P\u00e5skdagen"},"content":{"rendered":"<p>Fr\u00e5n dansboken Angl\u00e4ser och kadriljer, funna i Yttermyra, Ovansj\u00f6 socken i G\u00e4strikland. Tolkat av Anna L\u00f6fgren.<\/p>\n<p>Uppst\u00e4llning med fyra par i fyrkant (kontradans\/kadrilj).<\/p>\n<p>Promenadsteg, chass\u00e9steg och Pas de riguadon.<\/p>\n<table>\n<tbody>\n<tr>\n<td><strong>Takt<\/strong><\/td>\n<td><strong>Stor rond<\/strong><\/td>\n<\/tr>\n<tr>\n<td>1-8<\/td>\n<td>Stor rond medsols.<\/td>\n<\/tr>\n<tr>\n<td>1-8<\/td>\n<td>Dito motsols.<\/td>\n<\/tr>\n<tr>\n<td><\/td>\n<td><strong>Premi\u00e4rparens figur\u00e9<\/strong><\/td>\n<\/tr>\n<tr>\n<td>9-10<\/td>\n<td>Premi\u00e4rparen g\u00f6r approch\u00e9,<\/td>\n<\/tr>\n<tr>\n<td>11-12<\/td>\n<td>Pas de riguadon<\/td>\n<\/tr>\n<tr>\n<td>13-16<\/td>\n<td>och omdansning medsols med vis-a-vis dam mellan seconsparet som \u00f6ppnar med chass\u00e9 \u00e5t sidan s\u00e5 att tv\u00e5 linjer bildas p\u00e5 secondsidan. Premi\u00e4rcavalje med vis-a-vis dam p\u00e5 v\u00e4nster sida.<\/td>\n<\/tr>\n<tr>\n<td>9-10<\/td>\n<td>Linjerna g\u00f6r approch\u00e9,<\/td>\n<\/tr>\n<tr>\n<td>10-11<\/td>\n<td>retraite och<\/td>\n<\/tr>\n<tr>\n<td>25-36<\/td>\n<td>omdansning, premi\u00e4rcavalje med seconddam och secondcavalje med premi\u00e4rdam, tillbaka till utg\u00e5ngsplats.<\/td>\n<\/tr>\n<tr>\n<td><\/td>\n<td><strong>Secondparens figur\u00e9<\/strong><\/td>\n<\/tr>\n<tr>\n<td>17-24<\/td>\n<td>Secondparen g\u00f6r detsamma.<\/td>\n<\/tr>\n<tr>\n<td><\/td>\n<td><strong>Promenade<\/strong><\/td>\n<\/tr>\n<tr>\n<td>1-8<\/td>\n<td>Parvis promenade med egen, ett varv till utg\u00e5ngsplats.<\/td>\n<\/tr>\n<tr>\n<td>9-12<\/td>\n<td>Balanc\u00e9 i h\u00f6rnen, chass\u00e9 och reverence.<\/td>\n<\/tr>\n<tr>\n<td>13-16<\/td>\n<td>Omdansning med h\u00f6rnet.<\/td>\n<\/tr>\n<\/tbody>\n<\/table>\n","protected":false},"excerpt":{"rendered":"<p>Fr\u00e5n dansboken Angl\u00e4ser och kadriljer, funna i Yttermyra, Ovansj\u00f6 socken i G\u00e4strikland. Tolkat av Anna L\u00f6fgren. Uppst\u00e4llning med fyra par i fyrkant (kontradans\/kadrilj). Promenadsteg, chass\u00e9steg och Pas de riguadon. Takt Stor rond 1-8 Stor rond medsols. 1-8 Dito motsols. Premi\u00e4rparens figur\u00e9 9-10 Premi\u00e4rparen g\u00f6r approch\u00e9, 11-12 Pas de riguadon 13-16 och omdansning medsols med vis-a-vis &hellip; <\/p>\n<p class=\"link-more\"><a href=\"https:\/\/www.xn--empirsllskapet-bib.se\/index.php\/dans\/paskdagen\/\" class=\"more-link\">Forts\u00e4tt l\u00e4sa<span class=\"screen-reader-text\"> \u201dP\u00e5skdagen\u201d<\/span><\/a><\/p>\n","protected":false},"author":1,"featured_media":0,"parent":11,"menu_order":0,"comment_status":"closed","ping_status":"closed","template":"","meta":{"footnotes":""},"class_list":["post-56","page","type-page","status-publish","hentry"],"_links":{"self":[{"href":"https:\/\/www.xn--empirsllskapet-bib.se\/index.php\/wp-json\/wp\/v2\/pages\/56","targetHints":{"allow":["GET"]}}],"collection":[{"href":"https:\/\/www.xn--empirsllskapet-bib.se\/index.php\/wp-json\/wp\/v2\/pages"}],"about":[{"href":"https:\/\/www.xn--empirsllskapet-bib.se\/index.php\/wp-json\/wp\/v2\/types\/page"}],"author":[{"embeddable":true,"href":"https:\/\/www.xn--empirsllskapet-bib.se\/index.php\/wp-json\/wp\/v2\/users\/1"}],"replies":[{"embeddable":true,"href":"https:\/\/www.xn--empirsllskapet-bib.se\/index.php\/wp-json\/wp\/v2\/comments?post=56"}],"version-history":[{"count":2,"href":"https:\/\/www.xn--empirsllskapet-bib.se\/index.php\/wp-json\/wp\/v2\/pages\/56\/revisions"}],"predecessor-version":[{"id":253,"href":"https:\/\/www.xn--empirsllskapet-bib.se\/index.php\/wp-json\/wp\/v2\/pages\/56\/revisions\/253"}],"up":[{"embeddable":true,"href":"https:\/\/www.xn--empirsllskapet-bib.se\/index.php\/wp-json\/wp\/v2\/pages\/11"}],"wp:attachment":[{"href":"https:\/\/www.xn--empirsllskapet-bib.se\/index.php\/wp-json\/wp\/v2\/media?parent=56"}],"curies":[{"name":"wp","href":"https:\/\/api.w.org\/{rel}","templated":true}]}}