{"id":58,"date":"2018-02-17T14:41:07","date_gmt":"2018-02-17T13:41:07","guid":{"rendered":"http:\/\/www.xn--empirsllskapet-bib.se\/?page_id=58"},"modified":"2019-01-05T16:05:41","modified_gmt":"2019-01-05T15:05:41","slug":"grefve-lofvenhjelm","status":"publish","type":"page","link":"https:\/\/www.xn--empirsllskapet-bib.se\/index.php\/dans\/grefve-lofvenhjelm\/","title":{"rendered":"Grefve L\u00f6fvenhjelm"},"content":{"rendered":"<p><a href=\"https:\/\/youtu.be\/c9uAa_caVKg\" target=\"_blank\" rel=\"noopener\">H\u00e4r ser du medlemmar i Gustafs Sk\u00e5l och Empirs\u00e4llskapet dansa Grefve L\u00f6fvenhjelm.<\/a><\/p>\n<p>Fr\u00e5n dansboken Angl\u00e4ser och kadriljer, funnen i Yttermyra, Ovansj\u00f6 socken i G\u00e4strikland. Tolkad av Anna L\u00f6fgren i hennes och Vilhelm Dahll\u00f6fs dansbok <em>Samling av svenska turer<\/em> fr\u00e5n 2017. Musikfiler och noter finns p\u00e5 <a href=\"http:\/\/www.xn--dahllf-0xa.se\/Dansbok\/\" target=\"_blank\" rel=\"noopener\">hemsidan f\u00f6r dansboken<\/a>.<\/p>\n<p>Uppst\u00e4llning med fyra par i fyrkant (kontradans\/kadrilj).<\/p>\n<p>1-8\u00a0\u00a0\u00a0\u00a0\u00a0\u00a0\u00a0\u00a0\u00a0\u00a0\u00a0\u00a0\u00a0\u00a0\u00a0 Stor rond med chass\u00e9steg och en avslutande Pas de riguadon.<\/p>\n<p>1-8\u00a0\u00a0\u00a0\u00a0\u00a0\u00a0\u00a0\u00a0\u00a0\u00a0\u00a0\u00a0\u00a0\u00a0\u00a0 Dito tillbaka.<\/p>\n<p>9-12\u00a0\u00a0\u00a0\u00a0\u00a0\u00a0\u00a0\u00a0\u00a0\u00a0\u00a0\u00a0\u00a0 Premi\u00e4rparen dansar om en halv rond med sitt h\u00f6gra sekondpar s\u00e5 att paren byter plats.<\/p>\n<p>13-16\u00a0\u00a0\u00a0\u00a0\u00a0\u00a0\u00a0\u00a0\u00a0\u00a0\u00a0 Dito med n\u00e4sta h\u00f6gra sekondpar till kontraplats.<\/p>\n<p>9-12\u00a0\u00a0\u00a0\u00a0\u00a0\u00a0\u00a0\u00a0\u00a0\u00a0\u00a0\u00a0\u00a0 Dito med f\u00f6rsta sekondparet.<\/p>\n<p>13-16\u00a0\u00a0\u00a0\u00a0\u00a0\u00a0\u00a0\u00a0\u00a0\u00a0\u00a0 Dito med andra sekondparet tillbaka till utg\u00e5ngsplatsen.<\/p>\n<p>|17-24|\u00a0\u00a0\u00a0\u00a0\u00a0\u00a0\u00a0\u00a0\u00a0 Alla paren dansar parvis vals ett varv moturs. Omdansningen sker genom att kavaljeren f\u00f6rst g\u00e5r fyra steg medurs runt sin dam till n\u00e4sta kavaljerplats i uppst\u00e4llningen, medan damen trampar p\u00e5 plats. D\u00e4refter g\u00f6r damen detsamma medan kavaljeren trampar p\u00e5 plats. P\u00e5 s\u00e5 s\u00e4tt f\u00f6rflyttar sig paren runt uppst\u00e4llningen tillbaka till sin ursprungsplats.<\/p>\n<p>1-16\u00a0\u00a0\u00a0\u00a0\u00a0\u00a0\u00a0\u00a0\u00a0\u00a0\u00a0\u00a0\u00a0 Stor rond med chass\u00e9steg och en avslutande Pas de riguadon<\/p>\n","protected":false},"excerpt":{"rendered":"<p>H\u00e4r ser du medlemmar i Gustafs Sk\u00e5l och Empirs\u00e4llskapet dansa Grefve L\u00f6fvenhjelm. Fr\u00e5n dansboken Angl\u00e4ser och kadriljer, funnen i Yttermyra, Ovansj\u00f6 socken i G\u00e4strikland. Tolkad av Anna L\u00f6fgren i hennes och Vilhelm Dahll\u00f6fs dansbok Samling av svenska turer fr\u00e5n 2017. Musikfiler och noter finns p\u00e5 hemsidan f\u00f6r dansboken. Uppst\u00e4llning med fyra par i fyrkant (kontradans\/kadrilj). &hellip; <\/p>\n<p class=\"link-more\"><a href=\"https:\/\/www.xn--empirsllskapet-bib.se\/index.php\/dans\/grefve-lofvenhjelm\/\" class=\"more-link\">Forts\u00e4tt l\u00e4sa<span class=\"screen-reader-text\"> \u201dGrefve L\u00f6fvenhjelm\u201d<\/span><\/a><\/p>\n","protected":false},"author":1,"featured_media":0,"parent":11,"menu_order":0,"comment_status":"closed","ping_status":"closed","template":"","meta":{"footnotes":""},"class_list":["post-58","page","type-page","status-publish","hentry"],"_links":{"self":[{"href":"https:\/\/www.xn--empirsllskapet-bib.se\/index.php\/wp-json\/wp\/v2\/pages\/58","targetHints":{"allow":["GET"]}}],"collection":[{"href":"https:\/\/www.xn--empirsllskapet-bib.se\/index.php\/wp-json\/wp\/v2\/pages"}],"about":[{"href":"https:\/\/www.xn--empirsllskapet-bib.se\/index.php\/wp-json\/wp\/v2\/types\/page"}],"author":[{"embeddable":true,"href":"https:\/\/www.xn--empirsllskapet-bib.se\/index.php\/wp-json\/wp\/v2\/users\/1"}],"replies":[{"embeddable":true,"href":"https:\/\/www.xn--empirsllskapet-bib.se\/index.php\/wp-json\/wp\/v2\/comments?post=58"}],"version-history":[{"count":5,"href":"https:\/\/www.xn--empirsllskapet-bib.se\/index.php\/wp-json\/wp\/v2\/pages\/58\/revisions"}],"predecessor-version":[{"id":348,"href":"https:\/\/www.xn--empirsllskapet-bib.se\/index.php\/wp-json\/wp\/v2\/pages\/58\/revisions\/348"}],"up":[{"embeddable":true,"href":"https:\/\/www.xn--empirsllskapet-bib.se\/index.php\/wp-json\/wp\/v2\/pages\/11"}],"wp:attachment":[{"href":"https:\/\/www.xn--empirsllskapet-bib.se\/index.php\/wp-json\/wp\/v2\/media?parent=58"}],"curies":[{"name":"wp","href":"https:\/\/api.w.org\/{rel}","templated":true}]}}