{"id":67,"date":"2018-02-17T14:44:09","date_gmt":"2018-02-17T13:44:09","guid":{"rendered":"http:\/\/www.xn--empirsllskapet-bib.se\/?page_id=67"},"modified":"2018-12-07T15:58:56","modified_gmt":"2018-12-07T14:58:56","slug":"anglais","status":"publish","type":"page","link":"https:\/\/www.xn--empirsllskapet-bib.se\/index.php\/dans\/anglais\/","title":{"rendered":"Anglais"},"content":{"rendered":"<p>Tolkad av Anna L\u00f6fgren i hennes och Vilhelm Dahll\u00f6fs dansbok <em>Samling av svenska turer<\/em> fr\u00e5n 2017. Musikfiler och noter finns p\u00e5 <a href=\"http:\/\/www.dahll\u00f6f.se\/Dansbok\/\" target=\"_blank\" rel=\"noopener\">hemsidan f\u00f6r dansboken<\/a>.<\/p>\n<p><em>Uppst\u00e4llning<\/em>: L\u00e5ngdans, parvis p\u00e5 led. Paren delas in i \u201cettor\u201d och \u201dtv\u00e5or\u201d, med b\u00f6rjan fr\u00e5n det f\u00f6rsta paret. Ettorna dansar med de bakomvarande tv\u00e5orna och f\u00e5r nya tv\u00e5or att dansa med n\u00e4r progression sker. Dansas med g\u00e5ngsteg.<\/p>\n<p>1 \u2013 8\u00a0\u00a0\u00a0\u00a0\u00a0\u00a0\u00a0\u00a0\u00a0\u00a0\u00a0\u00a0 Ettorna och tv\u00e5orna g\u00f6r f\u00f6rst 8 steg h\u00f6gerhandskors och sen 16 steg v\u00e4nsterhandskors med varandra.<\/p>\n<p>1 \u2013 8\u00a0\u00a0\u00a0\u00a0\u00a0\u00a0\u00a0\u00a0\u00a0\u00a0\u00a0\u00a0 Ettorna och tv\u00e5orna g\u00f6r v\u00e4nsterhandskors med varandra, 8 steg tillbaka till plats.<\/p>\n<p>9 \u2013 16\u00a0\u00a0\u00a0\u00a0\u00a0\u00a0\u00a0\u00a0\u00a0\u00a0 Ettorna fattar hand och vandrar ner mellan tv\u00e5orna och tv\u00e5orna f\u00f6ljer efter, 8 steg.<\/p>\n<p>9 \u2013 16\u00a0\u00a0\u00a0\u00a0\u00a0\u00a0\u00a0\u00a0\u00a0\u00a0 B\u00e5da paren v\u00e4nder och promenerar tillbaka, 8 steg. Paren har d\u00e4rmed bytt plats, d.v.s. progression har skett s\u00e5 att ettorna f\u00e5r nya tv\u00e5or att dansa med.<\/p>\n","protected":false},"excerpt":{"rendered":"<p>Tolkad av Anna L\u00f6fgren i hennes och Vilhelm Dahll\u00f6fs dansbok Samling av svenska turer fr\u00e5n 2017. Musikfiler och noter finns p\u00e5 hemsidan f\u00f6r dansboken. Uppst\u00e4llning: L\u00e5ngdans, parvis p\u00e5 led. Paren delas in i \u201cettor\u201d och \u201dtv\u00e5or\u201d, med b\u00f6rjan fr\u00e5n det f\u00f6rsta paret. Ettorna dansar med de bakomvarande tv\u00e5orna och f\u00e5r nya tv\u00e5or att dansa med &hellip; <\/p>\n<p class=\"link-more\"><a href=\"https:\/\/www.xn--empirsllskapet-bib.se\/index.php\/dans\/anglais\/\" class=\"more-link\">Forts\u00e4tt l\u00e4sa<span class=\"screen-reader-text\"> \u201dAnglais\u201d<\/span><\/a><\/p>\n","protected":false},"author":1,"featured_media":0,"parent":11,"menu_order":0,"comment_status":"closed","ping_status":"closed","template":"","meta":{"footnotes":""},"class_list":["post-67","page","type-page","status-publish","hentry"],"_links":{"self":[{"href":"https:\/\/www.xn--empirsllskapet-bib.se\/index.php\/wp-json\/wp\/v2\/pages\/67","targetHints":{"allow":["GET"]}}],"collection":[{"href":"https:\/\/www.xn--empirsllskapet-bib.se\/index.php\/wp-json\/wp\/v2\/pages"}],"about":[{"href":"https:\/\/www.xn--empirsllskapet-bib.se\/index.php\/wp-json\/wp\/v2\/types\/page"}],"author":[{"embeddable":true,"href":"https:\/\/www.xn--empirsllskapet-bib.se\/index.php\/wp-json\/wp\/v2\/users\/1"}],"replies":[{"embeddable":true,"href":"https:\/\/www.xn--empirsllskapet-bib.se\/index.php\/wp-json\/wp\/v2\/comments?post=67"}],"version-history":[{"count":5,"href":"https:\/\/www.xn--empirsllskapet-bib.se\/index.php\/wp-json\/wp\/v2\/pages\/67\/revisions"}],"predecessor-version":[{"id":317,"href":"https:\/\/www.xn--empirsllskapet-bib.se\/index.php\/wp-json\/wp\/v2\/pages\/67\/revisions\/317"}],"up":[{"embeddable":true,"href":"https:\/\/www.xn--empirsllskapet-bib.se\/index.php\/wp-json\/wp\/v2\/pages\/11"}],"wp:attachment":[{"href":"https:\/\/www.xn--empirsllskapet-bib.se\/index.php\/wp-json\/wp\/v2\/media?parent=67"}],"curies":[{"name":"wp","href":"https:\/\/api.w.org\/{rel}","templated":true}]}}