{"id":69,"date":"2018-02-17T14:45:59","date_gmt":"2018-02-17T13:45:59","guid":{"rendered":"http:\/\/www.xn--empirsllskapet-bib.se\/?page_id=69"},"modified":"2018-02-18T15:16:39","modified_gmt":"2018-02-18T14:16:39","slug":"shrewsbury-lasses","status":"publish","type":"page","link":"https:\/\/www.xn--empirsllskapet-bib.se\/index.php\/dans\/shrewsbury-lasses\/","title":{"rendered":"Shrewsbury Lasses"},"content":{"rendered":"<p><strong><a title=\"\" href=\"http:\/\/www.youtube.com\/watch?v=Wpyl54cXFPk&amp;amp;feature=youtu.be\" target=\"_blank\" rel=\"noopener\">H\u00e4r ser du Empirs\u00e4llskapet dansa Shrewsbury Lasses<\/a><\/strong><br \/>\n<em>Uppst\u00e4llning:<\/em> Parvis f\u00f6r l\u00e5ngdans i grupper om tre par (1:or, 2:or och 3:or).<\/p>\n<p><em>Musik:<\/em>\u00a0Fyrtakt. I beskrivningen anges antalet taktslag som anv\u00e4nds f\u00f6re varje steg som beskrivs. H\u00e4r finns n\u00e5gra exempel p\u00e5 noter:<br \/>\n<a href=\"http:\/\/abcnotation.com\/tunePage?a=trillian.mit.edu\/~jc\/music\/abc\/England\/tune\/ShrewsburyLasses\/0000\" target=\"_blank\" rel=\"noopener\">H\u00e4r hittar du noter med melodi och ackord<\/a><\/p>\n<p><strong><em>Takt\u00a0 Turer<\/em><\/strong><\/p>\n<p><em>1-8<\/em>\u00a0 \u00a0Herre 1 trippar fram och h\u00e4lsar med en bugning p\u00e5 dam 2.<br \/>\n<em>1-8<\/em>\u00a0 \u00a0Fattar sedan hennes h\u00e4nder och g\u00f6r ett varvs omdansning tillbaka till sin egen plats. <em>1-16<\/em>\u00a0 \u00a0Dam 1 g\u00f6r detsamma med herre 2, men nickar ist\u00e4llet f\u00f6r att buga.<\/p>\n<p><em>1-4<\/em>\u00a0 \u00a0Par 1 g\u00f6r castout s\u00e5 att de hamnar som mittenpar, dvs nedanf\u00f6r 2:orna.<br \/>\n<em>1-8<\/em>\u00a0 \u00a0Par 1\u00a0bildar en cirkel tillsammans med par 3 och g\u00e5r runt ett varv.<br \/>\n<em>1-12<\/em>\u00a0 \u00a0N\u00e4r cirkeln avslutas forts\u00e4tter par 1 i cirkelns dansriktning s\u00e5 att herre 1 g\u00e5r upp\u00e5t i dansriktningen och rundar par 2, medan dam 1 g\u00e5r ned\u00e5t i dansriktningen och\u00a0rundar par 3. De avslutar med att m\u00f6tas mittemot varandra emellan par 2 och 3 och byta plats ansikte mot ansikte.<\/p>\n<p><em>1-4<\/em>\u00a0 \u00a0Par 3 g\u00f6r castout s\u00e5 att de hamnar som mittenpar.<br \/>\n<em>1-8<\/em>\u00a0 \u00a0Par 3 bildar en cirkel tillsammans med par 2 och g\u00e5r runt ett varv.<br \/>\n<em>1-12<\/em>\u00a0 \u00a0N\u00e4r cirkeln avslutas forts\u00e4tter par 3 i cirkelns dansriktning s\u00e5 att herre 3 g\u00e5r upp\u00e5t i dansriktningen och rundar par 2, medan dam 3 g\u00e5r ned\u00e5t i dansriktningen och\u00a0rundar par 1. De avslutar med att m\u00f6tas mittemot varandra emellan par 1 och 2 och byta plats ansikte mot ansikte.<\/p>\n<p>D\u00e4refter b\u00f6rjar dansen om. Paren byter d\u00e5\u00a0nummer s\u00e5 att 2:orna som nu st\u00e5r l\u00e4ngst fram blir 1:or, 3:orna som st\u00e5r i mitten blir 2:or och 1:orna som st\u00e5r l\u00e4ngst ner i ledet blir 3:or.<\/p>\n<p>Forts\u00e4tt att upprepa hela dansen enligt detta m\u00f6nster. P\u00e5 s\u00e5 s\u00e4tt f\u00e5r alla v\u00e4xla mellan att dansa 1:or, 2:or och 3:or.<\/p>\n","protected":false},"excerpt":{"rendered":"<p>H\u00e4r ser du Empirs\u00e4llskapet dansa Shrewsbury Lasses Uppst\u00e4llning: Parvis f\u00f6r l\u00e5ngdans i grupper om tre par (1:or, 2:or och 3:or). Musik:\u00a0Fyrtakt. I beskrivningen anges antalet taktslag som anv\u00e4nds f\u00f6re varje steg som beskrivs. H\u00e4r finns n\u00e5gra exempel p\u00e5 noter: H\u00e4r hittar du noter med melodi och ackord Takt\u00a0 Turer 1-8\u00a0 \u00a0Herre 1 trippar fram och &hellip; <\/p>\n<p class=\"link-more\"><a href=\"https:\/\/www.xn--empirsllskapet-bib.se\/index.php\/dans\/shrewsbury-lasses\/\" class=\"more-link\">Forts\u00e4tt l\u00e4sa<span class=\"screen-reader-text\"> \u201dShrewsbury Lasses\u201d<\/span><\/a><\/p>\n","protected":false},"author":1,"featured_media":0,"parent":11,"menu_order":0,"comment_status":"closed","ping_status":"closed","template":"","meta":{"footnotes":""},"class_list":["post-69","page","type-page","status-publish","hentry"],"_links":{"self":[{"href":"https:\/\/www.xn--empirsllskapet-bib.se\/index.php\/wp-json\/wp\/v2\/pages\/69","targetHints":{"allow":["GET"]}}],"collection":[{"href":"https:\/\/www.xn--empirsllskapet-bib.se\/index.php\/wp-json\/wp\/v2\/pages"}],"about":[{"href":"https:\/\/www.xn--empirsllskapet-bib.se\/index.php\/wp-json\/wp\/v2\/types\/page"}],"author":[{"embeddable":true,"href":"https:\/\/www.xn--empirsllskapet-bib.se\/index.php\/wp-json\/wp\/v2\/users\/1"}],"replies":[{"embeddable":true,"href":"https:\/\/www.xn--empirsllskapet-bib.se\/index.php\/wp-json\/wp\/v2\/comments?post=69"}],"version-history":[{"count":4,"href":"https:\/\/www.xn--empirsllskapet-bib.se\/index.php\/wp-json\/wp\/v2\/pages\/69\/revisions"}],"predecessor-version":[{"id":262,"href":"https:\/\/www.xn--empirsllskapet-bib.se\/index.php\/wp-json\/wp\/v2\/pages\/69\/revisions\/262"}],"up":[{"embeddable":true,"href":"https:\/\/www.xn--empirsllskapet-bib.se\/index.php\/wp-json\/wp\/v2\/pages\/11"}],"wp:attachment":[{"href":"https:\/\/www.xn--empirsllskapet-bib.se\/index.php\/wp-json\/wp\/v2\/media?parent=69"}],"curies":[{"name":"wp","href":"https:\/\/api.w.org\/{rel}","templated":true}]}}