{"id":80,"date":"2018-02-17T14:48:17","date_gmt":"2018-02-17T13:48:17","guid":{"rendered":"http:\/\/www.xn--empirsllskapet-bib.se\/?page_id=80"},"modified":"2018-12-07T16:03:23","modified_gmt":"2018-12-07T15:03:23","slug":"mr-beveridges-maggot","status":"publish","type":"page","link":"https:\/\/www.xn--empirsllskapet-bib.se\/index.php\/dans\/mr-beveridges-maggot\/","title":{"rendered":"Mr Beveridge&#8217;s Maggot"},"content":{"rendered":"<p><strong><a title=\" target=\" href=\"http:\/\/www.youtube.com\/watch?v=1fYEsGl3PkU\" target=\"_blank\" rel=\"noopener\">H\u00e4r ser du Empirs\u00e4llskapet dansa Mr Beveridge&#8217;s Maggot<\/a><\/strong><\/p>\n<p><em> Musik:<\/em> Tretakt. I beskrivningen anges antalet taktslag som anv\u00e4nds f\u00f6re varje steg som beskrivs. H\u00e4r finns n\u00e5gra exempel p\u00e5 noter:<br \/>\n<a title=\" target=\" href=\"http:\/\/www.chezfred.org.uk\/freds\/music\/tunes\/playford.pdf\/mr.beveridge.pdf\" target=\"_blank\" rel=\"noopener\">H\u00e4r hittar du noter med ackord och melodi<\/a><br \/>\n<a title=\" target=\" href=\"http:\/\/www.pemberley.com\/\/images\/maggot1.gif\" target=\"_blank\" rel=\"noopener\">H\u00e4r hittar du noter med l\u00e4ttare pianoarrangemang<\/a><br \/>\n<a title=\" target=\" href=\"http:\/\/www.pemberley.com\/\/images\/maggot2.gif\" target=\"_blank\" rel=\"noopener\">H\u00e4r hittar du noter med mer avancerat pianoarrangemang<\/a><\/p>\n<p>Musikfiler och noter finns \u00e4ven p\u00e5 <a href=\"http:\/\/www.dahll\u00f6f.se\/Dansbok\/\">hemsidan f\u00f6r Anna L\u00f6fgrens och Vilhelm Dahll\u00f6fs dansbok<\/a>.<\/p>\n<p><em>Uppst\u00e4llning<\/em>: L\u00e5ngdans, parvis p\u00e5 led. Paren delas in i \u201cettor\u201d och \u201dtv\u00e5or\u201d, med b\u00f6rjan fr\u00e5n det f\u00f6rsta paret. Ettorna dansar med de bakomvarande tv\u00e5orna och f\u00e5r nya tv\u00e5or att dansa med n\u00e4r progression sker. Dansas med g\u00e5ngsteg.\u00a0Alla beskrivna steg nedan utg\u00e5r ifr\u00e5n ettorna, om inte annat anges.<\/p>\n<p><em>1-6<\/em>\u00a0\u00a0 Byt plats med ansiktena mot varandra (6 steg)<br \/>\n<em>1-6<\/em>\u00a0\u00a0\u00a0Rygg-om-rygg med tv\u00e5orna (6 steg)<br \/>\n<em>1-3<\/em>\u00a0\u00a0\u00a0Snurr p\u00e5 st\u00e4llet (3 steg) genom att v\u00e4nda sig in\u00e5t och fram\u00e5t i dansriktningen. Tryck is\u00e4r med inre handen.<br \/>\n<em>1-3<\/em>\u00a0 \u00a0M\u00f6t tv\u00e5orna med andra handen (\u00e4n den som ni just anv\u00e4nde) och tv\u00e5orna anv\u00e4nder samma hand. Byt plats p\u00e5 3 steg, ettorna g\u00e5r ytterst.<br \/>\n<em>1-6<\/em>\u00a0\u00a0\u00a0M\u00f6ts med den hand som inte anv\u00e4ndes just och g\u00e5 in mellan tv\u00e5orna. Damen g\u00e5r lite f\u00f6re herren och passerar in framf\u00f6r honom (utan att sl\u00e4ppa handen)\u00a0s\u00e5 att hon hamnar framf\u00f6r dam 2 (6 steg)<br \/>\n<em>1-6<\/em>\u00a0\u00a0\u00a0Byt plats igen med damen p\u00e5 insidan, sl\u00e4pp handen och runda\u00a0tv\u00e5orna (6 steg). Samtidigt g\u00f6r 2:orna en rygg om rygg p\u00e5 6 steg.<br \/>\n<em>1-6<\/em>\u00a0\u00a0\u00a0M\u00f6ts bakom tv\u00e5orna och g\u00f6r en rygg-om-rygg med varandra\u00a0(6 steg). Samtidigt g\u00f6r tv\u00e5orna en omkastning s\u00e5 att de ansluter utanf\u00f6r ettorna och bildar ett gemensamt led fram\u00e5t i dansriktningen.<br \/>\n<em>1-6<\/em>\u00a0\u00a0 Alla tar tre steg fram och tre steg bak<br \/>\n<em>1-6<\/em>\u00a0\u00a0\u00a0Ettorna g\u00f6r en \u00f6verkorsande omkastning, d\u00e4r damen\u00a0g\u00e5r in framf\u00f6r herren och korsar hans bana. B\u00e5da rundar tv\u00e5orna p\u00e5 utsidan.\u00a0Tv\u00e5orna g\u00e5r samtidigt ihop och fram\u00e5t.<\/p>\n<p>D\u00e4refter b\u00f6rjar dansen om mellan nya ettor och tv\u00e5or. Ettorna vandrar ned\u00e5t i ledet, och tv\u00e5orna upp\u00e5t. N\u00e4r ett par kommit till \u00e4nden av ledet f\u00e5r de st\u00e5 \u00f6ver en tur, och kommer d\u00e4refter \u00e5ter in i dansen som den andra sorten (ettorna\u00a0blir tv\u00e5or, och tv\u00e5orna ettor).<\/p>\n","protected":false},"excerpt":{"rendered":"<p>H\u00e4r ser du Empirs\u00e4llskapet dansa Mr Beveridge&#8217;s Maggot Musik: Tretakt. I beskrivningen anges antalet taktslag som anv\u00e4nds f\u00f6re varje steg som beskrivs. H\u00e4r finns n\u00e5gra exempel p\u00e5 noter: H\u00e4r hittar du noter med ackord och melodi H\u00e4r hittar du noter med l\u00e4ttare pianoarrangemang H\u00e4r hittar du noter med mer avancerat pianoarrangemang Musikfiler och noter finns &hellip; <\/p>\n<p class=\"link-more\"><a href=\"https:\/\/www.xn--empirsllskapet-bib.se\/index.php\/dans\/mr-beveridges-maggot\/\" class=\"more-link\">Forts\u00e4tt l\u00e4sa<span class=\"screen-reader-text\"> \u201dMr Beveridge&#8217;s Maggot\u201d<\/span><\/a><\/p>\n","protected":false},"author":1,"featured_media":0,"parent":11,"menu_order":0,"comment_status":"closed","ping_status":"closed","template":"","meta":{"footnotes":""},"class_list":["post-80","page","type-page","status-publish","hentry"],"_links":{"self":[{"href":"https:\/\/www.xn--empirsllskapet-bib.se\/index.php\/wp-json\/wp\/v2\/pages\/80","targetHints":{"allow":["GET"]}}],"collection":[{"href":"https:\/\/www.xn--empirsllskapet-bib.se\/index.php\/wp-json\/wp\/v2\/pages"}],"about":[{"href":"https:\/\/www.xn--empirsllskapet-bib.se\/index.php\/wp-json\/wp\/v2\/types\/page"}],"author":[{"embeddable":true,"href":"https:\/\/www.xn--empirsllskapet-bib.se\/index.php\/wp-json\/wp\/v2\/users\/1"}],"replies":[{"embeddable":true,"href":"https:\/\/www.xn--empirsllskapet-bib.se\/index.php\/wp-json\/wp\/v2\/comments?post=80"}],"version-history":[{"count":8,"href":"https:\/\/www.xn--empirsllskapet-bib.se\/index.php\/wp-json\/wp\/v2\/pages\/80\/revisions"}],"predecessor-version":[{"id":319,"href":"https:\/\/www.xn--empirsllskapet-bib.se\/index.php\/wp-json\/wp\/v2\/pages\/80\/revisions\/319"}],"up":[{"embeddable":true,"href":"https:\/\/www.xn--empirsllskapet-bib.se\/index.php\/wp-json\/wp\/v2\/pages\/11"}],"wp:attachment":[{"href":"https:\/\/www.xn--empirsllskapet-bib.se\/index.php\/wp-json\/wp\/v2\/media?parent=80"}],"curies":[{"name":"wp","href":"https:\/\/api.w.org\/{rel}","templated":true}]}}