{"id":86,"date":"2018-02-17T15:00:03","date_gmt":"2018-02-17T14:00:03","guid":{"rendered":"http:\/\/www.xn--empirsllskapet-bib.se\/?page_id=86"},"modified":"2018-02-18T14:21:48","modified_gmt":"2018-02-18T13:21:48","slug":"grimstock","status":"publish","type":"page","link":"https:\/\/www.xn--empirsllskapet-bib.se\/index.php\/dans\/grimstock\/","title":{"rendered":"Grimstock"},"content":{"rendered":"<p><strong><a title=\"Grimstock, dansbeskrivning\" href=\"http:\/\/www.youtube.com\/watch?v=_aHEU5WbB0I\" target=\"_blank\">H\u00e4r ser du Empirs\u00e4llskapet dansa Grimstock<\/a><\/strong><\/p>\n<p><em>Musik:<\/em>\u00a0Fyrtakt. I beskrivningen anges antalet taktslag som anv\u00e4nds f\u00f6re varje steg som beskrivs. H\u00e4r finns n\u00e5gra exempel p\u00e5 noter:<br \/>\n<a title=\"Melodi och pianoarrangemang\" href=\"http:\/\/round.soc.srcf.net\/files\/grimstock.pdf\" target=\"_blank\">H\u00e4r hittar du noter med melodi och pianoarrangemang<\/a><\/p>\n<p><i>Uppst\u00e4llning: <\/i>Longways, parvis p\u00e5 led. Paren delas in i grupper med \u201cettor\u201d, \u201dtv\u00e5or\u201d och \u201dtreor\u201d som bara dansar med varandra inom gruppen, \u00e4ven om flera grupper kan st\u00e5 efter varandra.<\/p>\n<p><i>Allm\u00e4nt:<\/i> Dansen dansas i verser och refr\u00e4nger, med verserna up, sidings, armings och sedan up igen (en s\u00e5 kallad \u201dUSA\u201d-dans). Varje vers delas in i halva steg med set and turn efter (v\u00e4nster h\u00f6ger snurr f\u00f6rsta g\u00e5ngen och h\u00f6ger v\u00e4nster snurr andra g\u00e5ngen). Refr\u00e4ngen varieras f\u00f6r varje vers (samma f\u00f6r vers 1 och 4), men bygger p\u00e5 liknande system. En minnesregel till refr\u00e4ngen \u00e4r att varje g\u00e5ng ett par v\u00e4nder s\u00e5 g\u00e5r de f\u00f6rst emellan det f\u00f6rsta m\u00f6tande paret, och runt om paret efter, f\u00f6r att sedan v\u00e4nda igen. Detta g\u00f6rs dock p\u00e5 3 olika s\u00e4tt.<\/p>\n<p>Vers 1:<br \/>\n1-8 \u00a0\u00a0Alla tar ett dubbelsteg fram\u00e5t och ett dubbelsteg bak\u00e5t (upp\u00e5t i dansriktningen)<br \/>\n1-8 \u00a0\u00a0V\u00e4nster, h\u00f6ger, snurr med egen partner.<br \/>\n1-16 \u00a0\u00a0Dessa steg upprepas, fast\u00a0h\u00f6ger v\u00e4nster snurr andra g\u00e5ngen<\/p>\n<p>Refr\u00e4ng 1:<br \/>\n1-4 \u00a0\u00a0Par 1 v\u00e4nder sig ner mot dansriktningen, fattar hand och g\u00e5r emellan par 2, samtidigt som par 2 och par 3 g\u00e5r upp\u00e5t i dansriktningen. Par 2 hamnar p\u00e5 s\u00e5 s\u00e4tt l\u00e4ngst fram.<br \/>\n1-4 \u00a0\u00a0Par 2 v\u00e4nder sig ner\u00e5t i dansriktningen, fattar hand och b\u00f6rjar g\u00e5 ner\u00e5t. Samtidigt g\u00e5r par 1 is\u00e4r runt m\u00f6tande par 3 som forts\u00e4tter upp\u00e5t och m\u00f6ter par 2 som g\u00e5r emellan par 3, eftersom par 2 just har v\u00e4nt.<br \/>\n1-4\u00a0\u00a0 Par 1 v\u00e4nder upp\u00e5t samtidigt som par 3 v\u00e4nder ner\u00e5t. Par 2 forts\u00e4tter ner\u00e5t i dansriktning m\u00f6ter par 1, som g\u00e5r emellan par 2 eftersom par 1 just har v\u00e4nt. Par 3 g\u00e5r ner\u00e5t i dansriktningen tills de m\u00f6ter par 1 som just har g\u00e5tt emellan par 2. Par 3 b\u00f6rjar g\u00e5 emellan par 1 eftersom par 3 just har v\u00e4nt.<br \/>\n1-4\u00a0\u00a0 Par 2 v\u00e4nder upp\u00e5t samtidigt som par 3 avslutar sin passage genom par 1. Par 2 g\u00e5r sedan igenom par 3, eftersom par 2 just har v\u00e4nt, f\u00f6r att \u00e5terv\u00e4nda till sin startposition. Par 1 forts\u00e4tter upp\u00e5t och \u00e5tertar sin startposition. Par 3 forts\u00e4tter samtidigt f\u00f6rbi par 2 till sin startposition.<\/p>\n<p>Vers 2:<br \/>\n1-8 \u00a0\u00a0Alla g\u00f6r en halv sidings med egen partner (g\u00e5 till h\u00f6ger).<br \/>\n1-8 \u00a0\u00a0V\u00e4nster, h\u00f6ger, snurr med egen partner.<br \/>\n1-16 \u00a0\u00a0Dessa steg upprepas med en v\u00e4nster sidings och efterf\u00f6ljande\u00a0h\u00f6ger v\u00e4nster snurr.<\/p>\n<p>Refr\u00e4ng 2:<br \/>\nSamma som refr\u00e4ng 1, men med variationen att alla fattar hand med sin partner och att v\u00e4ndande par g\u00e5r under de m\u00f6tandes armar, som genom ett valv, ist\u00e4llet f\u00f6r att separera paret.<\/p>\n<p>Vers 3:<br \/>\n1-8 \u00a0\u00a0Alla g\u00f6r en halv arming med egen partner (h\u00f6ger arm, tillbaka till egen plats).<br \/>\n1-8 \u00a0\u00a0V\u00e4nster, h\u00f6ger, snurr med egen partner.<br \/>\n1-16 \u00a0\u00a0Dessa steg upprepas med en v\u00e4nster arming och efterf\u00f6ljande h\u00f6ger v\u00e4nster snurr.<\/p>\n<p>Refr\u00e4ng 3:<br \/>\n<i>Refr\u00e4ng 3 g\u00e5r till p\u00e5 samma s\u00e4tt som refr\u00e4ng 1, f\u00f6rutom att par 1 byter plats med varandra n\u00e4r de har v\u00e4nt och ska passera igenom m\u00f6tande par. Damen passerar in framf\u00f6r herren \u00e5t h\u00f6ger. Par 2 och 3 dansar som i refr\u00e4ng 1.<\/i><\/p>\n<p>1-4 \u00a0\u00a0Par 1 v\u00e4nder sig ner mot dansriktningen, fattar hand och herren (som st\u00e5r till h\u00f6ger om damen) f\u00f6r henne snett framf\u00f6r sig s\u00e5 att ettorna byter plats med varandra medan de g\u00e5r innanf\u00f6r det m\u00f6tande par 2. Samtidigt g\u00e5r par 2 och par 3 upp\u00e5t i dansriktningen. Par 2 hamnar p\u00e5 s\u00e5 s\u00e4tt l\u00e4ngst fram.<br \/>\n1-4 \u00a0\u00a0Par 2 v\u00e4nder sig ner\u00e5t i dansriktningen, fattar hand och b\u00f6rjar g\u00e5 ner\u00e5t. Samtidigt forts\u00e4tter par 1 (som har gjort en cross over) is\u00e4r runt m\u00f6tande par 3 som forts\u00e4tter upp\u00e5t och m\u00f6ter par 2 som g\u00e5r emellan par 3 som i refr\u00e4ng 1 (eftersom par 2 just har v\u00e4nt).<br \/>\n1-4\u00a0\u00a0 Par 1 v\u00e4nder upp\u00e5t samtidigt som par 3 v\u00e4nder ner\u00e5t. Par 2 forts\u00e4tter ner\u00e5t i dansriktning m\u00f6ter par 1, som g\u00e5r emellan par 2 genom att damen f\u00f6rs snett f\u00f6re s\u00e5 att ettorna byter plats med varandra medan de g\u00e5r. Par 3 g\u00e5r ner\u00e5t i dansriktningen tills de m\u00f6ter par 1 som just har g\u00e5tt emellan par 2. Par 3 b\u00f6rjar g\u00e5 emellan par 1 eftersom par 3 just har v\u00e4nt.<br \/>\n1-4\u00a0\u00a0 Par 2 v\u00e4nder upp\u00e5t samtidigt som par 3 avslutar sin passage genom par 1. Par 2 g\u00e5r sedan igenom par 3, eftersom par 2 just har v\u00e4nt, f\u00f6r att \u00e5terv\u00e4nda till sin startposition. Par 1 forts\u00e4tter upp\u00e5t och \u00e5tertar sin startposition. Par 3 forts\u00e4tter samtidigt f\u00f6rbi par 2 till sin startposition.<\/p>\n","protected":false},"excerpt":{"rendered":"<p>H\u00e4r ser du Empirs\u00e4llskapet dansa Grimstock Musik:\u00a0Fyrtakt. I beskrivningen anges antalet taktslag som anv\u00e4nds f\u00f6re varje steg som beskrivs. H\u00e4r finns n\u00e5gra exempel p\u00e5 noter: H\u00e4r hittar du noter med melodi och pianoarrangemang Uppst\u00e4llning: Longways, parvis p\u00e5 led. Paren delas in i grupper med \u201cettor\u201d, \u201dtv\u00e5or\u201d och \u201dtreor\u201d som bara dansar med varandra inom gruppen, &hellip; <\/p>\n<p class=\"link-more\"><a href=\"https:\/\/www.xn--empirsllskapet-bib.se\/index.php\/dans\/grimstock\/\" class=\"more-link\">Forts\u00e4tt l\u00e4sa<span class=\"screen-reader-text\"> \u201dGrimstock\u201d<\/span><\/a><\/p>\n","protected":false},"author":1,"featured_media":0,"parent":11,"menu_order":0,"comment_status":"closed","ping_status":"closed","template":"","meta":{"footnotes":""},"class_list":["post-86","page","type-page","status-publish","hentry"],"_links":{"self":[{"href":"https:\/\/www.xn--empirsllskapet-bib.se\/index.php\/wp-json\/wp\/v2\/pages\/86","targetHints":{"allow":["GET"]}}],"collection":[{"href":"https:\/\/www.xn--empirsllskapet-bib.se\/index.php\/wp-json\/wp\/v2\/pages"}],"about":[{"href":"https:\/\/www.xn--empirsllskapet-bib.se\/index.php\/wp-json\/wp\/v2\/types\/page"}],"author":[{"embeddable":true,"href":"https:\/\/www.xn--empirsllskapet-bib.se\/index.php\/wp-json\/wp\/v2\/users\/1"}],"replies":[{"embeddable":true,"href":"https:\/\/www.xn--empirsllskapet-bib.se\/index.php\/wp-json\/wp\/v2\/comments?post=86"}],"version-history":[{"count":3,"href":"https:\/\/www.xn--empirsllskapet-bib.se\/index.php\/wp-json\/wp\/v2\/pages\/86\/revisions"}],"predecessor-version":[{"id":233,"href":"https:\/\/www.xn--empirsllskapet-bib.se\/index.php\/wp-json\/wp\/v2\/pages\/86\/revisions\/233"}],"up":[{"embeddable":true,"href":"https:\/\/www.xn--empirsllskapet-bib.se\/index.php\/wp-json\/wp\/v2\/pages\/11"}],"wp:attachment":[{"href":"https:\/\/www.xn--empirsllskapet-bib.se\/index.php\/wp-json\/wp\/v2\/media?parent=86"}],"curies":[{"name":"wp","href":"https:\/\/api.w.org\/{rel}","templated":true}]}}