{"id":88,"date":"2018-02-17T15:00:34","date_gmt":"2018-02-17T14:00:34","guid":{"rendered":"http:\/\/www.xn--empirsllskapet-bib.se\/?page_id=88"},"modified":"2018-02-18T14:17:31","modified_gmt":"2018-02-18T13:17:31","slug":"gathering-peascods","status":"publish","type":"page","link":"https:\/\/www.xn--empirsllskapet-bib.se\/index.php\/dans\/gathering-peascods\/","title":{"rendered":"Gathering Peascods"},"content":{"rendered":"<p><strong><a title=\"Gathering Peascods\" href=\"http:\/\/www.youtube.com\/watch?v=Sak0FBQUTL0\" \" target=\"_blank\" >H\u00e4r ser du Empirs\u00e4llskapet dansa Gathering Peascods<\/a><\/strong><\/p>\n<p><em>Uppst\u00e4llning:<\/em> Parvis i ring<\/p>\n<p><em>Musik: <\/em>Fyrtakt. I beskrivningen anges antalet taktslag som anv\u00e4nds f\u00f6re varje steg som beskrivs. <a title=\"H\u00e4r hittar du noter med melodi och ackord\" href=\"http:\/\/abcnotation.com\/tunePage?a=trillian.mit.edu\/~jc\/music\/book\/Playford\/Gathering_Peascods\/0000\" target=\"_blank\">H\u00e4r hittar du noter med melodi och ackord<\/a><\/p>\n<p>Vers 1:<br \/>\n<em>1-3<\/em>\u00a0 2 dubbelsteg v\u00e4nster, snurr v\u00e4nster<br \/>\n<em>4-6 \u00a0<\/em>2 dubbelsteg h\u00f6ger, snurr h\u00f6ger<\/p>\n<p>Refr\u00e4ng:<br \/>\n<em>7-9<\/em> \u00a0Herrar g\u00e5r in och fattar hand, skuttar \u00e5t v\u00e4nster, backar ut<br \/>\n<em>10-12<\/em> \u00a0Damer\u00a0g\u00e5r in och fattar hand, skuttar \u00e5t v\u00e4nster, backar ut bredvid sin herre<br \/>\n<em>13<\/em> \u00a0Herrar g\u00e5r in i cirkeln, hejar manligt<br \/>\n<em>14<\/em> \u00a0Herrar backar ut i cirkeln, damer g\u00e5r in i cirkeln och tjoar kvinnligt<br \/>\n<em>15<\/em> \u00a0Damer backar ut i cirkeln, herrar g\u00e5r in i cirkeln och hejar manligt<br \/>\n<em>16<\/em> \u00a0Herrar snurrar ut ur cirkeln<br \/>\n<em>17<\/em>\u00a0 Damer g\u00e5r in i cirkeln, hejar kvinnligt<br \/>\n<em><em>18<\/em>\u00a0<\/em> Damer backar ut i cirkeln, herrar g\u00e5r in i cirkeln och hejar manligt<em><br \/>\n19<\/em>\u00a0 Herrar backar ut i cirkeln, damer g\u00e5r in i cirkeln och tjoar kvinnligt<br \/>\n<em><\/em><i>20<\/i>\u00a0 Damer snurrar ut ur cirkeln13<\/p>\n<p>Vers 2:<br \/>\n<em>1-3 \u00a0<\/em>Halv siding v\u00e4nster om egen partner, snurr v\u00e4nster<br \/>\n<em>4-6 \u00a0<\/em>Halv siding h\u00f6ger om egen partner, snurr h\u00f6ger<\/p>\n<p>Refr\u00e4ng (denna g\u00e5ng b\u00f6rjar damerna)<\/p>\n<p>Vers 3:<br \/>\n<em>1-3 \u00a0<\/em>Halv arming v\u00e4nster med egen partner, snurr v\u00e4nster<br \/>\n<em>4-6 \u00a0<\/em>Halv arming h\u00f6ger med egen partner, snurr h\u00f6ger<\/p>\n<p>Refr\u00e4ng (denna g\u00e5ng b\u00f6rjar herrar)<\/p>\n<p>Om ringen \u00e4r f\u00f6r stor kan det bli sv\u00e5rt att hinna skutta runt ett helt varv i refr\u00e4ngen. Ist\u00e4llet backar herrarna ut n\u00e4r musiken \u00e4ndras, s\u00e5 f\u00e5r damerna skutta lika l\u00e5ngt och backa ut vid sin herrar (byt herrar\/damer i andra refr\u00e4ngen, f\u00f6rst\u00e5s).<\/p>\n","protected":false},"excerpt":{"rendered":"","protected":false},"author":1,"featured_media":0,"parent":11,"menu_order":0,"comment_status":"closed","ping_status":"closed","template":"","meta":{"footnotes":""},"class_list":["post-88","page","type-page","status-publish","hentry"],"_links":{"self":[{"href":"https:\/\/www.xn--empirsllskapet-bib.se\/index.php\/wp-json\/wp\/v2\/pages\/88","targetHints":{"allow":["GET"]}}],"collection":[{"href":"https:\/\/www.xn--empirsllskapet-bib.se\/index.php\/wp-json\/wp\/v2\/pages"}],"about":[{"href":"https:\/\/www.xn--empirsllskapet-bib.se\/index.php\/wp-json\/wp\/v2\/types\/page"}],"author":[{"embeddable":true,"href":"https:\/\/www.xn--empirsllskapet-bib.se\/index.php\/wp-json\/wp\/v2\/users\/1"}],"replies":[{"embeddable":true,"href":"https:\/\/www.xn--empirsllskapet-bib.se\/index.php\/wp-json\/wp\/v2\/comments?post=88"}],"version-history":[{"count":7,"href":"https:\/\/www.xn--empirsllskapet-bib.se\/index.php\/wp-json\/wp\/v2\/pages\/88\/revisions"}],"predecessor-version":[{"id":231,"href":"https:\/\/www.xn--empirsllskapet-bib.se\/index.php\/wp-json\/wp\/v2\/pages\/88\/revisions\/231"}],"up":[{"embeddable":true,"href":"https:\/\/www.xn--empirsllskapet-bib.se\/index.php\/wp-json\/wp\/v2\/pages\/11"}],"wp:attachment":[{"href":"https:\/\/www.xn--empirsllskapet-bib.se\/index.php\/wp-json\/wp\/v2\/media?parent=88"}],"curies":[{"name":"wp","href":"https:\/\/api.w.org\/{rel}","templated":true}]}}