{"id":90,"date":"2018-02-17T15:01:03","date_gmt":"2018-02-17T14:01:03","guid":{"rendered":"http:\/\/www.xn--empirsllskapet-bib.se\/?page_id=90"},"modified":"2018-02-18T14:09:45","modified_gmt":"2018-02-18T13:09:45","slug":"childgrove","status":"publish","type":"page","link":"https:\/\/www.xn--empirsllskapet-bib.se\/index.php\/dans\/childgrove\/","title":{"rendered":"Childgrove"},"content":{"rendered":"<p><strong><a title=\"Empirs\u00e4llskapet dansar Childgrove\" href=\"https:\/\/www.youtube.com\/watch?v=jWsDdQB8BjU\" target=\"_blank\">H\u00e4r ser du Empirs\u00e4llskapet dansa Childgrove<\/a><br \/>\n<\/strong><em>Uppst\u00e4llning:<\/em> Longways, parvis p\u00e5 led. Paren delas in i \u201cettor\u201d och \u201dtv\u00e5or\u201d, med b\u00f6rjan fr\u00e5n det f\u00f6rsta paret. Ettorna bildar en grupp med de bakomvarande tv\u00e5orna.\u00a0Dessa tv\u00e5 par dansar med varandra. 2:orna ska st\u00e4lla upp sig s\u00e5 att herren st\u00e5r till h\u00f6ger och damen till v\u00e4nster (improper).<\/p>\n<p><em>Musik:<\/em>\u00a0Fyrtakt. I beskrivningen anges antalet taktslag som anv\u00e4nds f\u00f6re varje steg som beskrivs. H\u00e4r finns n\u00e5gra exempel p\u00e5 noter:<br \/>\n<a title=\"Melodi och ackord\" href=\"http:\/\/www.cpmusic.com\/tradgif\/childgrv.gif\" target=\"_blank\">H\u00e4r hittar du noter med melodi och ackord<\/a><\/p>\n<p><em>1-4<\/em>\u00a0\u00a0Alla paren g\u00f6r en halv sidings v\u00e4nster om egen partner.<br \/>\n<em>5-8<\/em>\u00a0\u00a0Alla paren g\u00f6r en rygg om rygg v\u00e4nster om egen partner.<br \/>\n<em>1-8<\/em>\u00a0\u00a0Sidings och rygg om rygg upprepas med grannparet fast h\u00f6ger om (1:a med 2:a).<br \/>\n<em>1-4<\/em>\u00a0\u00a01 och ett halvt varvs skuttande tv\u00e5handsomdansning med den motsatta partnern (1:a med 2:a).<br \/>\n<em>5-8<\/em>\u00a0\u00a01 varvs l\u00e5ngsam tv\u00e5handsomdansning med den egna partnern.<br \/>\n<em>1-8<\/em>\u00a0\u00a0Par 1 bildar tv\u00e5 8:or runt 2:orna: Dam 1 g\u00e5r fram\u00e5t v\u00e4nster och passerar framf\u00f6r herre 1 och rundar dam 2. Herre 1 g\u00e5r snett till h\u00f6ger och rundar herre 2. N\u00e4r dam 1 kommit runt bakom dam 2 g\u00e5r hon in snett till h\u00f6ger och passerar framf\u00f6r herre 1 och rundar herre 2. Herre 1 g\u00e5r snett till v\u00e4nster och rundar dam 2.<\/p>\n<p>D\u00e4refter b\u00f6rjar dansen om mellan nya ettor och tv\u00e5or. Ettorna vandrar ned\u00e5t i ledet, och tv\u00e5orna upp\u00e5t. N\u00e4r ett par kommit till \u00e4nden av ledet f\u00e5r de st\u00e5 \u00f6ver en tur, och kommer d\u00e4refter \u00e5ter in i dansen som den andra sorten (ettorna\u00a0blir tv\u00e5or, och tv\u00e5orna ettor). OBS! Kom ih\u00e5g att byta plats i \u00e4nden av ledet eftersom 1:orna d\u00e5 blir improper och 2:orna blir proper.<\/p>\n","protected":false},"excerpt":{"rendered":"<p>H\u00e4r ser du Empirs\u00e4llskapet dansa Childgrove Uppst\u00e4llning: Longways, parvis p\u00e5 led. Paren delas in i \u201cettor\u201d och \u201dtv\u00e5or\u201d, med b\u00f6rjan fr\u00e5n det f\u00f6rsta paret. Ettorna bildar en grupp med de bakomvarande tv\u00e5orna.\u00a0Dessa tv\u00e5 par dansar med varandra. 2:orna ska st\u00e4lla upp sig s\u00e5 att herren st\u00e5r till h\u00f6ger och damen till v\u00e4nster (improper). Musik:\u00a0Fyrtakt. I &hellip; <\/p>\n<p class=\"link-more\"><a href=\"https:\/\/www.xn--empirsllskapet-bib.se\/index.php\/dans\/childgrove\/\" class=\"more-link\">Forts\u00e4tt l\u00e4sa<span class=\"screen-reader-text\"> \u201dChildgrove\u201d<\/span><\/a><\/p>\n","protected":false},"author":1,"featured_media":0,"parent":11,"menu_order":0,"comment_status":"closed","ping_status":"closed","template":"","meta":{"footnotes":""},"class_list":["post-90","page","type-page","status-publish","hentry"],"_links":{"self":[{"href":"https:\/\/www.xn--empirsllskapet-bib.se\/index.php\/wp-json\/wp\/v2\/pages\/90","targetHints":{"allow":["GET"]}}],"collection":[{"href":"https:\/\/www.xn--empirsllskapet-bib.se\/index.php\/wp-json\/wp\/v2\/pages"}],"about":[{"href":"https:\/\/www.xn--empirsllskapet-bib.se\/index.php\/wp-json\/wp\/v2\/types\/page"}],"author":[{"embeddable":true,"href":"https:\/\/www.xn--empirsllskapet-bib.se\/index.php\/wp-json\/wp\/v2\/users\/1"}],"replies":[{"embeddable":true,"href":"https:\/\/www.xn--empirsllskapet-bib.se\/index.php\/wp-json\/wp\/v2\/comments?post=90"}],"version-history":[{"count":5,"href":"https:\/\/www.xn--empirsllskapet-bib.se\/index.php\/wp-json\/wp\/v2\/pages\/90\/revisions"}],"predecessor-version":[{"id":222,"href":"https:\/\/www.xn--empirsllskapet-bib.se\/index.php\/wp-json\/wp\/v2\/pages\/90\/revisions\/222"}],"up":[{"embeddable":true,"href":"https:\/\/www.xn--empirsllskapet-bib.se\/index.php\/wp-json\/wp\/v2\/pages\/11"}],"wp:attachment":[{"href":"https:\/\/www.xn--empirsllskapet-bib.se\/index.php\/wp-json\/wp\/v2\/media?parent=90"}],"curies":[{"name":"wp","href":"https:\/\/api.w.org\/{rel}","templated":true}]}}