{"id":95,"date":"2018-02-17T15:04:32","date_gmt":"2018-02-17T14:04:32","guid":{"rendered":"http:\/\/www.xn--empirsllskapet-bib.se\/?page_id=95"},"modified":"2018-02-18T15:23:04","modified_gmt":"2018-02-18T14:23:04","slug":"upon-a-summers-day","status":"publish","type":"page","link":"https:\/\/www.xn--empirsllskapet-bib.se\/index.php\/dans\/upon-a-summers-day\/","title":{"rendered":"Upon a Summer&#8217;s Day"},"content":{"rendered":"<p><strong><a title=\"\" href=\"http:\/\/www.youtube.com\/watch?v=28jpKPoe6aI\" target=\"_blank\" rel=\"noopener\">H\u00e4r ser du Empirs\u00e4llskapet dansa Upon a summer&#8217;s day<\/a><br \/>\n<\/strong><em>Uppst\u00e4llning:<\/em> Longways, grupper om tre par(1:or, 2:or och 3:or).<\/p>\n<p><em>Musik:\u00a0<\/em>Fyrtakt. H\u00e4r finns ett exempel p\u00e5 noter: <a title=\"\" href=\"http:\/\/abcnotation.com\/tunePage?a=trillian.mit.edu\/~jc\/music\/abc\/England\/UponASummersDay\/0002\" target=\"_blank\" rel=\"noopener\">H\u00e4r hittar du noter med melodi och ackord<\/a><\/p>\n<p><em>Vers 1:<\/em> Dubbelsteg fram\u00e5t, dubbelsteg bak\u00e5t, enkelsteg v\u00e4nster, enkelsteg h\u00f6ger, snurr om v\u00e4nster axel<br \/>\n<em>Vers 2:<\/em> Sidings med partner, enkelsteg v\u00e4nster, enkelsteg h\u00f6ger, snurr om v\u00e4nster axel<br \/>\n<em>Vers 3:<\/em> Armings med partner, enkelsteg v\u00e4nster, enkelsteg h\u00f6ger, snurr om v\u00e4nster axel<\/p>\n<p><em>Refr\u00e4ng:<\/em><br \/>\nHerrarna och damerna v\u00e4nder upp mot varandra och bildar tv\u00e5 led<br \/>\nKort dubbelsteg in, dubbelsteg ut<br \/>\nF\u00f6rsta paret (l\u00e4ngst fram) g\u00e5r ihop och fattar hand (v\u00e4nda mot de andra) medan de resterande damerna bildar ett valv och herrarna g\u00f6r detsamma<br \/>\nPar ett g\u00e5r in mellan valven, sl\u00e4pper handen och g\u00e5r is\u00e4r genom varsitt valv<br \/>\n\u201dValven\u201d tar tv\u00e5 korta steg i dansriktningen (longways).<br \/>\nPar ett sluter upp med leden som g\u00e5r fram igen och allt upprepas f\u00f6r de b\u00e5da andra paren<\/p>\n","protected":false},"excerpt":{"rendered":"<p>H\u00e4r ser du Empirs\u00e4llskapet dansa Upon a summer&#8217;s day Uppst\u00e4llning: Longways, grupper om tre par(1:or, 2:or och 3:or). Musik:\u00a0Fyrtakt. H\u00e4r finns ett exempel p\u00e5 noter: H\u00e4r hittar du noter med melodi och ackord Vers 1: Dubbelsteg fram\u00e5t, dubbelsteg bak\u00e5t, enkelsteg v\u00e4nster, enkelsteg h\u00f6ger, snurr om v\u00e4nster axel Vers 2: Sidings med partner, enkelsteg v\u00e4nster, enkelsteg &hellip; <\/p>\n<p class=\"link-more\"><a href=\"https:\/\/www.xn--empirsllskapet-bib.se\/index.php\/dans\/upon-a-summers-day\/\" class=\"more-link\">Forts\u00e4tt l\u00e4sa<span class=\"screen-reader-text\"> \u201dUpon a Summer&#8217;s Day\u201d<\/span><\/a><\/p>\n","protected":false},"author":1,"featured_media":0,"parent":11,"menu_order":0,"comment_status":"closed","ping_status":"closed","template":"","meta":{"footnotes":""},"class_list":["post-95","page","type-page","status-publish","hentry"],"_links":{"self":[{"href":"https:\/\/www.xn--empirsllskapet-bib.se\/index.php\/wp-json\/wp\/v2\/pages\/95","targetHints":{"allow":["GET"]}}],"collection":[{"href":"https:\/\/www.xn--empirsllskapet-bib.se\/index.php\/wp-json\/wp\/v2\/pages"}],"about":[{"href":"https:\/\/www.xn--empirsllskapet-bib.se\/index.php\/wp-json\/wp\/v2\/types\/page"}],"author":[{"embeddable":true,"href":"https:\/\/www.xn--empirsllskapet-bib.se\/index.php\/wp-json\/wp\/v2\/users\/1"}],"replies":[{"embeddable":true,"href":"https:\/\/www.xn--empirsllskapet-bib.se\/index.php\/wp-json\/wp\/v2\/comments?post=95"}],"version-history":[{"count":3,"href":"https:\/\/www.xn--empirsllskapet-bib.se\/index.php\/wp-json\/wp\/v2\/pages\/95\/revisions"}],"predecessor-version":[{"id":267,"href":"https:\/\/www.xn--empirsllskapet-bib.se\/index.php\/wp-json\/wp\/v2\/pages\/95\/revisions\/267"}],"up":[{"embeddable":true,"href":"https:\/\/www.xn--empirsllskapet-bib.se\/index.php\/wp-json\/wp\/v2\/pages\/11"}],"wp:attachment":[{"href":"https:\/\/www.xn--empirsllskapet-bib.se\/index.php\/wp-json\/wp\/v2\/media?parent=95"}],"curies":[{"name":"wp","href":"https:\/\/api.w.org\/{rel}","templated":true}]}}